{"id":23361,"date":"2023-10-04T18:32:00","date_gmt":"2023-10-04T11:32:00","guid":{"rendered":"https:\/\/erialshop.com\/?post_type=product&#038;p=23361"},"modified":"2024-10-24T21:00:35","modified_gmt":"2024-10-24T14:00:35","slug":"nhan-moonstone-don-2ly","status":"publish","type":"product","link":"https:\/\/www.erialshop.com\/index.php\/product\/nhan-moonstone-don-2ly\/","title":{"rendered":"Nh\u1eabn Moonstone \u0110\u01a1n 2ly"},"content":{"rendered":"<p><strong>M\u1eabu nh\u1eabn \u0111\u01a1n c\u00f9ng \u0111\u00e1 m\u1eb7t tr\u0103ng h\u1ea1t c\u1eaft gi\u00e1c size 2ly. Nh\u1eabn x\u1ecf b\u1eb1ng c\u01b0\u1edbc tr\u1eafng c\u00f3 k\u00e8m \u0111\u1ed3 ch\u1eb7n nh\u1ecf \u1edf nh\u1eabn.<\/strong><\/p>\n<p>Size: Chu vi v\u00f2ng trong: 6cm &#8211; \u0110\u01b0\u1eddng k\u00ednh: 18mm ho\u1eb7c c\u00e1c b\u1ea1n c\u00f3 th\u1ec3 li\u00ean h\u1ec7 tr\u01b0\u1edbc v\u1edbi shop \u0111\u1ec3 \u0111\u01b0\u1ee3c t\u01b0 v\u1ea5n k\u0129 l\u01b0\u1ee1ng tr\u01b0\u1edbc khi \u0111\u1eb7t mua.<\/p>\n<p><em>L\u01b0u \u00fd: \u0111\u00e1 m\u1eb7t tr\u0103ng \u0111\u01b0\u1ee3c d\u00f9ng c\u00f3 s\u1ea3n ph\u1ea9m n\u00e0y s\u1ebd c\u00f3 l\u1eabn \u00edt t\u1ea1p ch\u1ea5t m\u00e0u \u0111en, c\u00e1c h\u1ea1t \u0111\u00e1 c\u00f3 h\u1ea1t c\u00f3 l\u1eeda xanh c\u00f3 h\u1ea1t kh\u00f4ng c\u00f3 ng\u1eabu nhi\u00ean.<\/em><\/p>\n<hr \/>\n<p><strong>H\u01b0\u1edbng d\u1eabn s\u1eed d\u1ee5ng nh\u1eabn:<\/strong><\/p>\n<p><em>1. Ch\u1ec9 \u0111eo nh\u1eabn cho ng\u00f3n v\u1eeba v\u1edbi size nh\u1eabn \u0111\u00e3 mua \u1edf shop, n\u1ebfu chuy\u1ec3n sang c\u00e1c ng\u00f3n kh\u00e1c to size h\u01a1n nh\u1eabn d\u1ec5 gi\u00e3n, \u0111\u1ee9t.<\/em><\/p>\n<p><em>2.\u00a0 \u0110eo ch\u1eadm r\u00e3i, nh\u1eb9 nh\u00e0ng, kh\u00f4ng \u0111eo nh\u1eabn l\u00e0m vi\u1ec7c n\u1eb7ng: ch\u01a1i th\u1ec3 thao, lau nh\u00e0, r\u1eeda ch\u00e9n,\u2026<\/em><\/p>\n<p><em>3. H\u1ea1n ch\u1ebf \u0111\u1ee5ng n\u01b0\u1edbc, ho\u00e1 ch\u1ea5t, m\u1ed3 h\u00f4i\u2026<\/em><\/p>\n<p><strong>P.s: \u0110\u1ec3 \u0111\u01b0\u1ee3c shop ph\u1ea3n h\u1ed3i nhanh nh\u1ea5t, c\u00e1c b\u1ea1n vui l\u00f2ng b\u1ea5m v\u00e0o n\u00fat \u201cnh\u1eafn tin qua instagram\u201d \u1edf d\u01b0\u1edbi ch\u1eef \u201cmua ngay\u201d nh\u00e9.<\/strong><\/p>\n","protected":false},"excerpt":{"rendered":"<p>M\u1eabu nh\u1eabn \u0111\u01a1n c\u00f9ng \u0111\u00e1 m\u1eb7t tr\u0103ng h\u1ea1t c\u1eaft gi\u00e1c size 2ly. Nh\u1eabn x\u1ecf b\u1eb1ng c\u01b0\u1edbc tr\u1eafng c\u00f3 k\u00e8m \u0111\u1ed3 ch\u1eb7n nh\u1ecf \u1edf nh\u1eabn. Size: Chu vi v\u00f2ng trong: 6cm &#8211; \u0110\u01b0\u1eddng k\u00ednh: 18mm ho\u1eb7c c\u00e1c b\u1ea1n c\u00f3 th\u1ec3 li\u00ean h\u1ec7 tr\u01b0\u1edbc v\u1edbi shop \u0111\u1ec3 \u0111\u01b0\u1ee3c t\u01b0 v\u1ea5n k\u0129 l\u01b0\u1ee1ng tr\u01b0\u1edbc khi \u0111\u1eb7t mua. L\u01b0u \u00fd: \u0111\u00e1 m\u1eb7t tr\u0103ng \u0111\u01b0\u1ee3c d\u00f9ng c\u00f3 s\u1ea3n ph\u1ea9m n\u00e0y s\u1ebd c\u00f3 l\u1eabn \u00edt t\u1ea1p ch\u1ea5t m\u00e0u \u0111en, c\u00e1c h\u1ea1t \u0111\u00e1 c\u00f3 h\u1ea1t c\u00f3 l\u1eeda xanh c\u00f3 h\u1ea1t kh\u00f4ng c\u00f3 ng\u1eabu nhi\u00ean. H\u01b0\u1edbng d\u1eabn s\u1eed d\u1ee5ng nh\u1eabn: 1. Ch\u1ec9 \u0111eo nh\u1eabn cho ng\u00f3n v\u1eeba v\u1edbi size nh\u1eabn \u0111\u00e3 mua \u1edf shop, n\u1ebfu chuy\u1ec3n sang c\u00e1c ng\u00f3n kh\u00e1c to size h\u01a1n nh\u1eabn d\u1ec5 gi\u00e3n, \u0111\u1ee9t. 2.\u00a0 \u0110eo ch\u1eadm r\u00e3i, nh\u1eb9 nh\u00e0ng, kh\u00f4ng \u0111eo nh\u1eabn l\u00e0m vi\u1ec7c n\u1eb7ng: ch\u01a1i th\u1ec3 thao, lau nh\u00e0, r\u1eeda ch\u00e9n,\u2026 3. H\u1ea1n ch\u1ebf \u0111\u1ee5ng n\u01b0\u1edbc, ho\u00e1 ch\u1ea5t, m\u1ed3 h\u00f4i\u2026 P.s: \u0110\u1ec3 \u0111\u01b0\u1ee3c shop ph\u1ea3n h\u1ed3i nhanh nh\u1ea5t, c\u00e1c b\u1ea1n vui l\u00f2ng b\u1ea5m v\u00e0o n\u00fat \u201cnh\u1eafn tin qua instagram\u201d \u1edf d\u01b0\u1edbi ch\u1eef \u201cmua ngay\u201d nh\u00e9.<\/p>\n","protected":false},"featured_media":23352,"comment_status":"open","ping_status":"closed","template":"","meta":[],"product_brand":[],"product_cat":[296],"product_tag":[350,349,348,347],"class_list":{"0":"post-23361","1":"product","2":"type-product","3":"status-publish","4":"has-post-thumbnail","6":"product_cat-nhan","7":"product_tag-2ly","8":"product_tag-damattrang","9":"product_tag-moonstone","10":"product_tag-nhan","11":"pa_color-white","12":"pa_fate-kim","13":"pa_fate-thuy","14":"pa_loai-da-moonstone","15":"pa_size-2-ly","17":"first","18":"instock","19":"shipping-taxable","20":"purchasable","21":"product-type-simple"},"_links":{"self":[{"href":"https:\/\/www.erialshop.com\/index.php\/wp-json\/wp\/v2\/product\/23361","targetHints":{"allow":["GET"]}}],"collection":[{"href":"https:\/\/www.erialshop.com\/index.php\/wp-json\/wp\/v2\/product"}],"about":[{"href":"https:\/\/www.erialshop.com\/index.php\/wp-json\/wp\/v2\/types\/product"}],"replies":[{"embeddable":true,"href":"https:\/\/www.erialshop.com\/index.php\/wp-json\/wp\/v2\/comments?post=23361"}],"version-history":[{"count":1,"href":"https:\/\/www.erialshop.com\/index.php\/wp-json\/wp\/v2\/product\/23361\/revisions"}],"predecessor-version":[{"id":25544,"href":"https:\/\/www.erialshop.com\/index.php\/wp-json\/wp\/v2\/product\/23361\/revisions\/25544"}],"wp:featuredmedia":[{"embeddable":true,"href":"https:\/\/www.erialshop.com\/index.php\/wp-json\/wp\/v2\/media\/23352"}],"wp:attachment":[{"href":"https:\/\/www.erialshop.com\/index.php\/wp-json\/wp\/v2\/media?parent=23361"}],"wp:term":[{"taxonomy":"product_brand","embeddable":true,"href":"https:\/\/www.erialshop.com\/index.php\/wp-json\/wp\/v2\/product_brand?post=23361"},{"taxonomy":"product_cat","embeddable":true,"href":"https:\/\/www.erialshop.com\/index.php\/wp-json\/wp\/v2\/product_cat?post=23361"},{"taxonomy":"product_tag","embeddable":true,"href":"https:\/\/www.erialshop.com\/index.php\/wp-json\/wp\/v2\/product_tag?post=23361"}],"curies":[{"name":"wp","href":"https:\/\/api.w.org\/{rel}","templated":true}]}}