{"id":23312,"date":"2023-09-27T18:00:02","date_gmt":"2023-09-27T11:00:02","guid":{"rendered":"https:\/\/erialshop.com\/?post_type=product&#038;p=23312"},"modified":"2026-02-16T03:10:18","modified_gmt":"2026-02-15T20:10:18","slug":"toc-do-cam-8ly","status":"publish","type":"product","link":"https:\/\/www.erialshop.com\/index.php\/product\/toc-do-cam-8ly\/","title":{"rendered":"T\u00f3c \u0110\u1ecf Cam 8ly"},"content":{"rendered":"<p><strong>V\u00f2ng tay \u0111\u00e1 th\u1ea1ch anh t\u00f3c xanh d\u01b0\u01a1ng h\u1ea1t tr\u00f2n size 8ly x\u1ecf thun \u0111\u01a1n gi\u1ea3n.<\/strong><\/p>\n<p>Chi\u1ebfc s\u1eb5n y h\u00ecnh d\u00e0i 19.2cm ho\u1eb7c c\u00e1c b\u1ea1n c\u00f3 th\u1ec3 li\u00ean h\u1ec7 tr\u01b0\u1edbc v\u1edbi shop \u0111\u1ec3 \u0111\u01b0\u1ee3c t\u01b0 v\u1ea5n k\u0129 l\u01b0\u1ee1ng v\u00e0 ch\u1ec9nh v\u00f2ng v\u1eeba v\u1eb7n theo size tay tr\u01b0\u1edbc khi \u0111\u1eb7t mua.<\/p>\n<p><strong>P.s: \u0110\u1ec3 \u0111\u01b0\u1ee3c shop ph\u1ea3n h\u1ed3i nhanh nh\u1ea5t<\/strong><strong>, c\u00e1c b\u1ea1n vui l\u00f2ng b\u1ea5m v\u00e0o n\u00fat \u201cnh\u1eafn tin qua instagram\u201d \u1edf d\u01b0\u1edbi ch\u1eef \u201cmua ngay\u201d nh\u00e9.\u00a0<\/strong><\/p>\n<p>&nbsp;<\/p>\n","protected":false},"excerpt":{"rendered":"<p>V\u00f2ng tay \u0111\u00e1 th\u1ea1ch anh t\u00f3c xanh d\u01b0\u01a1ng h\u1ea1t tr\u00f2n size 8ly x\u1ecf thun \u0111\u01a1n gi\u1ea3n. Chi\u1ebfc s\u1eb5n y h\u00ecnh d\u00e0i 19.2cm ho\u1eb7c c\u00e1c b\u1ea1n c\u00f3 th\u1ec3 li\u00ean h\u1ec7 tr\u01b0\u1edbc v\u1edbi shop \u0111\u1ec3 \u0111\u01b0\u1ee3c t\u01b0 v\u1ea5n k\u0129 l\u01b0\u1ee1ng v\u00e0 ch\u1ec9nh v\u00f2ng v\u1eeba v\u1eb7n theo size tay tr\u01b0\u1edbc khi \u0111\u1eb7t mua. P.s: \u0110\u1ec3 \u0111\u01b0\u1ee3c shop ph\u1ea3n h\u1ed3i nhanh nh\u1ea5t, c\u00e1c b\u1ea1n vui l\u00f2ng b\u1ea5m v\u00e0o n\u00fat \u201cnh\u1eafn tin qua instagram\u201d \u1edf d\u01b0\u1edbi ch\u1eef \u201cmua ngay\u201d nh\u00e9.\u00a0 &nbsp;<\/p>\n","protected":false},"featured_media":23313,"comment_status":"open","ping_status":"closed","template":"","meta":[],"product_brand":[],"product_cat":[284],"product_tag":[438,338],"class_list":{"0":"post-23312","1":"product","2":"type-product","3":"status-publish","4":"has-post-thumbnail","6":"product_cat-vong-tay","7":"product_tag-tocxanhduong","8":"product_tag-vongtay","9":"pa_color-plum","10":"pa_color-clay","11":"pa_fate-hoa","12":"pa_fate-tho","13":"pa_size-hat-tron","14":"pa_size-8-ly","15":"pa_style-tron","17":"first","18":"outofstock","19":"shipping-taxable","20":"purchasable","21":"product-type-simple"},"_links":{"self":[{"href":"https:\/\/www.erialshop.com\/index.php\/wp-json\/wp\/v2\/product\/23312","targetHints":{"allow":["GET"]}}],"collection":[{"href":"https:\/\/www.erialshop.com\/index.php\/wp-json\/wp\/v2\/product"}],"about":[{"href":"https:\/\/www.erialshop.com\/index.php\/wp-json\/wp\/v2\/types\/product"}],"replies":[{"embeddable":true,"href":"https:\/\/www.erialshop.com\/index.php\/wp-json\/wp\/v2\/comments?post=23312"}],"version-history":[{"count":0,"href":"https:\/\/www.erialshop.com\/index.php\/wp-json\/wp\/v2\/product\/23312\/revisions"}],"wp:featuredmedia":[{"embeddable":true,"href":"https:\/\/www.erialshop.com\/index.php\/wp-json\/wp\/v2\/media\/23313"}],"wp:attachment":[{"href":"https:\/\/www.erialshop.com\/index.php\/wp-json\/wp\/v2\/media?parent=23312"}],"wp:term":[{"taxonomy":"product_brand","embeddable":true,"href":"https:\/\/www.erialshop.com\/index.php\/wp-json\/wp\/v2\/product_brand?post=23312"},{"taxonomy":"product_cat","embeddable":true,"href":"https:\/\/www.erialshop.com\/index.php\/wp-json\/wp\/v2\/product_cat?post=23312"},{"taxonomy":"product_tag","embeddable":true,"href":"https:\/\/www.erialshop.com\/index.php\/wp-json\/wp\/v2\/product_tag?post=23312"}],"curies":[{"name":"wp","href":"https:\/\/api.w.org\/{rel}","templated":true}]}}