{"id":23236,"date":"2023-11-19T18:08:15","date_gmt":"2023-11-19T11:08:15","guid":{"rendered":"https:\/\/erialshop.com\/?post_type=product&#038;p=23236"},"modified":"2024-01-12T08:14:50","modified_gmt":"2024-01-12T01:14:50","slug":"tourmaline-hong-chay-mau-3-5ly","status":"publish","type":"product","link":"https:\/\/www.erialshop.com\/index.php\/product\/tourmaline-hong-chay-mau-3-5ly\/","title":{"rendered":"Tourmaline H\u1ed3ng Ch\u1ea1y M\u00e0u 3.5ly"},"content":{"rendered":"<p><strong>V\u00f2ng tay b\u1eb1ng h\u1ea1t \u0111\u00e1 tourmaline k\u1eb9o t\u00f4ng h\u1ed3ng ch\u1ea1y m\u00e0u t\u1eeb \u0111\u1eadm \u0111\u1ebfn nh\u1ea1t c\u00f9ng m\u1ed9t s\u1ed1 chi ti\u1ebft, charm b\u01b0\u1edbm, sao m\u1ea1 v\u00e0ng.<\/strong><\/p>\n<p>Size \u0111\u00e1 h\u00ecnh b\u00e1nh xe: b\u1ec1 ngang 3.5ly \u2013 b\u1ec1 d\u1eb9p 1.5-1.7ly. Shop c\u00f3 s\u1eb5n chi\u1ebfc y h\u00ecnh d\u00e0i 16cm ho\u1eb7c c\u00e1c b\u1ea1n c\u00f3 th\u1ec3 li\u00ean h\u1ec7 tr\u01b0\u1edbc v\u1edbi shop \u0111\u1ec3 \u0111\u01b0\u1ee3c t\u01b0 v\u1ea5n k\u0129 l\u01b0\u1ee1ng tr\u01b0\u1edbc khi \u0111\u1eb7t mua.<\/p>\n<p><strong>P.s: \u0110\u1ec3 \u0111\u01b0\u1ee3c shop ph\u1ea3n h\u1ed3i nhanh nh\u1ea5t<\/strong><strong>, c\u00e1c b\u1ea1n vui l\u00f2ng b\u1ea5m v\u00e0o n\u00fat \u201cnh\u1eafn tin qua instagram\u201d \u1edf d\u01b0\u1edbi ch\u1eef \u201cmua ngay\u201d nh\u00e9.\u00a0<\/strong><\/p>\n","protected":false},"excerpt":{"rendered":"<p>V\u00f2ng tay b\u1eb1ng h\u1ea1t \u0111\u00e1 tourmaline k\u1eb9o t\u00f4ng h\u1ed3ng ch\u1ea1y m\u00e0u t\u1eeb \u0111\u1eadm \u0111\u1ebfn nh\u1ea1t c\u00f9ng m\u1ed9t s\u1ed1 chi ti\u1ebft, charm b\u01b0\u1edbm, sao m\u1ea1 v\u00e0ng. Size \u0111\u00e1 h\u00ecnh b\u00e1nh xe: b\u1ec1 ngang 3.5ly \u2013 b\u1ec1 d\u1eb9p 1.5-1.7ly. Shop c\u00f3 s\u1eb5n chi\u1ebfc y h\u00ecnh d\u00e0i 16cm ho\u1eb7c c\u00e1c b\u1ea1n c\u00f3 th\u1ec3 li\u00ean h\u1ec7 tr\u01b0\u1edbc v\u1edbi shop \u0111\u1ec3 \u0111\u01b0\u1ee3c t\u01b0 v\u1ea5n k\u0129 l\u01b0\u1ee1ng tr\u01b0\u1edbc khi \u0111\u1eb7t mua. P.s: \u0110\u1ec3 \u0111\u01b0\u1ee3c shop ph\u1ea3n h\u1ed3i nhanh nh\u1ea5t, c\u00e1c b\u1ea1n vui l\u00f2ng b\u1ea5m v\u00e0o n\u00fat \u201cnh\u1eafn tin qua instagram\u201d \u1edf d\u01b0\u1edbi ch\u1eef \u201cmua ngay\u201d nh\u00e9.\u00a0<\/p>\n","protected":false},"featured_media":23220,"comment_status":"open","ping_status":"closed","template":"","meta":[],"product_brand":[],"product_cat":[284],"product_tag":[383,339,338],"class_list":{"0":"post-23236","1":"product","2":"type-product","3":"status-publish","4":"has-post-thumbnail","6":"product_cat-vong-tay","7":"product_tag-daydoi","8":"product_tag-tourmaline","9":"product_tag-vongtay","10":"pa_color-pink","11":"pa_fate-hoa","12":"pa_fate-tho","13":"pa_loai-da-tourmaline","14":"pa_size-2-ly","15":"pa_size-3-ly","16":"pa_style-tron","18":"first","19":"instock","20":"shipping-taxable","21":"purchasable","22":"product-type-simple"},"_links":{"self":[{"href":"https:\/\/www.erialshop.com\/index.php\/wp-json\/wp\/v2\/product\/23236","targetHints":{"allow":["GET"]}}],"collection":[{"href":"https:\/\/www.erialshop.com\/index.php\/wp-json\/wp\/v2\/product"}],"about":[{"href":"https:\/\/www.erialshop.com\/index.php\/wp-json\/wp\/v2\/types\/product"}],"replies":[{"embeddable":true,"href":"https:\/\/www.erialshop.com\/index.php\/wp-json\/wp\/v2\/comments?post=23236"}],"version-history":[{"count":0,"href":"https:\/\/www.erialshop.com\/index.php\/wp-json\/wp\/v2\/product\/23236\/revisions"}],"wp:featuredmedia":[{"embeddable":true,"href":"https:\/\/www.erialshop.com\/index.php\/wp-json\/wp\/v2\/media\/23220"}],"wp:attachment":[{"href":"https:\/\/www.erialshop.com\/index.php\/wp-json\/wp\/v2\/media?parent=23236"}],"wp:term":[{"taxonomy":"product_brand","embeddable":true,"href":"https:\/\/www.erialshop.com\/index.php\/wp-json\/wp\/v2\/product_brand?post=23236"},{"taxonomy":"product_cat","embeddable":true,"href":"https:\/\/www.erialshop.com\/index.php\/wp-json\/wp\/v2\/product_cat?post=23236"},{"taxonomy":"product_tag","embeddable":true,"href":"https:\/\/www.erialshop.com\/index.php\/wp-json\/wp\/v2\/product_tag?post=23236"}],"curies":[{"name":"wp","href":"https:\/\/api.w.org\/{rel}","templated":true}]}}