{"id":23234,"date":"2023-09-17T18:08:40","date_gmt":"2023-09-17T11:08:40","guid":{"rendered":"https:\/\/erialshop.com\/?post_type=product&#038;p=23234"},"modified":"2023-09-15T23:34:01","modified_gmt":"2023-09-15T16:34:01","slug":"iolit-tim-charm-ngoi-sao","status":"publish","type":"product","link":"https:\/\/www.erialshop.com\/index.php\/product\/iolit-tim-charm-ngoi-sao\/","title":{"rendered":"Iolit T\u00edm &#8211; Charm Ng\u00f4i Sao"},"content":{"rendered":"<p><strong>Khuy\u00ean tai t\u00f2ng teng v\u1edbi \u0111\u00e1 iolit m\u00e0u t\u00edm lam h\u1ea1t vu\u00f4ng 6ly v\u00e0 h\u1ea1t c\u1eaft gi\u00e1c 2ly, charm ng\u00f4i sao xinh x\u1eafn ph\u1ed1i c\u00f9ng m\u1ed9t s\u1ed1 chi ti\u1ebft m\u1ea1 v\u00e0ng.<\/strong><\/p>\n<p>Khuy\u00ean tr\u00f2n \u0111\u01b0\u1eddng k\u00ednh: 1cm. Chi\u1ec1u d\u00e0i c\u1ea3 khuy\u00ean: 5cm &#8211; Chi\u1ec1u ngang: 2.5cm<\/p>\n<p>C\u00e1c b\u1ea1n c\u00f3 th\u1ec3 li\u00ean h\u1ec7 tr\u01b0\u1edbc v\u1edbi shop \u0111\u1ec3 \u0111\u01b0\u1ee3c t\u01b0 v\u1ea5n k\u0129 l\u01b0\u1ee1ng tr\u01b0\u1edbc khi \u0111\u1eb7t mua.<\/p>\n<p><strong>P.s: \u0110\u1ec3 \u0111\u01b0\u1ee3c shop ph\u1ea3n h\u1ed3i nhanh nh\u1ea5t, c\u00e1c b\u1ea1n vui l\u00f2ng b\u1ea5m v\u00e0o n\u00fat \u201cnh\u1eafn tin qua instagram\u201d \u1edf d\u01b0\u1edbi ch\u1eef \u201cmua ngay\u201d nh\u00e9.<\/strong><\/p>\n","protected":false},"excerpt":{"rendered":"<p>Khuy\u00ean tai t\u00f2ng teng v\u1edbi \u0111\u00e1 iolit m\u00e0u t\u00edm lam h\u1ea1t vu\u00f4ng 6ly v\u00e0 h\u1ea1t c\u1eaft gi\u00e1c 2ly, charm ng\u00f4i sao xinh x\u1eafn ph\u1ed1i c\u00f9ng m\u1ed9t s\u1ed1 chi ti\u1ebft m\u1ea1 v\u00e0ng. Khuy\u00ean tr\u00f2n \u0111\u01b0\u1eddng k\u00ednh: 1cm. Chi\u1ec1u d\u00e0i c\u1ea3 khuy\u00ean: 5cm &#8211; Chi\u1ec1u ngang: 2.5cm C\u00e1c b\u1ea1n c\u00f3 th\u1ec3 li\u00ean h\u1ec7 tr\u01b0\u1edbc v\u1edbi shop \u0111\u1ec3 \u0111\u01b0\u1ee3c t\u01b0 v\u1ea5n k\u0129 l\u01b0\u1ee1ng tr\u01b0\u1edbc khi \u0111\u1eb7t mua. P.s: \u0110\u1ec3 \u0111\u01b0\u1ee3c shop ph\u1ea3n h\u1ed3i nhanh nh\u1ea5t, c\u00e1c b\u1ea1n vui l\u00f2ng b\u1ea5m v\u00e0o n\u00fat \u201cnh\u1eafn tin qua instagram\u201d \u1edf d\u01b0\u1edbi ch\u1eef \u201cmua ngay\u201d nh\u00e9.<\/p>\n","protected":false},"featured_media":23218,"comment_status":"open","ping_status":"closed","template":"","meta":[],"product_brand":[],"product_cat":[288],"product_tag":[398,433,338],"class_list":{"0":"post-23234","1":"product","2":"type-product","3":"status-publish","4":"has-post-thumbnail","6":"product_cat-bong-tai","7":"product_tag-herkimer","8":"product_tag-iolit","9":"product_tag-vongtay","10":"pa_color-violet","11":"pa_fate-hoa","12":"pa_fate-tho","13":"pa_loai-da-iolit","14":"pa_size-2-ly","15":"pa_size-6-ly","16":"pa_style-mixed","18":"first","19":"instock","20":"shipping-taxable","21":"purchasable","22":"product-type-simple"},"_links":{"self":[{"href":"https:\/\/www.erialshop.com\/index.php\/wp-json\/wp\/v2\/product\/23234","targetHints":{"allow":["GET"]}}],"collection":[{"href":"https:\/\/www.erialshop.com\/index.php\/wp-json\/wp\/v2\/product"}],"about":[{"href":"https:\/\/www.erialshop.com\/index.php\/wp-json\/wp\/v2\/types\/product"}],"replies":[{"embeddable":true,"href":"https:\/\/www.erialshop.com\/index.php\/wp-json\/wp\/v2\/comments?post=23234"}],"version-history":[{"count":0,"href":"https:\/\/www.erialshop.com\/index.php\/wp-json\/wp\/v2\/product\/23234\/revisions"}],"wp:featuredmedia":[{"embeddable":true,"href":"https:\/\/www.erialshop.com\/index.php\/wp-json\/wp\/v2\/media\/23218"}],"wp:attachment":[{"href":"https:\/\/www.erialshop.com\/index.php\/wp-json\/wp\/v2\/media?parent=23234"}],"wp:term":[{"taxonomy":"product_brand","embeddable":true,"href":"https:\/\/www.erialshop.com\/index.php\/wp-json\/wp\/v2\/product_brand?post=23234"},{"taxonomy":"product_cat","embeddable":true,"href":"https:\/\/www.erialshop.com\/index.php\/wp-json\/wp\/v2\/product_cat?post=23234"},{"taxonomy":"product_tag","embeddable":true,"href":"https:\/\/www.erialshop.com\/index.php\/wp-json\/wp\/v2\/product_tag?post=23234"}],"curies":[{"name":"wp","href":"https:\/\/api.w.org\/{rel}","templated":true}]}}