{"id":23228,"date":"2023-09-12T18:31:55","date_gmt":"2023-09-12T11:31:55","guid":{"rendered":"https:\/\/erialshop.com\/?post_type=product&#038;p=23228"},"modified":"2024-08-22T14:30:45","modified_gmt":"2024-08-22T07:30:45","slug":"labradorite-tron-13ly","status":"publish","type":"product","link":"https:\/\/www.erialshop.com\/index.php\/product\/labradorite-tron-13ly\/","title":{"rendered":"Labradorite Tr\u00f2n 13ly"},"content":{"rendered":"<p><strong>V\u00f2ng tay \u0111\u00e1 labradorite size 13ly h\u1ea1t tr\u00f2n c\u00f3 nh\u1eefng v\u1ec7t l\u1eeda xanh v\u00e0ng r\u1ef1c r\u1ee1 x\u1ecf thun \u0111\u01a1n gi\u1ea3n.<\/strong><\/p>\n<p>Shop c\u00f3 s\u1eb5n chi\u1ebfc tr\u00ean h\u00ecnh d\u00e0i 19.5-20cm -15 vi\u00ean. C\u00e1c b\u1ea1n c\u00f3 th\u1ec3 li\u00ean h\u1ec7 v\u1edbi shop \u0111\u1ec3 \u0111\u01b0\u1ee3c t\u01b0 v\u1ea5n k\u0129 l\u00e0m theo tay tr\u01b0\u1edbc khi \u0111\u1eb7t mua.<\/p>\n<p><strong>P.s: \u0110\u1ec3 \u0111\u01b0\u1ee3c shop ph\u1ea3n h\u1ed3i nhanh nh\u1ea5t, c\u00e1c b\u1ea1n vui l\u00f2ng b\u1ea5m v\u00e0o n\u00fat \u201cnh\u1eafn tin qua instagram\u201d \u1edf d\u01b0\u1edbi ch\u1eef \u201cmua ngay\u201d nh\u00e9.<\/strong><\/p>\n","protected":false},"excerpt":{"rendered":"<p>V\u00f2ng tay \u0111\u00e1 labradorite size 13ly h\u1ea1t tr\u00f2n c\u00f3 nh\u1eefng v\u1ec7t l\u1eeda xanh v\u00e0ng r\u1ef1c r\u1ee1 x\u1ecf thun \u0111\u01a1n gi\u1ea3n. Shop c\u00f3 s\u1eb5n chi\u1ebfc tr\u00ean h\u00ecnh d\u00e0i 19.5-20cm -15 vi\u00ean. C\u00e1c b\u1ea1n c\u00f3 th\u1ec3 li\u00ean h\u1ec7 v\u1edbi shop \u0111\u1ec3 \u0111\u01b0\u1ee3c t\u01b0 v\u1ea5n k\u0129 l\u00e0m theo tay tr\u01b0\u1edbc khi \u0111\u1eb7t mua. P.s: \u0110\u1ec3 \u0111\u01b0\u1ee3c shop ph\u1ea3n h\u1ed3i nhanh nh\u1ea5t, c\u00e1c b\u1ea1n vui l\u00f2ng b\u1ea5m v\u00e0o n\u00fat \u201cnh\u1eafn tin qua instagram\u201d \u1edf d\u01b0\u1edbi ch\u1eef \u201cmua ngay\u201d nh\u00e9.<\/p>\n","protected":false},"featured_media":23213,"comment_status":"open","ping_status":"closed","template":"","meta":[],"product_brand":[],"product_cat":[284],"product_tag":[372,371,338],"class_list":{"0":"post-23228","1":"product","2":"type-product","3":"status-publish","4":"has-post-thumbnail","6":"product_cat-vong-tay","7":"product_tag-hacnguyetquang","8":"product_tag-labradorite","9":"product_tag-vongtay","10":"pa_color-grey","11":"pa_fate-kim","12":"pa_fate-thuy","13":"pa_loai-da-labradorite","14":"pa_size-hat-tron","15":"pa_size-14ly","17":"first","18":"instock","19":"shipping-taxable","20":"purchasable","21":"product-type-simple"},"_links":{"self":[{"href":"https:\/\/www.erialshop.com\/index.php\/wp-json\/wp\/v2\/product\/23228","targetHints":{"allow":["GET"]}}],"collection":[{"href":"https:\/\/www.erialshop.com\/index.php\/wp-json\/wp\/v2\/product"}],"about":[{"href":"https:\/\/www.erialshop.com\/index.php\/wp-json\/wp\/v2\/types\/product"}],"replies":[{"embeddable":true,"href":"https:\/\/www.erialshop.com\/index.php\/wp-json\/wp\/v2\/comments?post=23228"}],"version-history":[{"count":0,"href":"https:\/\/www.erialshop.com\/index.php\/wp-json\/wp\/v2\/product\/23228\/revisions"}],"wp:featuredmedia":[{"embeddable":true,"href":"https:\/\/www.erialshop.com\/index.php\/wp-json\/wp\/v2\/media\/23213"}],"wp:attachment":[{"href":"https:\/\/www.erialshop.com\/index.php\/wp-json\/wp\/v2\/media?parent=23228"}],"wp:term":[{"taxonomy":"product_brand","embeddable":true,"href":"https:\/\/www.erialshop.com\/index.php\/wp-json\/wp\/v2\/product_brand?post=23228"},{"taxonomy":"product_cat","embeddable":true,"href":"https:\/\/www.erialshop.com\/index.php\/wp-json\/wp\/v2\/product_cat?post=23228"},{"taxonomy":"product_tag","embeddable":true,"href":"https:\/\/www.erialshop.com\/index.php\/wp-json\/wp\/v2\/product_tag?post=23228"}],"curies":[{"name":"wp","href":"https:\/\/api.w.org\/{rel}","templated":true}]}}