{"id":23183,"date":"2023-07-04T20:13:16","date_gmt":"2023-07-04T13:13:16","guid":{"rendered":"https:\/\/erialshop.com\/?post_type=product&#038;p=23183"},"modified":"2024-08-16T14:43:33","modified_gmt":"2024-08-16T07:43:33","slug":"sunstone-8ly","status":"publish","type":"product","link":"https:\/\/www.erialshop.com\/index.php\/product\/sunstone-8ly\/","title":{"rendered":"Sunstone 8ly"},"content":{"rendered":"<p><strong>V\u00f2ng tay \u0111\u00e1 Suntone m\u00e0u cam h\u1ea1t c\u1eaft gi\u00e1c size 8ly mix c\u00f9ng kho\u00e1 h\u00ecnh hoa v\u00e0 m\u1ed9t s\u1ed1 chi ti\u1ebft m\u1ea1 v\u00e0ng h\u1ed3ng (rose gold).<\/strong><\/p>\n<p>Shop c\u00f3 s\u1eb5n chi\u1ebfc y h\u00ecnh d\u00e0i 17cm v\u1eeba c\u1ed5 tay 15-15.5cm ho\u1eb7c c\u00e1c b\u1ea1n c\u00f3 th\u1ec3 li\u00ean h\u1ec7 tr\u01b0\u1edbc v\u1edbi shop \u0111\u1ec3 \u0111\u01b0\u1ee3c t\u01b0 v\u1ea5n k\u0129 l\u01b0\u1ee1ng tr\u01b0\u1edbc khi \u0111\u1eb7t mua.<\/p>\n<p>M\u00e0u cam c\u1ee7a suntone \u1edf v\u00f2ng n\u00e0y s\u1ebd \u0111\u1eadm nh\u1ea1t kh\u00f4ng \u0111\u1ec1u m\u00e0u, m\u1eabu n\u00e0y shop c\u00f3 nh\u1eadn x\u1ecf tr\u01a1n kh\u00f4ng mix theo y\u00eau c\u1ea7u ho\u1eb7c thay sang x\u1ecf thun cho c\u00e1c b\u1ea1n d\u1ecb \u1ee9ng v\u1edbi kim lo\u1ea1i.<\/p>\n<p><em><strong>L\u01b0u \u00fd<\/strong>\u00a0: kho\u00e1 c\u00e0i h\u00ecnh b\u00f4ng hoa nh\u01b0 h\u00ecnh s\u1ebd ph\u00f9 h\u1ee3p cho c\u00e1c b\u1ea1n kh\u00f4ng \u0111eo th\u01b0\u1eddng xuy\u00ean, c\u00f2n l\u1ea1i n\u1ebfu \u0111eo th\u01b0\u1eddng ng\u00e0y th\u00ec shop s\u1ebd thay kho\u00e1 kh\u00e1c nh\u00e9.<\/em><\/p>\n<p><strong>P.s: \u0110\u1ec3 \u0111\u01b0\u1ee3c shop ph\u1ea3n h\u1ed3i nhanh nh\u1ea5t<\/strong><strong>, c\u00e1c b\u1ea1n vui l\u00f2ng b\u1ea5m v\u00e0o n\u00fat \u201cnh\u1eafn tin qua instagram\u201d \u1edf d\u01b0\u1edbi ch\u1eef \u201cmua ngay\u201d nh\u00e9.<\/strong><\/p>\n","protected":false},"excerpt":{"rendered":"<p>V\u00f2ng tay \u0111\u00e1 Suntone m\u00e0u cam h\u1ea1t c\u1eaft gi\u00e1c size 8ly mix c\u00f9ng kho\u00e1 h\u00ecnh hoa v\u00e0 m\u1ed9t s\u1ed1 chi ti\u1ebft m\u1ea1 v\u00e0ng h\u1ed3ng (rose gold). Shop c\u00f3 s\u1eb5n chi\u1ebfc y h\u00ecnh d\u00e0i 17cm v\u1eeba c\u1ed5 tay 15-15.5cm ho\u1eb7c c\u00e1c b\u1ea1n c\u00f3 th\u1ec3 li\u00ean h\u1ec7 tr\u01b0\u1edbc v\u1edbi shop \u0111\u1ec3 \u0111\u01b0\u1ee3c t\u01b0 v\u1ea5n k\u0129 l\u01b0\u1ee1ng tr\u01b0\u1edbc khi \u0111\u1eb7t mua. M\u00e0u cam c\u1ee7a suntone \u1edf v\u00f2ng n\u00e0y s\u1ebd \u0111\u1eadm nh\u1ea1t kh\u00f4ng \u0111\u1ec1u m\u00e0u, m\u1eabu n\u00e0y shop c\u00f3 nh\u1eadn x\u1ecf tr\u01a1n kh\u00f4ng mix theo y\u00eau c\u1ea7u ho\u1eb7c thay sang x\u1ecf thun cho c\u00e1c b\u1ea1n d\u1ecb \u1ee9ng v\u1edbi kim lo\u1ea1i. L\u01b0u \u00fd\u00a0: kho\u00e1 c\u00e0i h\u00ecnh b\u00f4ng hoa nh\u01b0 h\u00ecnh s\u1ebd ph\u00f9 h\u1ee3p cho c\u00e1c b\u1ea1n kh\u00f4ng \u0111eo th\u01b0\u1eddng xuy\u00ean, c\u00f2n l\u1ea1i n\u1ebfu \u0111eo th\u01b0\u1eddng ng\u00e0y th\u00ec shop s\u1ebd thay kho\u00e1 kh\u00e1c nh\u00e9. P.s: \u0110\u1ec3 \u0111\u01b0\u1ee3c shop ph\u1ea3n h\u1ed3i nhanh nh\u1ea5t, c\u00e1c b\u1ea1n vui l\u00f2ng b\u1ea5m v\u00e0o n\u00fat \u201cnh\u1eafn tin qua instagram\u201d \u1edf d\u01b0\u1edbi ch\u1eef \u201cmua ngay\u201d nh\u00e9.<\/p>\n","protected":false},"featured_media":23184,"comment_status":"open","ping_status":"closed","template":"","meta":[],"product_brand":[],"product_cat":[284],"product_tag":[372,371,338,373,366],"class_list":{"0":"post-23183","1":"product","2":"type-product","3":"status-publish","4":"has-post-thumbnail","6":"product_cat-vong-tay","7":"product_tag-hacnguyetquang","8":"product_tag-labradorite","9":"product_tag-vongtay","10":"product_tag-xacu","11":"product_tag-xothun","12":"pa_color-clay","13":"pa_loai-da-sunstone","14":"pa_size-8-ly","15":"pa_style-mixed","17":"first","18":"instock","19":"shipping-taxable","20":"purchasable","21":"product-type-simple"},"_links":{"self":[{"href":"https:\/\/www.erialshop.com\/index.php\/wp-json\/wp\/v2\/product\/23183","targetHints":{"allow":["GET"]}}],"collection":[{"href":"https:\/\/www.erialshop.com\/index.php\/wp-json\/wp\/v2\/product"}],"about":[{"href":"https:\/\/www.erialshop.com\/index.php\/wp-json\/wp\/v2\/types\/product"}],"replies":[{"embeddable":true,"href":"https:\/\/www.erialshop.com\/index.php\/wp-json\/wp\/v2\/comments?post=23183"}],"version-history":[{"count":0,"href":"https:\/\/www.erialshop.com\/index.php\/wp-json\/wp\/v2\/product\/23183\/revisions"}],"wp:featuredmedia":[{"embeddable":true,"href":"https:\/\/www.erialshop.com\/index.php\/wp-json\/wp\/v2\/media\/23184"}],"wp:attachment":[{"href":"https:\/\/www.erialshop.com\/index.php\/wp-json\/wp\/v2\/media?parent=23183"}],"wp:term":[{"taxonomy":"product_brand","embeddable":true,"href":"https:\/\/www.erialshop.com\/index.php\/wp-json\/wp\/v2\/product_brand?post=23183"},{"taxonomy":"product_cat","embeddable":true,"href":"https:\/\/www.erialshop.com\/index.php\/wp-json\/wp\/v2\/product_cat?post=23183"},{"taxonomy":"product_tag","embeddable":true,"href":"https:\/\/www.erialshop.com\/index.php\/wp-json\/wp\/v2\/product_tag?post=23183"}],"curies":[{"name":"wp","href":"https:\/\/api.w.org\/{rel}","templated":true}]}}