{"id":23133,"date":"2023-09-05T18:08:25","date_gmt":"2023-09-05T11:08:25","guid":{"rendered":"https:\/\/erialshop.com\/?post_type=product&#038;p=23133"},"modified":"2024-04-05T04:20:24","modified_gmt":"2024-04-04T21:20:24","slug":"tourmaline-tron-6-8ly","status":"publish","type":"product","link":"https:\/\/www.erialshop.com\/index.php\/product\/tourmaline-tron-6-8ly\/","title":{"rendered":"Tourmaline Tr\u00f2n 6.8ly"},"content":{"rendered":"<p><strong>V\u00f2ng tay \u0111\u00e1 tourmaline h\u1ea1t tr\u00f2n size 6.8ly t\u00f4ng \u0111a s\u1eafc x\u1ecf thun tr\u01a1n, \u0111\u01a1n gi\u1ea3n.<\/strong><\/p>\n<p>Shop c\u00f3 s\u1eb5n chi\u1ebfc y h\u00ecnh 25 h\u1ea1t 16.8cm ho\u1eb7c c\u00e1c b\u1ea1n c\u00f3 th\u1ec3 li\u00ean h\u1ec7 v\u1edbi shop \u0111\u1ec3 \u0111\u01b0\u1ee3c t\u01b0 v\u1ea5n k\u1ef9 tr\u01b0\u1edbc khi \u0111\u1eb7t mua.<\/p>\n<p><strong>P.s: \u0110\u1ec3 \u0111\u01b0\u1ee3c shop ph\u1ea3n h\u1ed3i nhanh nh\u1ea5t, c\u00e1c b\u1ea1n vui l\u00f2ng b\u1ea5m v\u00e0o n\u00fat \u201cnh\u1eafn tin qua instagram\u201d \u1edf d\u01b0\u1edbi ch\u1eef \u201cmua ngay\u201d nh\u00e9.<\/strong><\/p>\n","protected":false},"excerpt":{"rendered":"<p>V\u00f2ng tay \u0111\u00e1 tourmaline h\u1ea1t tr\u00f2n size 6.8ly t\u00f4ng \u0111a s\u1eafc x\u1ecf thun tr\u01a1n, \u0111\u01a1n gi\u1ea3n. Shop c\u00f3 s\u1eb5n chi\u1ebfc y h\u00ecnh 25 h\u1ea1t 16.8cm ho\u1eb7c c\u00e1c b\u1ea1n c\u00f3 th\u1ec3 li\u00ean h\u1ec7 v\u1edbi shop \u0111\u1ec3 \u0111\u01b0\u1ee3c t\u01b0 v\u1ea5n k\u1ef9 tr\u01b0\u1edbc khi \u0111\u1eb7t mua. P.s: \u0110\u1ec3 \u0111\u01b0\u1ee3c shop ph\u1ea3n h\u1ed3i nhanh nh\u1ea5t, c\u00e1c b\u1ea1n vui l\u00f2ng b\u1ea5m v\u00e0o n\u00fat \u201cnh\u1eafn tin qua instagram\u201d \u1edf d\u01b0\u1edbi ch\u1eef \u201cmua ngay\u201d nh\u00e9.<\/p>\n","protected":false},"featured_media":23134,"comment_status":"open","ping_status":"closed","template":"","meta":[],"product_brand":[],"product_cat":[284],"product_tag":[434,339,338],"class_list":{"0":"post-23133","1":"product","2":"type-product","3":"status-publish","4":"has-post-thumbnail","6":"product_cat-vong-tay","7":"product_tag-dasac","8":"product_tag-tourmaline","9":"product_tag-vongtay","10":"pa_color-da-sac","11":"pa_size-7ly","12":"pa_style-tron","14":"first","15":"instock","16":"shipping-taxable","17":"purchasable","18":"product-type-simple"},"_links":{"self":[{"href":"https:\/\/www.erialshop.com\/index.php\/wp-json\/wp\/v2\/product\/23133","targetHints":{"allow":["GET"]}}],"collection":[{"href":"https:\/\/www.erialshop.com\/index.php\/wp-json\/wp\/v2\/product"}],"about":[{"href":"https:\/\/www.erialshop.com\/index.php\/wp-json\/wp\/v2\/types\/product"}],"replies":[{"embeddable":true,"href":"https:\/\/www.erialshop.com\/index.php\/wp-json\/wp\/v2\/comments?post=23133"}],"version-history":[{"count":0,"href":"https:\/\/www.erialshop.com\/index.php\/wp-json\/wp\/v2\/product\/23133\/revisions"}],"wp:featuredmedia":[{"embeddable":true,"href":"https:\/\/www.erialshop.com\/index.php\/wp-json\/wp\/v2\/media\/23134"}],"wp:attachment":[{"href":"https:\/\/www.erialshop.com\/index.php\/wp-json\/wp\/v2\/media?parent=23133"}],"wp:term":[{"taxonomy":"product_brand","embeddable":true,"href":"https:\/\/www.erialshop.com\/index.php\/wp-json\/wp\/v2\/product_brand?post=23133"},{"taxonomy":"product_cat","embeddable":true,"href":"https:\/\/www.erialshop.com\/index.php\/wp-json\/wp\/v2\/product_cat?post=23133"},{"taxonomy":"product_tag","embeddable":true,"href":"https:\/\/www.erialshop.com\/index.php\/wp-json\/wp\/v2\/product_tag?post=23133"}],"curies":[{"name":"wp","href":"https:\/\/api.w.org\/{rel}","templated":true}]}}