{"id":23100,"date":"2023-08-31T18:05:41","date_gmt":"2023-08-31T11:05:41","guid":{"rendered":"https:\/\/erialshop.com\/?post_type=product&#038;p=23100"},"modified":"2024-07-30T15:57:59","modified_gmt":"2024-07-30T08:57:59","slug":"citrine-opal-pearl","status":"publish","type":"product","link":"https:\/\/www.erialshop.com\/index.php\/product\/citrine-opal-pearl\/","title":{"rendered":"Citrine &#8211; Opal &#8211; Pearl"},"content":{"rendered":"<p><strong>V\u00f2ng tay tr\u1ed9n nhi\u1ec1u lo\u1ea1i \u0111\u00e1 g\u1ed3m \u0111\u00e1 citrine v\u00e0ng nh\u1ea1t h\u1ea1t b\u00e1nh xe size 3x4ly, \u0111\u00e1 opal tr\u1eafng h\u1ea1t b\u00e1nh xe size 2-4ly, ng\u1ecdc trai th\u1eadt 5ly c\u00f9ng m\u1ed9t s\u1ed1 chi ti\u1ebft m\u1ea1 v\u00e0ng.<\/strong><\/p>\n<p>C\u00e1c b\u1ea1n c\u00f3 th\u1ec3 li\u00ean h\u1ec7 v\u1edbi shop \u0111\u1ec3 \u0111\u01b0\u1ee3c t\u01b0 v\u1ea5n k\u0129 l\u00e0m theo tay tr\u01b0\u1edbc khi \u0111\u1eb7t mua.<\/p>\n<p><strong>P.s: \u0110\u1ec3 \u0111\u01b0\u1ee3c shop ph\u1ea3n h\u1ed3i nhanh nh\u1ea5t, c\u00e1c b\u1ea1n vui l\u00f2ng b\u1ea5m v\u00e0o n\u00fat \u201cnh\u1eafn tin qua instagram\u201d \u1edf d\u01b0\u1edbi ch\u1eef \u201cmua ngay\u201d nh\u00e9.<\/strong><\/p>\n","protected":false},"excerpt":{"rendered":"<p>V\u00f2ng tay tr\u1ed9n nhi\u1ec1u lo\u1ea1i \u0111\u00e1 g\u1ed3m \u0111\u00e1 citrine v\u00e0ng nh\u1ea1t h\u1ea1t b\u00e1nh xe size 3x4ly, \u0111\u00e1 opal tr\u1eafng h\u1ea1t b\u00e1nh xe size 2-4ly, ng\u1ecdc trai th\u1eadt 5ly c\u00f9ng m\u1ed9t s\u1ed1 chi ti\u1ebft m\u1ea1 v\u00e0ng. C\u00e1c b\u1ea1n c\u00f3 th\u1ec3 li\u00ean h\u1ec7 v\u1edbi shop \u0111\u1ec3 \u0111\u01b0\u1ee3c t\u01b0 v\u1ea5n k\u0129 l\u00e0m theo tay tr\u01b0\u1edbc khi \u0111\u1eb7t mua. P.s: \u0110\u1ec3 \u0111\u01b0\u1ee3c shop ph\u1ea3n h\u1ed3i nhanh nh\u1ea5t, c\u00e1c b\u1ea1n vui l\u00f2ng b\u1ea5m v\u00e0o n\u00fat \u201cnh\u1eafn tin qua instagram\u201d \u1edf d\u01b0\u1edbi ch\u1eef \u201cmua ngay\u201d nh\u00e9.<\/p>\n","protected":false},"featured_media":23095,"comment_status":"open","ping_status":"closed","template":"","meta":[],"product_brand":[],"product_cat":[284],"product_tag":[431,430,338],"class_list":{"0":"post-23100","1":"product","2":"type-product","3":"status-publish","4":"has-post-thumbnail","6":"product_cat-vong-tay","7":"product_tag-citrine","8":"product_tag-vang","9":"product_tag-vongtay","10":"pa_color-yellow","11":"pa_fate-kim","12":"pa_fate-tho","13":"pa_loai-da-citrine","14":"pa_loai-da-ngoc-trai","15":"pa_loai-da-opal","16":"pa_size-3-4ly","17":"pa_style-mixed","19":"first","20":"onbackorder","21":"sold-individually","22":"shipping-taxable","23":"purchasable","24":"product-type-simple"},"_links":{"self":[{"href":"https:\/\/www.erialshop.com\/index.php\/wp-json\/wp\/v2\/product\/23100","targetHints":{"allow":["GET"]}}],"collection":[{"href":"https:\/\/www.erialshop.com\/index.php\/wp-json\/wp\/v2\/product"}],"about":[{"href":"https:\/\/www.erialshop.com\/index.php\/wp-json\/wp\/v2\/types\/product"}],"replies":[{"embeddable":true,"href":"https:\/\/www.erialshop.com\/index.php\/wp-json\/wp\/v2\/comments?post=23100"}],"version-history":[{"count":0,"href":"https:\/\/www.erialshop.com\/index.php\/wp-json\/wp\/v2\/product\/23100\/revisions"}],"wp:featuredmedia":[{"embeddable":true,"href":"https:\/\/www.erialshop.com\/index.php\/wp-json\/wp\/v2\/media\/23095"}],"wp:attachment":[{"href":"https:\/\/www.erialshop.com\/index.php\/wp-json\/wp\/v2\/media?parent=23100"}],"wp:term":[{"taxonomy":"product_brand","embeddable":true,"href":"https:\/\/www.erialshop.com\/index.php\/wp-json\/wp\/v2\/product_brand?post=23100"},{"taxonomy":"product_cat","embeddable":true,"href":"https:\/\/www.erialshop.com\/index.php\/wp-json\/wp\/v2\/product_cat?post=23100"},{"taxonomy":"product_tag","embeddable":true,"href":"https:\/\/www.erialshop.com\/index.php\/wp-json\/wp\/v2\/product_tag?post=23100"}],"curies":[{"name":"wp","href":"https:\/\/api.w.org\/{rel}","templated":true}]}}