{"id":23099,"date":"2023-08-30T18:08:21","date_gmt":"2023-08-30T11:08:21","guid":{"rendered":"https:\/\/erialshop.com\/?post_type=product&#038;p=23099"},"modified":"2024-12-02T19:59:59","modified_gmt":"2024-12-02T12:59:59","slug":"sunstone-tron-6ly","status":"publish","type":"product","link":"https:\/\/www.erialshop.com\/index.php\/product\/sunstone-tron-6ly\/","title":{"rendered":"Sunstone Tr\u00f2n 6ly"},"content":{"rendered":"<p><strong>V\u00f2ng tay \u0111\u00e1 Suntone &#8211; \u0111\u00e1 m\u1eb7t tr\u00f2n h\u1ea1t tr\u00f2n size 6ly v\u1edbi m\u00e0u cam \u0111\u1eadm x\u1ecf thun \u0111\u01a1n gi\u1ea3n.<\/strong><\/p>\n<p>Shop c\u00f3 s\u1eb5n chi\u1ebfc y h\u00ecnh d\u00e0i 16cm v\u1eeba c\u1ed5 tay 13.5-14cm ho\u1eb7c c\u00e1c b\u1ea1n c\u00f3 th\u1ec3 li\u00ean h\u1ec7 tr\u01b0\u1edbc v\u1edbi shop \u0111\u1ec3 \u0111\u01b0\u1ee3c t\u01b0 v\u1ea5n k\u0129 l\u01b0\u1ee1ng tr\u01b0\u1edbc khi \u0111\u1eb7t mua.<\/p>\n<p><strong>P.s: \u0110\u1ec3 \u0111\u01b0\u1ee3c shop ph\u1ea3n h\u1ed3i nhanh nh\u1ea5t<\/strong><strong>, c\u00e1c b\u1ea1n vui l\u00f2ng b\u1ea5m v\u00e0o n\u00fat \u201cnh\u1eafn tin qua instagram\u201d \u1edf d\u01b0\u1edbi ch\u1eef \u201cmua ngay\u201d nh\u00e9.<\/strong><\/p>\n","protected":false},"excerpt":{"rendered":"<p>V\u00f2ng tay \u0111\u00e1 Suntone &#8211; \u0111\u00e1 m\u1eb7t tr\u00f2n h\u1ea1t tr\u00f2n size 6ly v\u1edbi m\u00e0u cam \u0111\u1eadm x\u1ecf thun \u0111\u01a1n gi\u1ea3n. Shop c\u00f3 s\u1eb5n chi\u1ebfc y h\u00ecnh d\u00e0i 16cm v\u1eeba c\u1ed5 tay 13.5-14cm ho\u1eb7c c\u00e1c b\u1ea1n c\u00f3 th\u1ec3 li\u00ean h\u1ec7 tr\u01b0\u1edbc v\u1edbi shop \u0111\u1ec3 \u0111\u01b0\u1ee3c t\u01b0 v\u1ea5n k\u0129 l\u01b0\u1ee1ng tr\u01b0\u1edbc khi \u0111\u1eb7t mua. P.s: \u0110\u1ec3 \u0111\u01b0\u1ee3c shop ph\u1ea3n h\u1ed3i nhanh nh\u1ea5t, c\u00e1c b\u1ea1n vui l\u00f2ng b\u1ea5m v\u00e0o n\u00fat \u201cnh\u1eafn tin qua instagram\u201d \u1edf d\u01b0\u1edbi ch\u1eef \u201cmua ngay\u201d nh\u00e9.<\/p>\n","protected":false},"featured_media":23094,"comment_status":"open","ping_status":"closed","template":"","meta":[],"product_brand":[],"product_cat":[284],"product_tag":[372,371,338,373,366],"class_list":{"0":"post-23099","1":"product","2":"type-product","3":"status-publish","4":"has-post-thumbnail","6":"product_cat-vong-tay","7":"product_tag-hacnguyetquang","8":"product_tag-labradorite","9":"product_tag-vongtay","10":"product_tag-xacu","11":"product_tag-xothun","12":"pa_color-clay","13":"pa_loai-da-sunstone","14":"pa_size-hat-tron","15":"pa_size-6-ly","16":"pa_style-tron","18":"first","19":"instock","20":"shipping-taxable","21":"purchasable","22":"product-type-simple"},"_links":{"self":[{"href":"https:\/\/www.erialshop.com\/index.php\/wp-json\/wp\/v2\/product\/23099","targetHints":{"allow":["GET"]}}],"collection":[{"href":"https:\/\/www.erialshop.com\/index.php\/wp-json\/wp\/v2\/product"}],"about":[{"href":"https:\/\/www.erialshop.com\/index.php\/wp-json\/wp\/v2\/types\/product"}],"replies":[{"embeddable":true,"href":"https:\/\/www.erialshop.com\/index.php\/wp-json\/wp\/v2\/comments?post=23099"}],"version-history":[{"count":2,"href":"https:\/\/www.erialshop.com\/index.php\/wp-json\/wp\/v2\/product\/23099\/revisions"}],"predecessor-version":[{"id":25729,"href":"https:\/\/www.erialshop.com\/index.php\/wp-json\/wp\/v2\/product\/23099\/revisions\/25729"}],"wp:featuredmedia":[{"embeddable":true,"href":"https:\/\/www.erialshop.com\/index.php\/wp-json\/wp\/v2\/media\/23094"}],"wp:attachment":[{"href":"https:\/\/www.erialshop.com\/index.php\/wp-json\/wp\/v2\/media?parent=23099"}],"wp:term":[{"taxonomy":"product_brand","embeddable":true,"href":"https:\/\/www.erialshop.com\/index.php\/wp-json\/wp\/v2\/product_brand?post=23099"},{"taxonomy":"product_cat","embeddable":true,"href":"https:\/\/www.erialshop.com\/index.php\/wp-json\/wp\/v2\/product_cat?post=23099"},{"taxonomy":"product_tag","embeddable":true,"href":"https:\/\/www.erialshop.com\/index.php\/wp-json\/wp\/v2\/product_tag?post=23099"}],"curies":[{"name":"wp","href":"https:\/\/api.w.org\/{rel}","templated":true}]}}