{"id":23041,"date":"2024-08-23T18:08:38","date_gmt":"2024-08-23T11:08:38","guid":{"rendered":"https:\/\/erialshop.com\/?post_type=product&#038;p=23041"},"modified":"2024-10-24T21:04:09","modified_gmt":"2024-10-24T14:04:09","slug":"day-rut-ma-nao-cam-8ly","status":"publish","type":"product","link":"https:\/\/www.erialshop.com\/index.php\/product\/day-rut-ma-nao-cam-8ly\/","title":{"rendered":"D\u00e2y R\u00fat M\u00e3 N\u00e3o Cam 8ly"},"content":{"rendered":"<p><strong>V\u00f2ng tay kho\u00e1 d\u00e2y r\u00fat v\u1edbi \u0111\u00e1 m\u00e3 n\u00e3o cam pha d\u01b0\u01a1ng\/l\u00e1 h\u1ea1t tr\u00f2n size 8ly.<\/strong><\/p>\n<p><strong>M\u00f4 t\u1ea3 v\u1ec1 kho\u00e1 d\u00e2y r\u00fat:<\/strong>\u00a0Lo\u1ea1i kho\u00e1 n\u00e0y c\u00e1c b\u1ea1n s\u1ebd \u0111\u01b0a qua b\u00e0n tay \u0111\u1ec3 cho v\u00e0o c\u1ed5 tay xong sau \u0111\u00f3 r\u00fat l\u1ea1i theo chi\u1ec1u d\u00e0i mong mu\u1ed1n. Khi \u0111eo s\u1ebd c\u00f3 2 d\u00e2y t\u00f2ng teng nh\u01b0 h\u00ecnh, n\u00ean c\u00e1c b\u1ea1n n\u00e0o th\u01b0\u1eddng s\u1eed d\u1ee5ng tay nhi\u1ec1u c\u00f3 th\u1ec3 tham kh\u1ea3o th\u00eam m\u1eabu kh\u00e1c b\u00ean m\u00ecnh nh\u00e9.<\/p>\n<p>Size: l\u00f2ng b\u00e0n tay b\u1ec1 r\u1ed9ng nh\u1ecf h\u01a1n 9,5cm l\u00e0 \u0111eo v\u1eeba ho\u1eb7c c\u00e1c b\u1ea1n c\u00f3 th\u1ec3 li\u00ean h\u1ec7 v\u1edbi shop \u0111\u1ec3 \u0111\u01b0\u1ee3c t\u01b0 v\u1ea5n k\u0129 tr\u01b0\u1edbc khi mua.<\/p>\n<p class=\"p1\"><b>P.s: \u0110\u1ec3 \u0111\u01b0\u1ee3c shop ph\u1ea3n h\u1ed3i nhanh nh\u1ea5t, c\u00e1c b\u1ea1n vui l\u00f2ng b\u1ea5m v\u00e0o n\u00fat \u201cnh\u1eafn tin qua instagram\u201d \u1edf d\u01b0\u1edbi ch\u1eef \u201cmua ngay\u201d nh\u00e9.<\/b><\/p>\n","protected":false},"excerpt":{"rendered":"<p>V\u00f2ng tay kho\u00e1 d\u00e2y r\u00fat v\u1edbi \u0111\u00e1 m\u00e3 n\u00e3o cam pha d\u01b0\u01a1ng\/l\u00e1 h\u1ea1t tr\u00f2n size 8ly. M\u00f4 t\u1ea3 v\u1ec1 kho\u00e1 d\u00e2y r\u00fat:\u00a0Lo\u1ea1i kho\u00e1 n\u00e0y c\u00e1c b\u1ea1n s\u1ebd \u0111\u01b0a qua b\u00e0n tay \u0111\u1ec3 cho v\u00e0o c\u1ed5 tay xong sau \u0111\u00f3 r\u00fat l\u1ea1i theo chi\u1ec1u d\u00e0i mong mu\u1ed1n. Khi \u0111eo s\u1ebd c\u00f3 2 d\u00e2y t\u00f2ng teng nh\u01b0 h\u00ecnh, n\u00ean c\u00e1c b\u1ea1n n\u00e0o th\u01b0\u1eddng s\u1eed d\u1ee5ng tay nhi\u1ec1u c\u00f3 th\u1ec3 tham kh\u1ea3o th\u00eam m\u1eabu kh\u00e1c b\u00ean m\u00ecnh nh\u00e9. Size: l\u00f2ng b\u00e0n tay b\u1ec1 r\u1ed9ng nh\u1ecf h\u01a1n 9,5cm l\u00e0 \u0111eo v\u1eeba ho\u1eb7c c\u00e1c b\u1ea1n c\u00f3 th\u1ec3 li\u00ean h\u1ec7 v\u1edbi shop \u0111\u1ec3 \u0111\u01b0\u1ee3c t\u01b0 v\u1ea5n k\u0129 tr\u01b0\u1edbc khi mua. P.s: \u0110\u1ec3 \u0111\u01b0\u1ee3c shop ph\u1ea3n h\u1ed3i nhanh nh\u1ea5t, c\u00e1c b\u1ea1n vui l\u00f2ng b\u1ea5m v\u00e0o n\u00fat \u201cnh\u1eafn tin qua instagram\u201d \u1edf d\u01b0\u1edbi ch\u1eef \u201cmua ngay\u201d nh\u00e9.<\/p>\n","protected":false},"featured_media":23042,"comment_status":"open","ping_status":"closed","template":"","meta":[],"product_brand":[],"product_cat":[284],"product_tag":[],"class_list":{"0":"post-23041","1":"product","2":"type-product","3":"status-publish","4":"has-post-thumbnail","6":"product_cat-vong-tay","7":"pa_color-clay","8":"pa_loai-da-chalcedony","9":"pa_size-hat-tron","10":"pa_size-8-ly","11":"pa_style-day-rut","13":"first","14":"instock","15":"sale","16":"sold-individually","17":"shipping-taxable","18":"purchasable","19":"product-type-simple"},"_links":{"self":[{"href":"https:\/\/www.erialshop.com\/index.php\/wp-json\/wp\/v2\/product\/23041","targetHints":{"allow":["GET"]}}],"collection":[{"href":"https:\/\/www.erialshop.com\/index.php\/wp-json\/wp\/v2\/product"}],"about":[{"href":"https:\/\/www.erialshop.com\/index.php\/wp-json\/wp\/v2\/types\/product"}],"replies":[{"embeddable":true,"href":"https:\/\/www.erialshop.com\/index.php\/wp-json\/wp\/v2\/comments?post=23041"}],"version-history":[{"count":1,"href":"https:\/\/www.erialshop.com\/index.php\/wp-json\/wp\/v2\/product\/23041\/revisions"}],"predecessor-version":[{"id":25548,"href":"https:\/\/www.erialshop.com\/index.php\/wp-json\/wp\/v2\/product\/23041\/revisions\/25548"}],"wp:featuredmedia":[{"embeddable":true,"href":"https:\/\/www.erialshop.com\/index.php\/wp-json\/wp\/v2\/media\/23042"}],"wp:attachment":[{"href":"https:\/\/www.erialshop.com\/index.php\/wp-json\/wp\/v2\/media?parent=23041"}],"wp:term":[{"taxonomy":"product_brand","embeddable":true,"href":"https:\/\/www.erialshop.com\/index.php\/wp-json\/wp\/v2\/product_brand?post=23041"},{"taxonomy":"product_cat","embeddable":true,"href":"https:\/\/www.erialshop.com\/index.php\/wp-json\/wp\/v2\/product_cat?post=23041"},{"taxonomy":"product_tag","embeddable":true,"href":"https:\/\/www.erialshop.com\/index.php\/wp-json\/wp\/v2\/product_tag?post=23041"}],"curies":[{"name":"wp","href":"https:\/\/api.w.org\/{rel}","templated":true}]}}