{"id":23037,"date":"2023-08-22T18:08:08","date_gmt":"2023-08-22T11:08:08","guid":{"rendered":"https:\/\/erialshop.com\/?post_type=product&#038;p=23037"},"modified":"2024-11-13T12:28:43","modified_gmt":"2024-11-13T05:28:43","slug":"co-tour-den-3ly","status":"publish","type":"product","link":"https:\/\/www.erialshop.com\/index.php\/product\/co-tour-den-3ly\/","title":{"rendered":"C\u1ed5 Tourmaline \u0110en 3ly"},"content":{"rendered":"<p><strong>V\u00f2ng c\u1ed5 v\u1edbi \u0111\u00e1 tourmaline t\u00f4ng \u0111en size 3ly h\u1ea1t c\u1eaft gi\u00e1c c\u00f9ng m\u1ed9t s\u1ed1 chi ti\u1ebft m\u1ea1 v\u00e0ng.<\/strong><\/p>\n<p>Shop c\u00f3 s\u1eb5n chi\u1ebfc y h\u00ecnh v\u1edbi chi\u1ec1u d\u00e0i 40cm ho\u1eb7c c\u00e1c b\u1ea1n c\u00f3 th\u1ec3 inbox shop \u0111\u1ec3 \u0111\u1eb7t l\u00e0m theo chi\u1ec1u d\u00e0i y\u00eau c\u1ea7u nh\u00e9.<\/p>\n<p>L\u01b0u \u00fd: \u0110\u1ed1i v\u1edbi \u0111\u00e1 tourmaline th\u00ec m\u00e0u c\u1ee7a \u0111\u00e1 th\u01b0\u1eddng s\u1ebd ho\u00e0 l\u1eabn \u00edt ho\u1eb7c nhi\u1ec1u m\u00e0u trong c\u00f9ng 1 h\u1ea1t n\u00ean nh\u01b0 chi\u1ebfc trong h\u00ecnh th\u00ec n\u00f3 s\u1ebd kh\u00f4ng h\u1eb3n m\u00e0u \u0111en tuy\u1ec1n m\u00e0 h\u1ea1t c\u00f3 l\u1eabn m\u00e0u xanh l\u00e1, xanh d\u01b0\u01a1ng\u2026<\/p>\n<p><em>-Chi\u1ec1u d\u00e0i th\u1eadt c\u1ee7a v\u00f2ng shop c\u00f3 ghi \u1edf tr\u00ean c\u00f2n v\u1ec1 m\u1eb7t th\u1ecb gi\u00e1c nh\u01b0 vi\u1ec7c nh\u00ecn chi\u1ec1u d\u00e0i v\u00f2ng \u01b0\u1edbm l\u00ean c\u1ed5 gi\u1ea3 \u0111\u1ec3 ch\u1ee5p ch\u1ec9 mang t\u00ednh ch\u1ea5t t\u01b0\u1ee3ng tr\u01b0ng v\u00ec c\u1ed5 gi\u1ea3 c\u00f3 k\u00edch th\u01b0\u1edbc b\u00e9 h\u01a1n c\u01a1 th\u1ec3 th\u1eadt c\u1ee7a m\u00ecnh.<\/em><\/p>\n<p><strong>\u0110\u1ec3 \u0111\u01b0\u1ee3c shop ph\u1ea3n h\u1ed3i nhanh nh\u1ea5t, c\u00e1c b\u1ea1n nh\u1eafn tin cho m\u00ecnh qua instagram nh\u01b0 n\u00fat c\u1ea1nh b\u00e0i nh\u00e9.<\/strong><\/p>\n","protected":false},"excerpt":{"rendered":"<p>V\u00f2ng c\u1ed5 v\u1edbi \u0111\u00e1 tourmaline t\u00f4ng \u0111en size 3ly h\u1ea1t c\u1eaft gi\u00e1c c\u00f9ng m\u1ed9t s\u1ed1 chi ti\u1ebft m\u1ea1 v\u00e0ng. Shop c\u00f3 s\u1eb5n chi\u1ebfc y h\u00ecnh v\u1edbi chi\u1ec1u d\u00e0i 40cm ho\u1eb7c c\u00e1c b\u1ea1n c\u00f3 th\u1ec3 inbox shop \u0111\u1ec3 \u0111\u1eb7t l\u00e0m theo chi\u1ec1u d\u00e0i y\u00eau c\u1ea7u nh\u00e9. L\u01b0u \u00fd: \u0110\u1ed1i v\u1edbi \u0111\u00e1 tourmaline th\u00ec m\u00e0u c\u1ee7a \u0111\u00e1 th\u01b0\u1eddng s\u1ebd ho\u00e0 l\u1eabn \u00edt ho\u1eb7c nhi\u1ec1u m\u00e0u trong c\u00f9ng 1 h\u1ea1t n\u00ean nh\u01b0 chi\u1ebfc trong h\u00ecnh th\u00ec n\u00f3 s\u1ebd kh\u00f4ng h\u1eb3n m\u00e0u \u0111en tuy\u1ec1n m\u00e0 h\u1ea1t c\u00f3 l\u1eabn m\u00e0u xanh l\u00e1, xanh d\u01b0\u01a1ng\u2026 -Chi\u1ec1u d\u00e0i th\u1eadt c\u1ee7a v\u00f2ng shop c\u00f3 ghi \u1edf tr\u00ean c\u00f2n v\u1ec1 m\u1eb7t th\u1ecb gi\u00e1c nh\u01b0 vi\u1ec7c nh\u00ecn chi\u1ec1u d\u00e0i v\u00f2ng \u01b0\u1edbm l\u00ean c\u1ed5 gi\u1ea3 \u0111\u1ec3 ch\u1ee5p ch\u1ec9 mang t\u00ednh ch\u1ea5t t\u01b0\u1ee3ng tr\u01b0ng v\u00ec c\u1ed5 gi\u1ea3 c\u00f3 k\u00edch th\u01b0\u1edbc b\u00e9 h\u01a1n c\u01a1 th\u1ec3 th\u1eadt c\u1ee7a m\u00ecnh. \u0110\u1ec3 \u0111\u01b0\u1ee3c shop ph\u1ea3n h\u1ed3i nhanh nh\u1ea5t, c\u00e1c b\u1ea1n nh\u1eafn tin cho m\u00ecnh qua instagram nh\u01b0 n\u00fat c\u1ea1nh b\u00e0i nh\u00e9.<\/p>\n","protected":false},"featured_media":23038,"comment_status":"open","ping_status":"closed","template":"","meta":[],"product_brand":[],"product_cat":[285],"product_tag":[361,360,339,359],"class_list":{"0":"post-23037","1":"product","2":"type-product","3":"status-publish","4":"has-post-thumbnail","6":"product_cat-vong-co","7":"product_tag-blacktourmaline","8":"product_tag-hoacuc","9":"product_tag-tourmaline","10":"product_tag-vongco","11":"pa_color-black","12":"pa_fate-moc","13":"pa_fate-thuy","14":"pa_loai-da-tourmaline","15":"pa_size-3-ly","16":"pa_style-tron","18":"first","19":"instock","20":"sale","21":"shipping-taxable","22":"purchasable","23":"product-type-simple"},"_links":{"self":[{"href":"https:\/\/www.erialshop.com\/index.php\/wp-json\/wp\/v2\/product\/23037","targetHints":{"allow":["GET"]}}],"collection":[{"href":"https:\/\/www.erialshop.com\/index.php\/wp-json\/wp\/v2\/product"}],"about":[{"href":"https:\/\/www.erialshop.com\/index.php\/wp-json\/wp\/v2\/types\/product"}],"replies":[{"embeddable":true,"href":"https:\/\/www.erialshop.com\/index.php\/wp-json\/wp\/v2\/comments?post=23037"}],"version-history":[{"count":1,"href":"https:\/\/www.erialshop.com\/index.php\/wp-json\/wp\/v2\/product\/23037\/revisions"}],"predecessor-version":[{"id":25649,"href":"https:\/\/www.erialshop.com\/index.php\/wp-json\/wp\/v2\/product\/23037\/revisions\/25649"}],"wp:featuredmedia":[{"embeddable":true,"href":"https:\/\/www.erialshop.com\/index.php\/wp-json\/wp\/v2\/media\/23038"}],"wp:attachment":[{"href":"https:\/\/www.erialshop.com\/index.php\/wp-json\/wp\/v2\/media?parent=23037"}],"wp:term":[{"taxonomy":"product_brand","embeddable":true,"href":"https:\/\/www.erialshop.com\/index.php\/wp-json\/wp\/v2\/product_brand?post=23037"},{"taxonomy":"product_cat","embeddable":true,"href":"https:\/\/www.erialshop.com\/index.php\/wp-json\/wp\/v2\/product_cat?post=23037"},{"taxonomy":"product_tag","embeddable":true,"href":"https:\/\/www.erialshop.com\/index.php\/wp-json\/wp\/v2\/product_tag?post=23037"}],"curies":[{"name":"wp","href":"https:\/\/api.w.org\/{rel}","templated":true}]}}