{"id":23004,"date":"2023-08-13T18:16:26","date_gmt":"2023-08-13T11:16:26","guid":{"rendered":"https:\/\/erialshop.com\/?post_type=product&#038;p=23004"},"modified":"2023-08-11T19:40:58","modified_gmt":"2023-08-11T12:40:58","slug":"sapphire-tho-9ly","status":"publish","type":"product","link":"https:\/\/www.erialshop.com\/index.php\/product\/sapphire-tho-9ly\/","title":{"rendered":"Sapphire Th\u00f4 9ly"},"content":{"rendered":"<p><strong>V\u00f2ng tay \u0111\u00e1 sapphire t\u1ef1 nhi\u00ean c\u1eaft gi\u00e1c size 8.5-9ly x\u1ecf thun \u0111\u01a1n gi\u1ea3n, \u0111\u00e1 c\u00f2n th\u00f4 ch\u01b0a qua x\u1eed l\u00fd m\u00e0i b\u00f3ng, n\u0103ng l\u01b0\u1ee3ng cao.<\/strong><\/p>\n<p><span style=\"letter-spacing: 0px;\">Shop c\u00f3 s\u1eb5n chi\u1ebfc v\u1edbi chi\u1ec1u d\u00e0i 19.2cm( s\u1ed1 sanh) ho\u1eb7c c\u00e1c b\u1ea1n c\u00f3 th\u1ec3 li\u00ean h\u1ec7 v\u1edbi shop \u0111\u1ec3 \u0111\u01b0\u1ee3c t\u01b0 v\u1ea5n k\u1ef9 tr\u01b0\u1edbc khi \u0111\u1eb7t mua.<\/span><\/p>\n<p><em>L\u01b0u \u00fd: S\u1ea3n ph\u1ea9m tr\u00ean ch\u01b0a qua x\u1eed l\u00fd m\u00e0i b\u00f3ng th\u00ec c\u00f3 ch\u00fat khuy\u1ebft \u0111i\u1ec3m nh\u01b0: v\u1ebft r\u1ea1n, n\u1ee9t, ho\u1eb7c l\u00f5m nh\u1eb9 do qu\u00e1 tr\u00ecnh khai th\u00e1c v\u00e0 gia c\u00f4ng c\u1eaft \u0111\u00e1.<\/em><\/p>\n<p><strong>P.s: \u0110\u1ec3 \u0111\u01b0\u1ee3c shop ph\u1ea3n h\u1ed3i nhanh nh\u1ea5t, c\u00e1c b\u1ea1n vui l\u00f2ng b\u1ea5m v\u00e0o n\u00fat \u201cnh\u1eafn tin qua instagram\u201d \u1edf d\u01b0\u1edbi ch\u1eef \u201cmua ngay\u201d nh\u00e9.<\/strong><\/p>\n","protected":false},"excerpt":{"rendered":"<p>V\u00f2ng tay \u0111\u00e1 sapphire t\u1ef1 nhi\u00ean c\u1eaft gi\u00e1c size 8.5-9ly x\u1ecf thun \u0111\u01a1n gi\u1ea3n, \u0111\u00e1 c\u00f2n th\u00f4 ch\u01b0a qua x\u1eed l\u00fd m\u00e0i b\u00f3ng, n\u0103ng l\u01b0\u1ee3ng cao. Shop c\u00f3 s\u1eb5n chi\u1ebfc v\u1edbi chi\u1ec1u d\u00e0i 19.2cm( s\u1ed1 sanh) ho\u1eb7c c\u00e1c b\u1ea1n c\u00f3 th\u1ec3 li\u00ean h\u1ec7 v\u1edbi shop \u0111\u1ec3 \u0111\u01b0\u1ee3c t\u01b0 v\u1ea5n k\u1ef9 tr\u01b0\u1edbc khi \u0111\u1eb7t mua. L\u01b0u \u00fd: S\u1ea3n ph\u1ea9m tr\u00ean ch\u01b0a qua x\u1eed l\u00fd m\u00e0i b\u00f3ng th\u00ec c\u00f3 ch\u00fat khuy\u1ebft \u0111i\u1ec3m nh\u01b0: v\u1ebft r\u1ea1n, n\u1ee9t, ho\u1eb7c l\u00f5m nh\u1eb9 do qu\u00e1 tr\u00ecnh khai th\u00e1c v\u00e0 gia c\u00f4ng c\u1eaft \u0111\u00e1. P.s: \u0110\u1ec3 \u0111\u01b0\u1ee3c shop ph\u1ea3n h\u1ed3i nhanh nh\u1ea5t, c\u00e1c b\u1ea1n vui l\u00f2ng b\u1ea5m v\u00e0o n\u00fat \u201cnh\u1eafn tin qua instagram\u201d \u1edf d\u01b0\u1edbi ch\u1eef \u201cmua ngay\u201d nh\u00e9.<\/p>\n","protected":false},"featured_media":23005,"comment_status":"open","ping_status":"closed","template":"","meta":[],"product_brand":[],"product_cat":[284],"product_tag":[339,338],"class_list":{"0":"post-23004","1":"product","2":"type-product","3":"status-publish","4":"has-post-thumbnail","6":"product_cat-vong-tay","7":"product_tag-tourmaline","8":"product_tag-vongtay","9":"pa_color-blue","10":"pa_loai-da-sapphire","11":"pa_size-9ly","12":"pa_style-tron","14":"first","15":"instock","16":"shipping-taxable","17":"purchasable","18":"product-type-simple"},"_links":{"self":[{"href":"https:\/\/www.erialshop.com\/index.php\/wp-json\/wp\/v2\/product\/23004","targetHints":{"allow":["GET"]}}],"collection":[{"href":"https:\/\/www.erialshop.com\/index.php\/wp-json\/wp\/v2\/product"}],"about":[{"href":"https:\/\/www.erialshop.com\/index.php\/wp-json\/wp\/v2\/types\/product"}],"replies":[{"embeddable":true,"href":"https:\/\/www.erialshop.com\/index.php\/wp-json\/wp\/v2\/comments?post=23004"}],"version-history":[{"count":0,"href":"https:\/\/www.erialshop.com\/index.php\/wp-json\/wp\/v2\/product\/23004\/revisions"}],"wp:featuredmedia":[{"embeddable":true,"href":"https:\/\/www.erialshop.com\/index.php\/wp-json\/wp\/v2\/media\/23005"}],"wp:attachment":[{"href":"https:\/\/www.erialshop.com\/index.php\/wp-json\/wp\/v2\/media?parent=23004"}],"wp:term":[{"taxonomy":"product_brand","embeddable":true,"href":"https:\/\/www.erialshop.com\/index.php\/wp-json\/wp\/v2\/product_brand?post=23004"},{"taxonomy":"product_cat","embeddable":true,"href":"https:\/\/www.erialshop.com\/index.php\/wp-json\/wp\/v2\/product_cat?post=23004"},{"taxonomy":"product_tag","embeddable":true,"href":"https:\/\/www.erialshop.com\/index.php\/wp-json\/wp\/v2\/product_tag?post=23004"}],"curies":[{"name":"wp","href":"https:\/\/api.w.org\/{rel}","templated":true}]}}