{"id":22986,"date":"2023-02-08T18:08:07","date_gmt":"2023-02-08T11:08:07","guid":{"rendered":"https:\/\/erialshop.com\/?post_type=product&#038;p=22986"},"modified":"2023-09-05T13:32:15","modified_gmt":"2023-09-05T06:32:15","slug":"toc-vang-6-5ly","status":"publish","type":"product","link":"https:\/\/www.erialshop.com\/index.php\/product\/toc-vang-6-5ly\/","title":{"rendered":"T\u00f3c V\u00e0ng 6.5ly"},"content":{"rendered":"<p><strong>V\u00f2ng tay v\u1edbi \u0111\u00e1 th\u1ea1ch anh t\u00f3c v\u00e0ng h\u1ea1t tr\u00f2n size 6.5ly x\u1ecf thun \u0111\u01a1n gi\u1ea3n.<\/strong><\/p>\n<p>T\u00f3c v\u00e0ng ch\u1ea5t l\u01b0\u1ee3ng cao, c\u00f3 th\u1ec3 nh\u00ecn th\u1ea5y c\u00e1c s\u1ee3i t\u00f3c \u0111an d\u00e0y trong \u0111\u00e1. Shop c\u00f3 chi\u1ebfc y h\u00ecnh v\u1edbi chi\u1ec1u d\u00e0i 17.2cm ho\u1eb7c c\u00e1c b\u1ea1n vui l\u00f2ng li\u00ean h\u1ec7 v\u1edbi shop \u0111\u1ec3 \u0111\u01b0\u1ee3c t\u01b0 v\u1ea5n v\u1ec1 size tr\u01b0\u1edbc khi \u0111\u1eb7t mua.<\/p>\n<p><strong>P.s: \u0110\u1ec3 \u0111\u01b0\u1ee3c shop ph\u1ea3n h\u1ed3i nhanh nh\u1ea5t, c\u00e1c b\u1ea1n vui l\u00f2ng b\u1ea5m v\u00e0o n\u00fat \u201cnh\u1eafn tin qua instagram\u201d \u1edf d\u01b0\u1edbi ch\u1eef \u201cmua ngay\u201d nh\u00e9.<\/strong><\/p>\n","protected":false},"excerpt":{"rendered":"<p>V\u00f2ng tay v\u1edbi \u0111\u00e1 th\u1ea1ch anh t\u00f3c v\u00e0ng h\u1ea1t tr\u00f2n size 6.5ly x\u1ecf thun \u0111\u01a1n gi\u1ea3n. T\u00f3c v\u00e0ng ch\u1ea5t l\u01b0\u1ee3ng cao, c\u00f3 th\u1ec3 nh\u00ecn th\u1ea5y c\u00e1c s\u1ee3i t\u00f3c \u0111an d\u00e0y trong \u0111\u00e1. Shop c\u00f3 chi\u1ebfc y h\u00ecnh v\u1edbi chi\u1ec1u d\u00e0i 17.2cm ho\u1eb7c c\u00e1c b\u1ea1n vui l\u00f2ng li\u00ean h\u1ec7 v\u1edbi shop \u0111\u1ec3 \u0111\u01b0\u1ee3c t\u01b0 v\u1ea5n v\u1ec1 size tr\u01b0\u1edbc khi \u0111\u1eb7t mua. P.s: \u0110\u1ec3 \u0111\u01b0\u1ee3c shop ph\u1ea3n h\u1ed3i nhanh nh\u1ea5t, c\u00e1c b\u1ea1n vui l\u00f2ng b\u1ea5m v\u00e0o n\u00fat \u201cnh\u1eafn tin qua instagram\u201d \u1edf d\u01b0\u1edbi ch\u1eef \u201cmua ngay\u201d nh\u00e9.<\/p>\n","protected":false},"featured_media":22990,"comment_status":"open","ping_status":"closed","template":"","meta":[],"product_brand":[],"product_cat":[284],"product_tag":[458,338],"class_list":{"0":"post-22986","1":"product","2":"type-product","3":"status-publish","4":"has-post-thumbnail","6":"product_cat-vong-tay","7":"product_tag-tocvang","8":"product_tag-vongtay","9":"pa_color-yellow","10":"pa_fate-kim","11":"pa_fate-tho","12":"pa_loai-da-thach-anh-toc","13":"pa_size-6-ly","14":"pa_size-hat-tron","16":"first","17":"instock","18":"shipping-taxable","19":"purchasable","20":"product-type-simple"},"_links":{"self":[{"href":"https:\/\/www.erialshop.com\/index.php\/wp-json\/wp\/v2\/product\/22986","targetHints":{"allow":["GET"]}}],"collection":[{"href":"https:\/\/www.erialshop.com\/index.php\/wp-json\/wp\/v2\/product"}],"about":[{"href":"https:\/\/www.erialshop.com\/index.php\/wp-json\/wp\/v2\/types\/product"}],"replies":[{"embeddable":true,"href":"https:\/\/www.erialshop.com\/index.php\/wp-json\/wp\/v2\/comments?post=22986"}],"version-history":[{"count":0,"href":"https:\/\/www.erialshop.com\/index.php\/wp-json\/wp\/v2\/product\/22986\/revisions"}],"wp:featuredmedia":[{"embeddable":true,"href":"https:\/\/www.erialshop.com\/index.php\/wp-json\/wp\/v2\/media\/22990"}],"wp:attachment":[{"href":"https:\/\/www.erialshop.com\/index.php\/wp-json\/wp\/v2\/media?parent=22986"}],"wp:term":[{"taxonomy":"product_brand","embeddable":true,"href":"https:\/\/www.erialshop.com\/index.php\/wp-json\/wp\/v2\/product_brand?post=22986"},{"taxonomy":"product_cat","embeddable":true,"href":"https:\/\/www.erialshop.com\/index.php\/wp-json\/wp\/v2\/product_cat?post=22986"},{"taxonomy":"product_tag","embeddable":true,"href":"https:\/\/www.erialshop.com\/index.php\/wp-json\/wp\/v2\/product_tag?post=22986"}],"curies":[{"name":"wp","href":"https:\/\/api.w.org\/{rel}","templated":true}]}}