{"id":22985,"date":"2023-04-08T18:28:39","date_gmt":"2023-04-08T11:28:39","guid":{"rendered":"https:\/\/erialshop.com\/?post_type=product&#038;p=22985"},"modified":"2023-08-11T21:23:05","modified_gmt":"2023-08-11T14:23:05","slug":"toc-xanh-la-3ly","status":"publish","type":"product","link":"https:\/\/www.erialshop.com\/index.php\/product\/toc-xanh-la-3ly\/","title":{"rendered":"T\u00f3c Xanh L\u00e1 3ly"},"content":{"rendered":"<p><strong>V\u00f2ng tay v\u1edbi \u0111\u00e1 th\u1ea1ch anh t\u00f3c m\u00e0u xanh l\u00e1 h\u1ea1t c\u1eaft gi\u00e1c size 3ly x\u1ecf tr\u01a1n \u0111\u01a1n gi\u1ea3n c\u00f9ng m\u1ed9t s\u1ed1 chi ti\u1ebft m\u1ea1 v\u00e0ng.<\/strong><\/p>\n<p>C\u00e1c b\u1ea1n c\u00f3 th\u1ec3 li\u00ean h\u1ec7 v\u1edbi shop ch\u1ec9nh l\u1ea1i size theo tay ho\u1eb7c \u0111\u1ec3 \u0111\u01b0\u1ee3c t\u01b0 v\u1ea5n k\u1ef9 tr\u01b0\u1edbc khi \u0111\u1eb7t mua.<\/p>\n<p><strong>L\u01b0u \u00fd:\u00a0<\/strong>m\u00e0u c\u1ee7a \u0111\u00e1 th\u1ea1ch anh t\u00f3c xanh s\u1ebd ch\u1ea1y \u0111\u1eadm nh\u1ea1t kh\u00f4ng \u0111\u1ec1u n\u00ean m\u1ed7i chi\u1ebfc l\u00e0m ra s\u1ebd h\u01a1i kh\u00e1c nhau<\/p>\n<p><b style=\"letter-spacing: 0px;\">P.s: \u0110\u1ec3 \u0111\u01b0\u1ee3c shop ph\u1ea3n h\u1ed3i nhanh nh\u1ea5t, c\u00e1c b\u1ea1n vui l\u00f2ng b\u1ea5m v\u00e0o n\u00fat \u201cnh\u1eafn tin qua instagram\u201d \u1edf d\u01b0\u1edbi ch\u1eef \u201cmua ngay\u201d nh\u00e9.<\/b><\/p>\n","protected":false},"excerpt":{"rendered":"<p>V\u00f2ng tay v\u1edbi \u0111\u00e1 th\u1ea1ch anh t\u00f3c m\u00e0u xanh l\u00e1 h\u1ea1t c\u1eaft gi\u00e1c size 3ly x\u1ecf tr\u01a1n \u0111\u01a1n gi\u1ea3n c\u00f9ng m\u1ed9t s\u1ed1 chi ti\u1ebft m\u1ea1 v\u00e0ng. C\u00e1c b\u1ea1n c\u00f3 th\u1ec3 li\u00ean h\u1ec7 v\u1edbi shop ch\u1ec9nh l\u1ea1i size theo tay ho\u1eb7c \u0111\u1ec3 \u0111\u01b0\u1ee3c t\u01b0 v\u1ea5n k\u1ef9 tr\u01b0\u1edbc khi \u0111\u1eb7t mua. L\u01b0u \u00fd:\u00a0m\u00e0u c\u1ee7a \u0111\u00e1 th\u1ea1ch anh t\u00f3c xanh s\u1ebd ch\u1ea1y \u0111\u1eadm nh\u1ea1t kh\u00f4ng \u0111\u1ec1u n\u00ean m\u1ed7i chi\u1ebfc l\u00e0m ra s\u1ebd h\u01a1i kh\u00e1c nhau P.s: \u0110\u1ec3 \u0111\u01b0\u1ee3c shop ph\u1ea3n h\u1ed3i nhanh nh\u1ea5t, c\u00e1c b\u1ea1n vui l\u00f2ng b\u1ea5m v\u00e0o n\u00fat \u201cnh\u1eafn tin qua instagram\u201d \u1edf d\u01b0\u1edbi ch\u1eef \u201cmua ngay\u201d nh\u00e9.<\/p>\n","protected":false},"featured_media":22987,"comment_status":"open","ping_status":"closed","template":"","meta":[],"product_brand":[],"product_cat":[284],"product_tag":[376,421,338],"class_list":{"0":"post-22985","1":"product","2":"type-product","3":"status-publish","4":"has-post-thumbnail","6":"product_cat-vong-tay","7":"product_tag-thachanhtoc","8":"product_tag-tocxanhla","9":"product_tag-vongtay","10":"pa_color-green","11":"pa_fate-moc","12":"pa_fate-hoa","13":"pa_loai-da-thach-anh-toc","14":"pa_size-3-ly","15":"pa_style-tron","17":"first","18":"instock","19":"shipping-taxable","20":"purchasable","21":"product-type-simple"},"_links":{"self":[{"href":"https:\/\/www.erialshop.com\/index.php\/wp-json\/wp\/v2\/product\/22985","targetHints":{"allow":["GET"]}}],"collection":[{"href":"https:\/\/www.erialshop.com\/index.php\/wp-json\/wp\/v2\/product"}],"about":[{"href":"https:\/\/www.erialshop.com\/index.php\/wp-json\/wp\/v2\/types\/product"}],"replies":[{"embeddable":true,"href":"https:\/\/www.erialshop.com\/index.php\/wp-json\/wp\/v2\/comments?post=22985"}],"version-history":[{"count":0,"href":"https:\/\/www.erialshop.com\/index.php\/wp-json\/wp\/v2\/product\/22985\/revisions"}],"wp:featuredmedia":[{"embeddable":true,"href":"https:\/\/www.erialshop.com\/index.php\/wp-json\/wp\/v2\/media\/22987"}],"wp:attachment":[{"href":"https:\/\/www.erialshop.com\/index.php\/wp-json\/wp\/v2\/media?parent=22985"}],"wp:term":[{"taxonomy":"product_brand","embeddable":true,"href":"https:\/\/www.erialshop.com\/index.php\/wp-json\/wp\/v2\/product_brand?post=22985"},{"taxonomy":"product_cat","embeddable":true,"href":"https:\/\/www.erialshop.com\/index.php\/wp-json\/wp\/v2\/product_cat?post=22985"},{"taxonomy":"product_tag","embeddable":true,"href":"https:\/\/www.erialshop.com\/index.php\/wp-json\/wp\/v2\/product_tag?post=22985"}],"curies":[{"name":"wp","href":"https:\/\/api.w.org\/{rel}","templated":true}]}}