{"id":22917,"date":"2023-08-06T18:16:52","date_gmt":"2023-08-06T11:16:52","guid":{"rendered":"https:\/\/erialshop.com\/?post_type=product&#038;p=22917"},"modified":"2024-08-23T14:38:45","modified_gmt":"2024-08-23T07:38:45","slug":"labradorite-vun-m","status":"publish","type":"product","link":"https:\/\/www.erialshop.com\/index.php\/product\/labradorite-vun-m\/","title":{"rendered":"Labradorite V\u1ee5n &#8211; Size M"},"content":{"rendered":"<p><strong>V\u00f2ng tay \u0111\u00e1 labradorite th\u00e2n m\u00e0u x\u00e1m tr\u1eafng d\u1ea1ng v\u1ee5n &#8211; chi\u1ec1u d\u00e0i v\u1ee5n c\u1ee1 7-8mm, n\u1eb7ng tay x\u1ecf tr\u01a1n \u0111\u01a1n gi\u1ea3n c\u00f9ng m\u1ed9t s\u1ed1 chi ti\u1ebft m\u1ea1 v\u00e0ng.<\/strong><\/p>\n<p>Shop c\u00f3 s\u1eb5n d\u00e2y nh\u01b0 h\u00ecnh d\u00e0i 17cm ho\u1eb7c c\u00e1c b\u1ea1n c\u00f3 th\u1ec3 li\u00ean h\u1ec7 tr\u01b0\u1edbc v\u1edbi shop \u0111\u1ec3 \u0111\u01b0\u1ee3c t\u01b0 v\u1ea5n k\u0129 l\u01b0\u1ee1ng tr\u01b0\u1edbc khi \u0111\u1eb7t mua.<\/p>\n<p><em><strong>Ch\u00fa \u00fd:<\/strong> \u0110\u1ed1i v\u1edbi c\u00e1c lo\u1ea1i v\u00f2ng x\u1ecf v\u1edbi \u0111\u00e1 v\u1ee5n, c\u00e1c b\u1ea1n l\u01b0u \u00fd \u0111\u1eb7t tay nh\u1eb9 nh\u00e0ng khi va ch\u1ea1m c\u00e1c m\u1eb7t c\u1ee9ng \u0111\u1ec3 h\u1ea1n ch\u1ebf vi\u00eac r\u1ea1n, n\u1ee9t \u0111\u00e1 v\u00ec \u0111\u00e1 v\u1ee5n kh\u00f4ng c\u00f3 1 k\u00edch th\u01b0\u1edbc c\u1ee5 th\u1ec3 n\u00ean l\u1ed7 x\u1ecf th\u01b0\u1eddng s\u1ebd n\u1eb1m ng\u1eabu nhi\u00ean tr\u00ean vi\u00ean \u0111\u00e1. Ho\u1eb7c n\u1ebfu c\u00e1c b\u1ea1n kh\u00f4ng ti\u1ec7n nh\u1eb9 tay c\u00f3 th\u1ec3 tham kh\u1ea3o th\u00eam c\u00e1c lo\u1ea1i \u0111\u00e1 c\u00f3 \u0111\u1ed9 c\u1ee9ng cao.<\/em><\/p>\n<p><strong>P.s: \u0110\u1ec3 \u0111\u01b0\u1ee3c shop ph\u1ea3n h\u1ed3i nhanh nh\u1ea5t<\/strong><strong>, c\u00e1c b\u1ea1n vui l\u00f2ng b\u1ea5m v\u00e0o n\u00fat \u201cnh\u1eafn tin qua instagram\u201d \u1edf d\u01b0\u1edbi ch\u1eef \u201cmua ngay\u201d nh\u00e9.<\/strong><\/p>\n","protected":false},"excerpt":{"rendered":"<p>V\u00f2ng tay \u0111\u00e1 labradorite th\u00e2n m\u00e0u x\u00e1m tr\u1eafng d\u1ea1ng v\u1ee5n &#8211; chi\u1ec1u d\u00e0i v\u1ee5n c\u1ee1 7-8mm, n\u1eb7ng tay x\u1ecf tr\u01a1n \u0111\u01a1n gi\u1ea3n c\u00f9ng m\u1ed9t s\u1ed1 chi ti\u1ebft m\u1ea1 v\u00e0ng. Shop c\u00f3 s\u1eb5n d\u00e2y nh\u01b0 h\u00ecnh d\u00e0i 17cm ho\u1eb7c c\u00e1c b\u1ea1n c\u00f3 th\u1ec3 li\u00ean h\u1ec7 tr\u01b0\u1edbc v\u1edbi shop \u0111\u1ec3 \u0111\u01b0\u1ee3c t\u01b0 v\u1ea5n k\u0129 l\u01b0\u1ee1ng tr\u01b0\u1edbc khi \u0111\u1eb7t mua. Ch\u00fa \u00fd: \u0110\u1ed1i v\u1edbi c\u00e1c lo\u1ea1i v\u00f2ng x\u1ecf v\u1edbi \u0111\u00e1 v\u1ee5n, c\u00e1c b\u1ea1n l\u01b0u \u00fd \u0111\u1eb7t tay nh\u1eb9 nh\u00e0ng khi va ch\u1ea1m c\u00e1c m\u1eb7t c\u1ee9ng \u0111\u1ec3 h\u1ea1n ch\u1ebf vi\u00eac r\u1ea1n, n\u1ee9t \u0111\u00e1 v\u00ec \u0111\u00e1 v\u1ee5n kh\u00f4ng c\u00f3 1 k\u00edch th\u01b0\u1edbc c\u1ee5 th\u1ec3 n\u00ean l\u1ed7 x\u1ecf th\u01b0\u1eddng s\u1ebd n\u1eb1m ng\u1eabu nhi\u00ean tr\u00ean vi\u00ean \u0111\u00e1. Ho\u1eb7c n\u1ebfu c\u00e1c b\u1ea1n kh\u00f4ng ti\u1ec7n nh\u1eb9 tay c\u00f3 th\u1ec3 tham kh\u1ea3o th\u00eam c\u00e1c lo\u1ea1i \u0111\u00e1 c\u00f3 \u0111\u1ed9 c\u1ee9ng cao. P.s: \u0110\u1ec3 \u0111\u01b0\u1ee3c shop ph\u1ea3n h\u1ed3i nhanh nh\u1ea5t, c\u00e1c b\u1ea1n vui l\u00f2ng b\u1ea5m v\u00e0o n\u00fat \u201cnh\u1eafn tin qua instagram\u201d \u1edf d\u01b0\u1edbi ch\u1eef \u201cmua ngay\u201d nh\u00e9.<\/p>\n","protected":false},"featured_media":22919,"comment_status":"open","ping_status":"closed","template":"","meta":[],"product_brand":[],"product_cat":[284],"product_tag":[372,371,338,373,366],"class_list":{"0":"post-22917","1":"product","2":"type-product","3":"status-publish","4":"has-post-thumbnail","6":"product_cat-vong-tay","7":"product_tag-hacnguyetquang","8":"product_tag-labradorite","9":"product_tag-vongtay","10":"product_tag-xacu","11":"product_tag-xothun","12":"pa_color-grey","13":"pa_fate-kim","14":"pa_fate-thuy","15":"pa_loai-da-labradorite","16":"pa_size-vun","17":"pa_style-tron","19":"first","20":"instock","21":"sold-individually","22":"shipping-taxable","23":"purchasable","24":"product-type-simple"},"_links":{"self":[{"href":"https:\/\/www.erialshop.com\/index.php\/wp-json\/wp\/v2\/product\/22917","targetHints":{"allow":["GET"]}}],"collection":[{"href":"https:\/\/www.erialshop.com\/index.php\/wp-json\/wp\/v2\/product"}],"about":[{"href":"https:\/\/www.erialshop.com\/index.php\/wp-json\/wp\/v2\/types\/product"}],"replies":[{"embeddable":true,"href":"https:\/\/www.erialshop.com\/index.php\/wp-json\/wp\/v2\/comments?post=22917"}],"version-history":[{"count":0,"href":"https:\/\/www.erialshop.com\/index.php\/wp-json\/wp\/v2\/product\/22917\/revisions"}],"wp:featuredmedia":[{"embeddable":true,"href":"https:\/\/www.erialshop.com\/index.php\/wp-json\/wp\/v2\/media\/22919"}],"wp:attachment":[{"href":"https:\/\/www.erialshop.com\/index.php\/wp-json\/wp\/v2\/media?parent=22917"}],"wp:term":[{"taxonomy":"product_brand","embeddable":true,"href":"https:\/\/www.erialshop.com\/index.php\/wp-json\/wp\/v2\/product_brand?post=22917"},{"taxonomy":"product_cat","embeddable":true,"href":"https:\/\/www.erialshop.com\/index.php\/wp-json\/wp\/v2\/product_cat?post=22917"},{"taxonomy":"product_tag","embeddable":true,"href":"https:\/\/www.erialshop.com\/index.php\/wp-json\/wp\/v2\/product_tag?post=22917"}],"curies":[{"name":"wp","href":"https:\/\/api.w.org\/{rel}","templated":true}]}}