{"id":22913,"date":"2023-08-03T19:17:10","date_gmt":"2023-08-03T12:17:10","guid":{"rendered":"https:\/\/erialshop.com\/?post_type=product&#038;p=22913"},"modified":"2023-08-03T20:00:06","modified_gmt":"2023-08-03T13:00:06","slug":"mat-day-chuyen-sapphire","status":"publish","type":"product","link":"https:\/\/www.erialshop.com\/index.php\/product\/mat-day-chuyen-sapphire\/","title":{"rendered":"M\u1eb7t D\u00e2y Chuy\u1ec1n Sapphire"},"content":{"rendered":"<p><strong>M\u1eb7t d\u00e2y chuy\u1ec3n v\u1edbi \u0111\u00e1 sapphire m\u00e0u v\u00e0ng pha h\u1ed3ng h\u00ecnh b\u1ea7u d\u1ee5c l\u1ed3i m\u1eb7t tr\u00ean v\u00e0 ph\u1eb3ng m\u1eb7t c\u00f2n l\u1ea1i mix m\u1ed9t s\u1ed1 chi ti\u1ebft m\u1ea1 v\u00e0ng.<\/strong><\/p>\n<p>Vi\u00ean n\u1eb7ng: 15g. D\u00e0i 2.2cm &#8211; R\u1ed9ng 1.6cm &#8211; D\u00e0y: 1.1cm. C\u00e1c b\u1ea1n c\u00f3 th\u1ec3 li\u00ean h\u1ec7 tr\u01b0\u1edbc v\u1edbi shop \u0111\u1ec3 \u0111\u01b0\u1ee3c t\u01b0 v\u1ea5n k\u0129 l\u01b0\u1ee1ng tr\u01b0\u1edbc khi \u0111\u1eb7t mua.<\/p>\n<p><em>L\u01b0u \u00fd: do c\u00f3 qu\u1ea5n k\u1ebbm m\u1ea1 v\u00e0ng n\u00ean c\u00e1c b\u1ea1n h\u1ea1n ch\u1ebf \u0111\u1ec3 ti\u1ebft x\u00fac v\u1edbi m\u1ed3 h\u00f4i, n\u01b0\u1edbc, ho\u00e1 ch\u1ea5t. Vi\u00ean \u0111\u00e1 c\u00f2n nguy\u00ean v\u1eb9n ho\u00e0n to\u00e0n n\u00ean m\u00ecnh c\u00f3 b\u00e1n \u0111\u00e1 vi\u00ean y v\u1eady, \u0111\u1ec3 c\u00e1c b\u1ea1n c\u00f3 th\u1ec3 s\u1eed d\u1ee5ng ho\u1eb7c ch\u1ebf t\u00e1c theo \u00fd ri\u00eang<\/em><\/p>\n<p><strong>P.s: \u0110\u1ec3 \u0111\u01b0\u1ee3c shop ph\u1ea3n h\u1ed3i nhanh nh\u1ea5t, c\u00e1c b\u1ea1n vui l\u00f2ng b\u1ea5m v\u00e0o n\u00fat \u201cnh\u1eafn tin qua instagram\u201d \u1edf d\u01b0\u1edbi ch\u1eef \u201cmua ngay\u201d nh\u00e9.<\/strong><\/p>\n","protected":false},"excerpt":{"rendered":"<p>M\u1eb7t d\u00e2y chuy\u1ec3n v\u1edbi \u0111\u00e1 sapphire m\u00e0u v\u00e0ng pha h\u1ed3ng h\u00ecnh b\u1ea7u d\u1ee5c l\u1ed3i m\u1eb7t tr\u00ean v\u00e0 ph\u1eb3ng m\u1eb7t c\u00f2n l\u1ea1i mix m\u1ed9t s\u1ed1 chi ti\u1ebft m\u1ea1 v\u00e0ng. Vi\u00ean n\u1eb7ng: 15g. D\u00e0i 2.2cm &#8211; R\u1ed9ng 1.6cm &#8211; D\u00e0y: 1.1cm. C\u00e1c b\u1ea1n c\u00f3 th\u1ec3 li\u00ean h\u1ec7 tr\u01b0\u1edbc v\u1edbi shop \u0111\u1ec3 \u0111\u01b0\u1ee3c t\u01b0 v\u1ea5n k\u0129 l\u01b0\u1ee1ng tr\u01b0\u1edbc khi \u0111\u1eb7t mua. L\u01b0u \u00fd: do c\u00f3 qu\u1ea5n k\u1ebbm m\u1ea1 v\u00e0ng n\u00ean c\u00e1c b\u1ea1n h\u1ea1n ch\u1ebf \u0111\u1ec3 ti\u1ebft x\u00fac v\u1edbi m\u1ed3 h\u00f4i, n\u01b0\u1edbc, ho\u00e1 ch\u1ea5t. Vi\u00ean \u0111\u00e1 c\u00f2n nguy\u00ean v\u1eb9n ho\u00e0n to\u00e0n n\u00ean m\u00ecnh c\u00f3 b\u00e1n \u0111\u00e1 vi\u00ean y v\u1eady, \u0111\u1ec3 c\u00e1c b\u1ea1n c\u00f3 th\u1ec3 s\u1eed d\u1ee5ng ho\u1eb7c ch\u1ebf t\u00e1c theo \u00fd ri\u00eang P.s: \u0110\u1ec3 \u0111\u01b0\u1ee3c shop ph\u1ea3n h\u1ed3i nhanh nh\u1ea5t, c\u00e1c b\u1ea1n vui l\u00f2ng b\u1ea5m v\u00e0o n\u00fat \u201cnh\u1eafn tin qua instagram\u201d \u1edf d\u01b0\u1edbi ch\u1eef \u201cmua ngay\u201d nh\u00e9.<\/p>\n","protected":false},"featured_media":22914,"comment_status":"open","ping_status":"closed","template":"","meta":[],"product_brand":[],"product_cat":[285,287],"product_tag":[394,424,468,405,339,359],"class_list":{"0":"post-22913","1":"product","2":"type-product","3":"status-publish","4":"has-post-thumbnail","6":"product_cat-vong-co","7":"product_cat-da","8":"product_tag-candytourmaline","9":"product_tag-ngoctrai","10":"product_tag-pearl","11":"product_tag-tourkeo","12":"product_tag-tourmaline","13":"product_tag-vongco","14":"pa_color-da-sac","15":"pa_color-yellow","16":"pa_color-pink","17":"pa_loai-da-sapphire","19":"first","20":"instock","21":"shipping-taxable","22":"purchasable","23":"product-type-simple"},"_links":{"self":[{"href":"https:\/\/www.erialshop.com\/index.php\/wp-json\/wp\/v2\/product\/22913","targetHints":{"allow":["GET"]}}],"collection":[{"href":"https:\/\/www.erialshop.com\/index.php\/wp-json\/wp\/v2\/product"}],"about":[{"href":"https:\/\/www.erialshop.com\/index.php\/wp-json\/wp\/v2\/types\/product"}],"replies":[{"embeddable":true,"href":"https:\/\/www.erialshop.com\/index.php\/wp-json\/wp\/v2\/comments?post=22913"}],"version-history":[{"count":0,"href":"https:\/\/www.erialshop.com\/index.php\/wp-json\/wp\/v2\/product\/22913\/revisions"}],"wp:featuredmedia":[{"embeddable":true,"href":"https:\/\/www.erialshop.com\/index.php\/wp-json\/wp\/v2\/media\/22914"}],"wp:attachment":[{"href":"https:\/\/www.erialshop.com\/index.php\/wp-json\/wp\/v2\/media?parent=22913"}],"wp:term":[{"taxonomy":"product_brand","embeddable":true,"href":"https:\/\/www.erialshop.com\/index.php\/wp-json\/wp\/v2\/product_brand?post=22913"},{"taxonomy":"product_cat","embeddable":true,"href":"https:\/\/www.erialshop.com\/index.php\/wp-json\/wp\/v2\/product_cat?post=22913"},{"taxonomy":"product_tag","embeddable":true,"href":"https:\/\/www.erialshop.com\/index.php\/wp-json\/wp\/v2\/product_tag?post=22913"}],"curies":[{"name":"wp","href":"https:\/\/api.w.org\/{rel}","templated":true}]}}