{"id":22873,"date":"2023-07-30T15:33:47","date_gmt":"2023-07-30T08:33:47","guid":{"rendered":"https:\/\/erialshop.com\/?post_type=product&#038;p=22873"},"modified":"2025-03-25T09:53:13","modified_gmt":"2025-03-25T02:53:13","slug":"rhodochrosite-vun","status":"publish","type":"product","link":"https:\/\/www.erialshop.com\/index.php\/product\/rhodochrosite-vun\/","title":{"rendered":"Rhodochrosite V\u1ee5n"},"content":{"rendered":"<p><strong>M\u1eabu v\u00f2ng \u0111\u00e1 Rhodochrosite d\u1ea1ng v\u1ee5n v\u1edbi m\u00e0u h\u1ed3ng s\u1eefa \u0111\u1eb7c tr\u01b0ng c\u1ee7a \u0111\u00e1 quy\u1ec7n c\u00f9ng m\u00e0u \u0111en.<\/strong><\/p>\n<p>C\u1ee1 v\u1ee5n d\u00e0y \u0111\u1ed9 7-8mm, n\u1eb7nng tay. Shop c\u00f3 s\u1eb5n chi\u1ebfc y h\u00ecnh d\u00e0i 17cm ho\u1eb7c\u00a0 c\u00e1c b\u1ea1n c\u00f3 th\u1ec3 li\u00ean h\u1ec7 tr\u01b0\u1edbc v\u1edbi shop \u0111\u1ec3 \u0111\u01b0\u1ee3c t\u01b0 v\u1ea5n k\u0129 l\u01b0\u1ee1ng tr\u01b0\u1edbc khi \u0111\u1eb7t mua.<\/p>\n<p><strong>P.s: \u0110\u1ec3 \u0111\u01b0\u1ee3c shop ph\u1ea3n h\u1ed3i nhanh nh\u1ea5t, c\u00e1c b\u1ea1n vui l\u00f2ng b\u1ea5m v\u00e0o n\u00fat \u201cnh\u1eafn tin qua instagram\u201d \u1edf d\u01b0\u1edbi ch\u1eef \u201cmua ngay\u201d nh\u00e9.<\/strong><\/p>\n","protected":false},"excerpt":{"rendered":"<p>M\u1eabu v\u00f2ng \u0111\u00e1 Rhodochrosite d\u1ea1ng v\u1ee5n v\u1edbi m\u00e0u h\u1ed3ng s\u1eefa \u0111\u1eb7c tr\u01b0ng c\u1ee7a \u0111\u00e1 quy\u1ec7n c\u00f9ng m\u00e0u \u0111en. C\u1ee1 v\u1ee5n d\u00e0y \u0111\u1ed9 7-8mm, n\u1eb7nng tay. Shop c\u00f3 s\u1eb5n chi\u1ebfc y h\u00ecnh d\u00e0i 17cm ho\u1eb7c\u00a0 c\u00e1c b\u1ea1n c\u00f3 th\u1ec3 li\u00ean h\u1ec7 tr\u01b0\u1edbc v\u1edbi shop \u0111\u1ec3 \u0111\u01b0\u1ee3c t\u01b0 v\u1ea5n k\u0129 l\u01b0\u1ee1ng tr\u01b0\u1edbc khi \u0111\u1eb7t mua. P.s: \u0110\u1ec3 \u0111\u01b0\u1ee3c shop ph\u1ea3n h\u1ed3i nhanh nh\u1ea5t, c\u00e1c b\u1ea1n vui l\u00f2ng b\u1ea5m v\u00e0o n\u00fat \u201cnh\u1eafn tin qua instagram\u201d \u1edf d\u01b0\u1edbi ch\u1eef \u201cmua ngay\u201d nh\u00e9.<\/p>\n","protected":false},"featured_media":22874,"comment_status":"open","ping_status":"closed","template":"","meta":[],"product_brand":[],"product_cat":[284],"product_tag":[397,347,356],"class_list":{"0":"post-22873","1":"product","2":"type-product","3":"status-publish","4":"has-post-thumbnail","6":"product_cat-vong-tay","7":"product_tag-dandoi","8":"product_tag-nhan","9":"product_tag-rhodochrosite","10":"pa_color-pink","11":"pa_fate-hoa","12":"pa_fate-tho","13":"pa_loai-da-rhodochrosite","14":"pa_size-vun","16":"first","17":"instock","18":"sale","19":"sold-individually","20":"shipping-taxable","21":"purchasable","22":"product-type-simple"},"_links":{"self":[{"href":"https:\/\/www.erialshop.com\/index.php\/wp-json\/wp\/v2\/product\/22873","targetHints":{"allow":["GET"]}}],"collection":[{"href":"https:\/\/www.erialshop.com\/index.php\/wp-json\/wp\/v2\/product"}],"about":[{"href":"https:\/\/www.erialshop.com\/index.php\/wp-json\/wp\/v2\/types\/product"}],"replies":[{"embeddable":true,"href":"https:\/\/www.erialshop.com\/index.php\/wp-json\/wp\/v2\/comments?post=22873"}],"version-history":[{"count":2,"href":"https:\/\/www.erialshop.com\/index.php\/wp-json\/wp\/v2\/product\/22873\/revisions"}],"predecessor-version":[{"id":26226,"href":"https:\/\/www.erialshop.com\/index.php\/wp-json\/wp\/v2\/product\/22873\/revisions\/26226"}],"wp:featuredmedia":[{"embeddable":true,"href":"https:\/\/www.erialshop.com\/index.php\/wp-json\/wp\/v2\/media\/22874"}],"wp:attachment":[{"href":"https:\/\/www.erialshop.com\/index.php\/wp-json\/wp\/v2\/media?parent=22873"}],"wp:term":[{"taxonomy":"product_brand","embeddable":true,"href":"https:\/\/www.erialshop.com\/index.php\/wp-json\/wp\/v2\/product_brand?post=22873"},{"taxonomy":"product_cat","embeddable":true,"href":"https:\/\/www.erialshop.com\/index.php\/wp-json\/wp\/v2\/product_cat?post=22873"},{"taxonomy":"product_tag","embeddable":true,"href":"https:\/\/www.erialshop.com\/index.php\/wp-json\/wp\/v2\/product_tag?post=22873"}],"curies":[{"name":"wp","href":"https:\/\/api.w.org\/{rel}","templated":true}]}}