{"id":22869,"date":"2023-07-27T18:43:01","date_gmt":"2023-07-27T11:43:01","guid":{"rendered":"https:\/\/erialshop.com\/?post_type=product&#038;p=22869"},"modified":"2024-09-23T17:11:18","modified_gmt":"2024-09-23T10:11:18","slug":"hoa-hong-den-6ly","status":"publish","type":"product","link":"https:\/\/www.erialshop.com\/index.php\/product\/hoa-hong-den-6ly\/","title":{"rendered":"Hoa H\u1ed3ng \u0110en 6ly"},"content":{"rendered":"<p><strong>V\u00f2ng tay \u0111\u00e1 tourmaline hoa h\u1ed3ng \u0111en h\u1ea1t tr\u00f2n size 6ly x\u1ecf thun \u0111\u01a1n gi\u1ea3n.<\/strong><\/p>\n<p>Tourmaline hoa h\u1ed3ng \u0111en l\u00e0 khi c\u00e1c h\u1ea1t \u0111\u00e1 \u0111\u1ec3 \u1edf \u0111i\u1ec1u ki\u1ec7n \u00e1nh s\u00e1ng b\u00ecnh th\u01b0\u1eddng nh\u00ecn n\u00f3 s\u1ebd l\u00e0 m\u00e0u \u0111en v\u00e0 khi ta \u0111\u01b0a ra n\u1eafng ho\u1eb7c tr\u1ecdi \u0111\u00e8n v\u00e0o s\u1ebd th\u1ea5y c\u00e1c m\u00e0u kh\u00e1c nh\u01b0 h\u1ed3ng, xanh l\u00e1&#8230;<\/p>\n<p><span style=\"letter-spacing: 0px;\">Shop c\u00f3 s\u1eb5n 3 chi\u1ebfc v\u1edbi chi\u1ec1u d\u00e0i 17-20cm ho\u1eb7c c\u00e1c b\u1ea1n c\u00f3 th\u1ec3 li\u00ean h\u1ec7 v\u1edbi shop \u0111\u1ec3 \u0111\u01b0\u1ee3c t\u01b0 v\u1ea5n k\u1ef9 tr\u01b0\u1edbc khi \u0111\u1eb7t mua.<\/span><\/p>\n<p>L\u01b0u \u00fd: S\u1ea3n ph\u1ea9m tr\u00ean v\u1edbi nh\u1eefng vi\u00ean \u0111\u00e1 t\u1ef1 nhi\u00ean th\u00ec g\u1ea7n nh\u01b0 c\u00f3 ch\u00fat khuy\u1ebft \u0111i\u1ec3m nh\u01b0: v\u1ebft r\u1ea1n, n\u1ee9t, ho\u1eb7c l\u00f5m nh\u1eb9 do qu\u00e1 tr\u00ecnh khai th\u00e1c v\u00e0 gia c\u00f4ng m\u00e0i c\u1eaft \u0111\u00e1.<\/p>\n<p><strong>P.s: \u0110\u1ec3 \u0111\u01b0\u1ee3c shop ph\u1ea3n h\u1ed3i nhanh nh\u1ea5t, c\u00e1c b\u1ea1n vui l\u00f2ng b\u1ea5m v\u00e0o n\u00fat \u201cnh\u1eafn tin qua instagram\u201d \u1edf d\u01b0\u1edbi ch\u1eef \u201cmua ngay\u201d nh\u00e9.<\/strong><\/p>\n","protected":false},"excerpt":{"rendered":"<p>V\u00f2ng tay \u0111\u00e1 tourmaline hoa h\u1ed3ng \u0111en h\u1ea1t tr\u00f2n size 6ly x\u1ecf thun \u0111\u01a1n gi\u1ea3n. Tourmaline hoa h\u1ed3ng \u0111en l\u00e0 khi c\u00e1c h\u1ea1t \u0111\u00e1 \u0111\u1ec3 \u1edf \u0111i\u1ec1u ki\u1ec7n \u00e1nh s\u00e1ng b\u00ecnh th\u01b0\u1eddng nh\u00ecn n\u00f3 s\u1ebd l\u00e0 m\u00e0u \u0111en v\u00e0 khi ta \u0111\u01b0a ra n\u1eafng ho\u1eb7c tr\u1ecdi \u0111\u00e8n v\u00e0o s\u1ebd th\u1ea5y c\u00e1c m\u00e0u kh\u00e1c nh\u01b0 h\u1ed3ng, xanh l\u00e1&#8230; Shop c\u00f3 s\u1eb5n 3 chi\u1ebfc v\u1edbi chi\u1ec1u d\u00e0i 17-20cm ho\u1eb7c c\u00e1c b\u1ea1n c\u00f3 th\u1ec3 li\u00ean h\u1ec7 v\u1edbi shop \u0111\u1ec3 \u0111\u01b0\u1ee3c t\u01b0 v\u1ea5n k\u1ef9 tr\u01b0\u1edbc khi \u0111\u1eb7t mua. L\u01b0u \u00fd: S\u1ea3n ph\u1ea9m tr\u00ean v\u1edbi nh\u1eefng vi\u00ean \u0111\u00e1 t\u1ef1 nhi\u00ean th\u00ec g\u1ea7n nh\u01b0 c\u00f3 ch\u00fat khuy\u1ebft \u0111i\u1ec3m nh\u01b0: v\u1ebft r\u1ea1n, n\u1ee9t, ho\u1eb7c l\u00f5m nh\u1eb9 do qu\u00e1 tr\u00ecnh khai th\u00e1c v\u00e0 gia c\u00f4ng m\u00e0i c\u1eaft \u0111\u00e1. P.s: \u0110\u1ec3 \u0111\u01b0\u1ee3c shop ph\u1ea3n h\u1ed3i nhanh nh\u1ea5t, c\u00e1c b\u1ea1n vui l\u00f2ng b\u1ea5m v\u00e0o n\u00fat \u201cnh\u1eafn tin qua instagram\u201d \u1edf d\u01b0\u1edbi ch\u1eef \u201cmua ngay\u201d nh\u00e9.<\/p>\n","protected":false},"featured_media":22854,"comment_status":"open","ping_status":"closed","template":"","meta":[],"product_brand":[],"product_cat":[284],"product_tag":[339,338],"class_list":{"0":"post-22869","1":"product","2":"type-product","3":"status-publish","4":"has-post-thumbnail","6":"product_cat-vong-tay","7":"product_tag-tourmaline","8":"product_tag-vongtay","9":"pa_color-da-sac","10":"pa_color-black","11":"pa_loai-da-tourmaline","12":"pa_size-hat-tron","13":"pa_size-6-ly","14":"pa_style-tron","16":"first","17":"instock","18":"sale","19":"shipping-taxable","20":"purchasable","21":"product-type-simple"},"_links":{"self":[{"href":"https:\/\/www.erialshop.com\/index.php\/wp-json\/wp\/v2\/product\/22869","targetHints":{"allow":["GET"]}}],"collection":[{"href":"https:\/\/www.erialshop.com\/index.php\/wp-json\/wp\/v2\/product"}],"about":[{"href":"https:\/\/www.erialshop.com\/index.php\/wp-json\/wp\/v2\/types\/product"}],"replies":[{"embeddable":true,"href":"https:\/\/www.erialshop.com\/index.php\/wp-json\/wp\/v2\/comments?post=22869"}],"version-history":[{"count":1,"href":"https:\/\/www.erialshop.com\/index.php\/wp-json\/wp\/v2\/product\/22869\/revisions"}],"predecessor-version":[{"id":25378,"href":"https:\/\/www.erialshop.com\/index.php\/wp-json\/wp\/v2\/product\/22869\/revisions\/25378"}],"wp:featuredmedia":[{"embeddable":true,"href":"https:\/\/www.erialshop.com\/index.php\/wp-json\/wp\/v2\/media\/22854"}],"wp:attachment":[{"href":"https:\/\/www.erialshop.com\/index.php\/wp-json\/wp\/v2\/media?parent=22869"}],"wp:term":[{"taxonomy":"product_brand","embeddable":true,"href":"https:\/\/www.erialshop.com\/index.php\/wp-json\/wp\/v2\/product_brand?post=22869"},{"taxonomy":"product_cat","embeddable":true,"href":"https:\/\/www.erialshop.com\/index.php\/wp-json\/wp\/v2\/product_cat?post=22869"},{"taxonomy":"product_tag","embeddable":true,"href":"https:\/\/www.erialshop.com\/index.php\/wp-json\/wp\/v2\/product_tag?post=22869"}],"curies":[{"name":"wp","href":"https:\/\/api.w.org\/{rel}","templated":true}]}}