{"id":22828,"date":"2023-04-19T13:55:32","date_gmt":"2023-04-19T06:55:32","guid":{"rendered":"https:\/\/erialshop.com\/?post_type=product&#038;p=22828"},"modified":"2025-02-25T11:55:43","modified_gmt":"2025-02-25T04:55:43","slug":"labradorite-6ly","status":"publish","type":"product","link":"https:\/\/www.erialshop.com\/index.php\/product\/labradorite-6ly\/","title":{"rendered":"Labradorite 6ly"},"content":{"rendered":"<p><strong>V\u00f2ng tay \u0111\u00e1 Labradorite h\u1ea1t c\u1eaft g\u00edac size 6ly x\u1ecf tr\u01a1n c\u00f9ng c\u00e1c chi ti\u1ebft m\u1ea1 v\u00e0ng. Shop c\u00f3 nh\u1eadn x\u1ecf thun theo y\u00eau c\u1ea7u.<\/strong><\/p>\n<p>M\u00e0u x\u00e1m c\u1ee7a labra s\u1ebd nh\u1ea1t h\u01a1n lo\u1ea1i 8ly, c\u00e1c b\u1ea1n c\u00f3 th\u1ec3 li\u00ean h\u1ec7 tr\u01b0\u1edbc v\u1edbi shop \u0111\u1ec3 \u0111\u01b0\u1ee3c t\u01b0 v\u1ea5n v\u1ec1 size ri\u00eang tr\u01b0\u1edbc khi \u0111\u1eb7t mua.<\/p>\n<p><strong>P.s: \u0110\u1ec3 \u0111\u01b0\u1ee3c shop ph\u1ea3n h\u1ed3i nhanh nh\u1ea5t<\/strong><strong>, c\u00e1c b\u1ea1n vui l\u00f2ng b\u1ea5m v\u00e0o n\u00fat \u201cnh\u1eafn tin qua instagram\u201d \u1edf d\u01b0\u1edbi ch\u1eef \u201cmua ngay\u201d nh\u00e9.<\/strong><\/p>\n","protected":false},"excerpt":{"rendered":"<p>V\u00f2ng tay \u0111\u00e1 Labradorite h\u1ea1t c\u1eaft g\u00edac size 6ly x\u1ecf tr\u01a1n c\u00f9ng c\u00e1c chi ti\u1ebft m\u1ea1 v\u00e0ng. Shop c\u00f3 nh\u1eadn x\u1ecf thun theo y\u00eau c\u1ea7u. M\u00e0u x\u00e1m c\u1ee7a labra s\u1ebd nh\u1ea1t h\u01a1n lo\u1ea1i 8ly, c\u00e1c b\u1ea1n c\u00f3 th\u1ec3 li\u00ean h\u1ec7 tr\u01b0\u1edbc v\u1edbi shop \u0111\u1ec3 \u0111\u01b0\u1ee3c t\u01b0 v\u1ea5n v\u1ec1 size ri\u00eang tr\u01b0\u1edbc khi \u0111\u1eb7t mua. P.s: \u0110\u1ec3 \u0111\u01b0\u1ee3c shop ph\u1ea3n h\u1ed3i nhanh nh\u1ea5t, c\u00e1c b\u1ea1n vui l\u00f2ng b\u1ea5m v\u00e0o n\u00fat \u201cnh\u1eafn tin qua instagram\u201d \u1edf d\u01b0\u1edbi ch\u1eef \u201cmua ngay\u201d nh\u00e9.<\/p>\n","protected":false},"featured_media":22830,"comment_status":"open","ping_status":"closed","template":"","meta":[],"product_brand":[],"product_cat":[284],"product_tag":[372,371,338,373,366],"class_list":{"0":"post-22828","1":"product","2":"type-product","3":"status-publish","4":"has-post-thumbnail","6":"product_cat-vong-tay","7":"product_tag-hacnguyetquang","8":"product_tag-labradorite","9":"product_tag-vongtay","10":"product_tag-xacu","11":"product_tag-xothun","12":"pa_color-grey","13":"pa_fate-kim","14":"pa_fate-thuy","15":"pa_loai-da-labradorite","16":"pa_size-6-ly","17":"pa_style-tron","19":"first","20":"onbackorder","21":"sale","22":"sold-individually","23":"shipping-taxable","24":"purchasable","25":"product-type-simple"},"_links":{"self":[{"href":"https:\/\/www.erialshop.com\/index.php\/wp-json\/wp\/v2\/product\/22828","targetHints":{"allow":["GET"]}}],"collection":[{"href":"https:\/\/www.erialshop.com\/index.php\/wp-json\/wp\/v2\/product"}],"about":[{"href":"https:\/\/www.erialshop.com\/index.php\/wp-json\/wp\/v2\/types\/product"}],"replies":[{"embeddable":true,"href":"https:\/\/www.erialshop.com\/index.php\/wp-json\/wp\/v2\/comments?post=22828"}],"version-history":[{"count":2,"href":"https:\/\/www.erialshop.com\/index.php\/wp-json\/wp\/v2\/product\/22828\/revisions"}],"predecessor-version":[{"id":26140,"href":"https:\/\/www.erialshop.com\/index.php\/wp-json\/wp\/v2\/product\/22828\/revisions\/26140"}],"wp:featuredmedia":[{"embeddable":true,"href":"https:\/\/www.erialshop.com\/index.php\/wp-json\/wp\/v2\/media\/22830"}],"wp:attachment":[{"href":"https:\/\/www.erialshop.com\/index.php\/wp-json\/wp\/v2\/media?parent=22828"}],"wp:term":[{"taxonomy":"product_brand","embeddable":true,"href":"https:\/\/www.erialshop.com\/index.php\/wp-json\/wp\/v2\/product_brand?post=22828"},{"taxonomy":"product_cat","embeddable":true,"href":"https:\/\/www.erialshop.com\/index.php\/wp-json\/wp\/v2\/product_cat?post=22828"},{"taxonomy":"product_tag","embeddable":true,"href":"https:\/\/www.erialshop.com\/index.php\/wp-json\/wp\/v2\/product_tag?post=22828"}],"curies":[{"name":"wp","href":"https:\/\/api.w.org\/{rel}","templated":true}]}}