{"id":22810,"date":"2024-09-30T12:52:13","date_gmt":"2024-09-30T05:52:13","guid":{"rendered":"https:\/\/erialshop.com\/?post_type=product&#038;p=22810"},"modified":"2025-02-27T13:22:43","modified_gmt":"2025-02-27T06:22:43","slug":"tour-4ly-7-mau-giao-ngau-nhien","status":"publish","type":"product","link":"https:\/\/www.erialshop.com\/index.php\/product\/tour-4ly-7-mau-giao-ngau-nhien\/","title":{"rendered":"Tour 4ly &#8211; 7 m\u00e0u giao ng\u1eabu nhi\u00ean"},"content":{"rendered":"<p><strong>V\u00f2ng tay v\u1edbi \u0111\u00e1 tourmaline t\u00f4ng m\u00e0u l\u1ed9n x\u1ed9n h\u1ea1t c\u1eaft gi\u00e1c size 4ly c\u00f9ng m\u1ed9t s\u1ed1 chi ti\u1ebft m\u1ea1 v\u00e0ng. ( giao m\u00e0u ng\u1eabu nhi\u00ean)\u00a0<\/strong><\/p>\n<p>H\u00e0ng c\u00f3 s\u1eb5n giao m\u00e0u ng\u1eabu nhi\u00ean v\u1edbi chi\u1ec1u d\u00e0i 15cm, 16.2cm, 16.5cm, 18cm ho\u1eb7c b\u1ea1n c\u00f3 th\u1ec3 li\u00ean h\u1ec7 v\u1edbi shop \u0111\u1ec3 \u0111\u01b0\u1ee3c t\u01b0 v\u1ea5n k\u1ef9 tr\u01b0\u1edbc khi \u0111\u1eb7t mua.<\/p>\n<p class=\"p1\"><b>P.s: \u0110\u1ec3 \u0111\u01b0\u1ee3c shop ph\u1ea3n h\u1ed3i nhanh nh\u1ea5t, c\u00e1c b\u1ea1n vui l\u00f2ng b\u1ea5m v\u00e0o n\u00fat \u201cnh\u1eafn tin qua instagram\u201d \u1edf d\u01b0\u1edbi ch\u1eef \u201cmua ngay\u201d nh\u00e9.<\/b><\/p>\n","protected":false},"excerpt":{"rendered":"<p>V\u00f2ng tay v\u1edbi \u0111\u00e1 tourmaline t\u00f4ng m\u00e0u l\u1ed9n x\u1ed9n h\u1ea1t c\u1eaft gi\u00e1c size 4ly c\u00f9ng m\u1ed9t s\u1ed1 chi ti\u1ebft m\u1ea1 v\u00e0ng. ( giao m\u00e0u ng\u1eabu nhi\u00ean)\u00a0 H\u00e0ng c\u00f3 s\u1eb5n giao m\u00e0u ng\u1eabu nhi\u00ean v\u1edbi chi\u1ec1u d\u00e0i 15cm, 16.2cm, 16.5cm, 18cm ho\u1eb7c b\u1ea1n c\u00f3 th\u1ec3 li\u00ean h\u1ec7 v\u1edbi shop \u0111\u1ec3 \u0111\u01b0\u1ee3c t\u01b0 v\u1ea5n k\u1ef9 tr\u01b0\u1edbc khi \u0111\u1eb7t mua. P.s: \u0110\u1ec3 \u0111\u01b0\u1ee3c shop ph\u1ea3n h\u1ed3i nhanh nh\u1ea5t, c\u00e1c b\u1ea1n vui l\u00f2ng b\u1ea5m v\u00e0o n\u00fat \u201cnh\u1eafn tin qua instagram\u201d \u1edf d\u01b0\u1edbi ch\u1eef \u201cmua ngay\u201d nh\u00e9.<\/p>\n","protected":false},"featured_media":22820,"comment_status":"open","ping_status":"closed","template":"","meta":[],"product_brand":[],"product_cat":[284],"product_tag":[339,338],"class_list":{"0":"post-22810","1":"product","2":"type-product","3":"status-publish","4":"has-post-thumbnail","6":"product_cat-vong-tay","7":"product_tag-tourmaline","8":"product_tag-vongtay","9":"pa_color-da-sac","10":"pa_loai-da-tourmaline","11":"pa_size-4-ly","12":"pa_style-tron","14":"first","15":"instock","16":"sale","17":"shipping-taxable","18":"purchasable","19":"product-type-simple"},"_links":{"self":[{"href":"https:\/\/www.erialshop.com\/index.php\/wp-json\/wp\/v2\/product\/22810","targetHints":{"allow":["GET"]}}],"collection":[{"href":"https:\/\/www.erialshop.com\/index.php\/wp-json\/wp\/v2\/product"}],"about":[{"href":"https:\/\/www.erialshop.com\/index.php\/wp-json\/wp\/v2\/types\/product"}],"replies":[{"embeddable":true,"href":"https:\/\/www.erialshop.com\/index.php\/wp-json\/wp\/v2\/comments?post=22810"}],"version-history":[{"count":2,"href":"https:\/\/www.erialshop.com\/index.php\/wp-json\/wp\/v2\/product\/22810\/revisions"}],"predecessor-version":[{"id":25351,"href":"https:\/\/www.erialshop.com\/index.php\/wp-json\/wp\/v2\/product\/22810\/revisions\/25351"}],"wp:featuredmedia":[{"embeddable":true,"href":"https:\/\/www.erialshop.com\/index.php\/wp-json\/wp\/v2\/media\/22820"}],"wp:attachment":[{"href":"https:\/\/www.erialshop.com\/index.php\/wp-json\/wp\/v2\/media?parent=22810"}],"wp:term":[{"taxonomy":"product_brand","embeddable":true,"href":"https:\/\/www.erialshop.com\/index.php\/wp-json\/wp\/v2\/product_brand?post=22810"},{"taxonomy":"product_cat","embeddable":true,"href":"https:\/\/www.erialshop.com\/index.php\/wp-json\/wp\/v2\/product_cat?post=22810"},{"taxonomy":"product_tag","embeddable":true,"href":"https:\/\/www.erialshop.com\/index.php\/wp-json\/wp\/v2\/product_tag?post=22810"}],"curies":[{"name":"wp","href":"https:\/\/api.w.org\/{rel}","templated":true}]}}