{"id":22780,"date":"2023-02-28T22:45:51","date_gmt":"2023-02-28T15:45:51","guid":{"rendered":"https:\/\/erialshop.com\/?post_type=product&#038;p=22780"},"modified":"2024-09-19T18:20:20","modified_gmt":"2024-09-19T11:20:20","slug":"doi-tim-trang-3ly","status":"publish","type":"product","link":"https:\/\/www.erialshop.com\/index.php\/product\/doi-tim-trang-3ly\/","title":{"rendered":"\u0110\u00f4i T\u00edm Tr\u1eafng 3ly"},"content":{"rendered":"<p class=\"p1\"><strong>V\u00f2ng tay \u0111\u00f4i v\u1edbi th\u1ea1ch anh t\u00edm v\u00e0 th\u1ea1ch anh tr\u1eafng h\u1ea1t c\u1eaft gi\u00e1c size 3ly d\u1ea1ng v\u1ee5n c\u00f9ng m\u1ed9t s\u1ed1 chi ti\u1ebft m\u1ea1 v\u00e0ng. <\/strong><strong><span class=\"Apple-converted-space\">T\u00f4ng t\u00edm n\u00e0y s\u1ebd tr\u1ea3i t\u1eeb t\u00edm nh\u1ea1t, \u0111\u1eadm v\u00e0 pha x\u00e1m kh\u00f3i.<\/span><\/strong><\/p>\n<p>Shop c\u00f3 s\u1eb5n chi\u1ebfc y h\u00ecnh d\u00e0i 16cm ho\u1eb7c c\u00e1c b\u1ea1n li\u00ean h\u1ec7 v\u1edbi shop \u0111\u1ec3 \u0111\u01b0\u1ee3c t\u01b0 v\u1ea5n tr\u01b0\u1edbc khi \u0111\u1eb7t mua.<\/p>\n<p><strong>P.s: \u0110\u1ec3 \u0111\u01b0\u1ee3c shop ph\u1ea3n h\u1ed3i nhanh nh\u1ea5t<\/strong><strong style=\"letter-spacing: 0px;\">, c\u00e1c b\u1ea1n vui l\u00f2ng b\u1ea5m v\u00e0o n\u00fat &#8220;nh\u1eafn tin qua instagram&#8221; \u1edf d\u01b0\u1edbi ch\u1eef &#8220;mua ngay&#8221; nh\u00e9.\u00a0<\/strong><\/p>\n","protected":false},"excerpt":{"rendered":"<p>V\u00f2ng tay \u0111\u00f4i v\u1edbi th\u1ea1ch anh t\u00edm v\u00e0 th\u1ea1ch anh tr\u1eafng h\u1ea1t c\u1eaft gi\u00e1c size 3ly d\u1ea1ng v\u1ee5n c\u00f9ng m\u1ed9t s\u1ed1 chi ti\u1ebft m\u1ea1 v\u00e0ng. T\u00f4ng t\u00edm n\u00e0y s\u1ebd tr\u1ea3i t\u1eeb t\u00edm nh\u1ea1t, \u0111\u1eadm v\u00e0 pha x\u00e1m kh\u00f3i. Shop c\u00f3 s\u1eb5n chi\u1ebfc y h\u00ecnh d\u00e0i 16cm ho\u1eb7c c\u00e1c b\u1ea1n li\u00ean h\u1ec7 v\u1edbi shop \u0111\u1ec3 \u0111\u01b0\u1ee3c t\u01b0 v\u1ea5n tr\u01b0\u1edbc khi \u0111\u1eb7t mua. P.s: \u0110\u1ec3 \u0111\u01b0\u1ee3c shop ph\u1ea3n h\u1ed3i nhanh nh\u1ea5t, c\u00e1c b\u1ea1n vui l\u00f2ng b\u1ea5m v\u00e0o n\u00fat &#8220;nh\u1eafn tin qua instagram&#8221; \u1edf d\u01b0\u1edbi ch\u1eef &#8220;mua ngay&#8221; nh\u00e9.\u00a0<\/p>\n","protected":false},"featured_media":22781,"comment_status":"open","ping_status":"closed","template":"","meta":[],"product_brand":[],"product_cat":[284],"product_tag":[341,457,338,435],"class_list":{"0":"post-22780","1":"product","2":"type-product","3":"status-publish","4":"has-post-thumbnail","6":"product_cat-vong-tay","7":"product_tag-erialshop","8":"product_tag-thachanhhong","9":"product_tag-vongtay","10":"product_tag-vun","11":"pa_color-violet","12":"pa_color-white","13":"pa_fate-tho","14":"pa_loai-da-thach-anh","15":"pa_size-3-ly","16":"pa_style-day-doi","18":"first","19":"instock","20":"sale","21":"shipping-taxable","22":"purchasable","23":"product-type-simple"},"_links":{"self":[{"href":"https:\/\/www.erialshop.com\/index.php\/wp-json\/wp\/v2\/product\/22780","targetHints":{"allow":["GET"]}}],"collection":[{"href":"https:\/\/www.erialshop.com\/index.php\/wp-json\/wp\/v2\/product"}],"about":[{"href":"https:\/\/www.erialshop.com\/index.php\/wp-json\/wp\/v2\/types\/product"}],"replies":[{"embeddable":true,"href":"https:\/\/www.erialshop.com\/index.php\/wp-json\/wp\/v2\/comments?post=22780"}],"version-history":[{"count":1,"href":"https:\/\/www.erialshop.com\/index.php\/wp-json\/wp\/v2\/product\/22780\/revisions"}],"predecessor-version":[{"id":25332,"href":"https:\/\/www.erialshop.com\/index.php\/wp-json\/wp\/v2\/product\/22780\/revisions\/25332"}],"wp:featuredmedia":[{"embeddable":true,"href":"https:\/\/www.erialshop.com\/index.php\/wp-json\/wp\/v2\/media\/22781"}],"wp:attachment":[{"href":"https:\/\/www.erialshop.com\/index.php\/wp-json\/wp\/v2\/media?parent=22780"}],"wp:term":[{"taxonomy":"product_brand","embeddable":true,"href":"https:\/\/www.erialshop.com\/index.php\/wp-json\/wp\/v2\/product_brand?post=22780"},{"taxonomy":"product_cat","embeddable":true,"href":"https:\/\/www.erialshop.com\/index.php\/wp-json\/wp\/v2\/product_cat?post=22780"},{"taxonomy":"product_tag","embeddable":true,"href":"https:\/\/www.erialshop.com\/index.php\/wp-json\/wp\/v2\/product_tag?post=22780"}],"curies":[{"name":"wp","href":"https:\/\/api.w.org\/{rel}","templated":true}]}}