{"id":22757,"date":"2023-07-20T17:15:03","date_gmt":"2023-07-20T10:15:03","guid":{"rendered":"https:\/\/erialshop.com\/?post_type=product&#038;p=22757"},"modified":"2025-03-25T14:46:13","modified_gmt":"2025-03-25T07:46:13","slug":"toc-vang-3ly-charm-meo","status":"publish","type":"product","link":"https:\/\/www.erialshop.com\/index.php\/product\/toc-vang-3ly-charm-meo\/","title":{"rendered":"T\u00f3c V\u00e0ng 3ly &#8211; M\u00e8o"},"content":{"rendered":"<p><strong>V\u00f2ng tay \u0111\u00e1 th\u1ea1ch anh t\u00f3c v\u00e0ng h\u1ea1t c\u1eaft gi\u00e1c size 3ly mix c\u00f9ng charm m\u00e8o xinh x\u1eafn ( v\u1ecf s\u00f2 ng\u1ecdc trai) v\u00e0 m\u1ed9t s\u1ed1 chi ti\u1ebft m\u1ea1 v\u00e0ng.<\/strong><\/p>\n<p>Shop c\u00f3 s\u1eb5n d\u00e2y v\u1edbi chi\u1ec1u d\u00e0i: 16.5cm ho\u1eb7c c\u00e1c b\u1ea1n li\u00ean h\u1ec7 v\u1edbi shop \u0111\u1ec3 \u0111\u01b0\u1ee3c t\u01b0 v\u1ea5n tr\u01b0\u1edbc khi \u0111\u0103t mua.<\/p>\n<p>K\u00edch th\u01b0\u1edbc charm m\u00e8o : 0.5cm x 0.6cm.<\/p>\n<p><strong>P.s: \u0110\u1ec3 \u0111\u01b0\u1ee3c shop ph\u1ea3n h\u1ed3i nhanh nh\u1ea5t, c\u00e1c b\u1ea1n vui l\u00f2ng b\u1ea5m v\u00e0o n\u00fat \u201cnh\u1eafn tin qua instagram\u201d \u1edf d\u01b0\u1edbi ch\u1eef \u201cmua ngay\u201d nh\u00e9.<\/strong><\/p>\n","protected":false},"excerpt":{"rendered":"<p>V\u00f2ng tay \u0111\u00e1 th\u1ea1ch anh t\u00f3c v\u00e0ng h\u1ea1t c\u1eaft gi\u00e1c size 3ly mix c\u00f9ng charm m\u00e8o xinh x\u1eafn ( v\u1ecf s\u00f2 ng\u1ecdc trai) v\u00e0 m\u1ed9t s\u1ed1 chi ti\u1ebft m\u1ea1 v\u00e0ng. Shop c\u00f3 s\u1eb5n d\u00e2y v\u1edbi chi\u1ec1u d\u00e0i: 16.5cm ho\u1eb7c c\u00e1c b\u1ea1n li\u00ean h\u1ec7 v\u1edbi shop \u0111\u1ec3 \u0111\u01b0\u1ee3c t\u01b0 v\u1ea5n tr\u01b0\u1edbc khi \u0111\u0103t mua. K\u00edch th\u01b0\u1edbc charm m\u00e8o : 0.5cm x 0.6cm. P.s: \u0110\u1ec3 \u0111\u01b0\u1ee3c shop ph\u1ea3n h\u1ed3i nhanh nh\u1ea5t, c\u00e1c b\u1ea1n vui l\u00f2ng b\u1ea5m v\u00e0o n\u00fat \u201cnh\u1eafn tin qua instagram\u201d \u1edf d\u01b0\u1edbi ch\u1eef \u201cmua ngay\u201d nh\u00e9.<\/p>\n","protected":false},"featured_media":22758,"comment_status":"open","ping_status":"closed","template":"","meta":[],"product_brand":[],"product_cat":[284],"product_tag":[458,338],"class_list":{"0":"post-22757","1":"product","2":"type-product","3":"status-publish","4":"has-post-thumbnail","6":"product_cat-vong-tay","7":"product_tag-tocvang","8":"product_tag-vongtay","9":"pa_color-yellow","10":"pa_fate-kim","11":"pa_fate-tho","12":"pa_loai-da-thach-anh-toc","13":"pa_size-3-ly","14":"pa_style-charms","16":"first","17":"instock","18":"sale","19":"shipping-taxable","20":"purchasable","21":"product-type-simple"},"_links":{"self":[{"href":"https:\/\/www.erialshop.com\/index.php\/wp-json\/wp\/v2\/product\/22757","targetHints":{"allow":["GET"]}}],"collection":[{"href":"https:\/\/www.erialshop.com\/index.php\/wp-json\/wp\/v2\/product"}],"about":[{"href":"https:\/\/www.erialshop.com\/index.php\/wp-json\/wp\/v2\/types\/product"}],"replies":[{"embeddable":true,"href":"https:\/\/www.erialshop.com\/index.php\/wp-json\/wp\/v2\/comments?post=22757"}],"version-history":[{"count":2,"href":"https:\/\/www.erialshop.com\/index.php\/wp-json\/wp\/v2\/product\/22757\/revisions"}],"predecessor-version":[{"id":26238,"href":"https:\/\/www.erialshop.com\/index.php\/wp-json\/wp\/v2\/product\/22757\/revisions\/26238"}],"wp:featuredmedia":[{"embeddable":true,"href":"https:\/\/www.erialshop.com\/index.php\/wp-json\/wp\/v2\/media\/22758"}],"wp:attachment":[{"href":"https:\/\/www.erialshop.com\/index.php\/wp-json\/wp\/v2\/media?parent=22757"}],"wp:term":[{"taxonomy":"product_brand","embeddable":true,"href":"https:\/\/www.erialshop.com\/index.php\/wp-json\/wp\/v2\/product_brand?post=22757"},{"taxonomy":"product_cat","embeddable":true,"href":"https:\/\/www.erialshop.com\/index.php\/wp-json\/wp\/v2\/product_cat?post=22757"},{"taxonomy":"product_tag","embeddable":true,"href":"https:\/\/www.erialshop.com\/index.php\/wp-json\/wp\/v2\/product_tag?post=22757"}],"curies":[{"name":"wp","href":"https:\/\/api.w.org\/{rel}","templated":true}]}}