{"id":22733,"date":"2023-02-28T13:25:57","date_gmt":"2023-02-28T06:25:57","guid":{"rendered":"https:\/\/erialshop.com\/?post_type=product&#038;p=22733"},"modified":"2024-01-11T15:45:59","modified_gmt":"2024-01-11T08:45:59","slug":"cum-hoa-labradorite","status":"publish","type":"product","link":"https:\/\/www.erialshop.com\/index.php\/product\/cum-hoa-labradorite\/","title":{"rendered":"C\u1ee5m Hoa Labradorite"},"content":{"rendered":"<p><strong>V\u00f2ng tay \u0111\u00e1 labradorite d\u1ea1ng v\u1ee5n \u0111\u01b0\u1ee3c k\u1ebft t\u1ec9 m\u1ec9 th\u00e0nh c\u1ee5m hoa tr\u1eafng mix v\u1edbi ng\u1ecdc trai th\u1eadt m\u00e0u tr\u1eafng \u0111\u00e1 labradorite size 8ly \u0111i c\u1ee7ng m\u1ed9t s\u1ed1 chi ti\u1ebft m\u1ea1 v\u00e0ng.<\/strong><\/p>\n<p>Shop c\u00f3 s\u1eb5n chi\u1ebfc tr\u00ean d\u00e0i 17cm (v\u1eeba c\u1ed5 tay 15-15.5cm) ho\u1eb7c c\u00e1c b\u1ea1n c\u00f3 th\u1ec3 li\u00ean h\u1ec7 v\u1edbi shop \u0111\u1ec3 \u0111\u01b0\u1ee3c t\u01b0 v\u1ea5n k\u0129 tr\u01b0\u1edbc khi mua.<\/p>\n<p><em><strong>Ch\u00fa \u00fd:<\/strong> \u0110\u1ed1i v\u1edbi c\u00e1c lo\u1ea1i v\u00f2ng x\u1ecf v\u1edbi \u0111\u00e1 v\u1ee5n, c\u00e1c b\u1ea1n l\u01b0u \u00fd \u0111\u1eb7t tay nh\u1eb9 nh\u00e0ng khi va ch\u1ea1m c\u00e1c m\u1eb7t c\u1ee9ng \u0111\u1ec3 h\u1ea1n ch\u1ebf vi\u00eac r\u1ea1n, n\u1ee9t \u0111\u00e1 v\u00ec \u0111\u00e1 v\u1ee5n kh\u00f4ng c\u00f3 1 k\u00edch th\u01b0\u1edbc c\u1ee5 th\u1ec3 n\u00ean l\u1ed7 x\u1ecf th\u01b0\u1eddng s\u1ebd n\u1eb1m ng\u1eabu nhi\u00ean tr\u00ean vi\u00ean \u0111\u00e1. Ho\u1eb7c n\u1ebfu c\u00e1c b\u1ea1n kh\u00f4ng ti\u1ec7n nh\u1eb9 tay c\u00f3 th\u1ec3 tham kh\u1ea3o th\u00eam c\u00e1c lo\u1ea1i \u0111\u00e1 c\u00f3 \u0111\u1ed9 c\u1ee9ng cao.<\/em><\/p>\n<p class=\"p1\"><b>P.s: \u0110\u1ec3 \u0111\u01b0\u1ee3c shop ph\u1ea3n h\u1ed3i nhanh nh\u1ea5t, c\u00e1c b\u1ea1n vui l\u00f2ng b\u1ea5m v\u00e0o n\u00fat \u201cnh\u1eafn tin qua instagram\u201d \u1edf d\u01b0\u1edbi ch\u1eef \u201cmua ngay\u201d nh\u00e9.<\/b><\/p>\n","protected":false},"excerpt":{"rendered":"<p>V\u00f2ng tay \u0111\u00e1 labradorite d\u1ea1ng v\u1ee5n \u0111\u01b0\u1ee3c k\u1ebft t\u1ec9 m\u1ec9 th\u00e0nh c\u1ee5m hoa tr\u1eafng mix v\u1edbi ng\u1ecdc trai th\u1eadt m\u00e0u tr\u1eafng \u0111\u00e1 labradorite size 8ly \u0111i c\u1ee7ng m\u1ed9t s\u1ed1 chi ti\u1ebft m\u1ea1 v\u00e0ng. Shop c\u00f3 s\u1eb5n chi\u1ebfc tr\u00ean d\u00e0i 17cm (v\u1eeba c\u1ed5 tay 15-15.5cm) ho\u1eb7c c\u00e1c b\u1ea1n c\u00f3 th\u1ec3 li\u00ean h\u1ec7 v\u1edbi shop \u0111\u1ec3 \u0111\u01b0\u1ee3c t\u01b0 v\u1ea5n k\u0129 tr\u01b0\u1edbc khi mua. Ch\u00fa \u00fd: \u0110\u1ed1i v\u1edbi c\u00e1c lo\u1ea1i v\u00f2ng x\u1ecf v\u1edbi \u0111\u00e1 v\u1ee5n, c\u00e1c b\u1ea1n l\u01b0u \u00fd \u0111\u1eb7t tay nh\u1eb9 nh\u00e0ng khi va ch\u1ea1m c\u00e1c m\u1eb7t c\u1ee9ng \u0111\u1ec3 h\u1ea1n ch\u1ebf vi\u00eac r\u1ea1n, n\u1ee9t \u0111\u00e1 v\u00ec \u0111\u00e1 v\u1ee5n kh\u00f4ng c\u00f3 1 k\u00edch th\u01b0\u1edbc c\u1ee5 th\u1ec3 n\u00ean l\u1ed7 x\u1ecf th\u01b0\u1eddng s\u1ebd n\u1eb1m ng\u1eabu nhi\u00ean tr\u00ean vi\u00ean \u0111\u00e1. Ho\u1eb7c n\u1ebfu c\u00e1c b\u1ea1n kh\u00f4ng ti\u1ec7n nh\u1eb9 tay c\u00f3 th\u1ec3 tham kh\u1ea3o th\u00eam c\u00e1c lo\u1ea1i \u0111\u00e1 c\u00f3 \u0111\u1ed9 c\u1ee9ng cao. P.s: \u0110\u1ec3 \u0111\u01b0\u1ee3c shop ph\u1ea3n h\u1ed3i nhanh nh\u1ea5t, c\u00e1c b\u1ea1n vui l\u00f2ng b\u1ea5m v\u00e0o n\u00fat \u201cnh\u1eafn tin qua instagram\u201d \u1edf d\u01b0\u1edbi ch\u1eef \u201cmua ngay\u201d nh\u00e9.<\/p>\n","protected":false},"featured_media":22734,"comment_status":"open","ping_status":"closed","template":"","meta":[],"product_brand":[],"product_cat":[284],"product_tag":[442,349,371,338],"class_list":{"0":"post-22733","1":"product","2":"type-product","3":"status-publish","4":"has-post-thumbnail","6":"product_cat-vong-tay","7":"product_tag-cumhoa","8":"product_tag-damattrang","9":"product_tag-labradorite","10":"product_tag-vongtay","11":"pa_color-grey","12":"pa_color-white","13":"pa_fate-kim","14":"pa_fate-thuy","15":"pa_loai-da-labradorite","16":"pa_loai-da-ngoc-trai","17":"pa_size-vun","18":"pa_size-8-ly","19":"pa_style-cum-hoa","20":"pa_style-mix-ngoc-trai","22":"first","23":"instock","24":"shipping-taxable","25":"purchasable","26":"product-type-simple"},"_links":{"self":[{"href":"https:\/\/www.erialshop.com\/index.php\/wp-json\/wp\/v2\/product\/22733","targetHints":{"allow":["GET"]}}],"collection":[{"href":"https:\/\/www.erialshop.com\/index.php\/wp-json\/wp\/v2\/product"}],"about":[{"href":"https:\/\/www.erialshop.com\/index.php\/wp-json\/wp\/v2\/types\/product"}],"replies":[{"embeddable":true,"href":"https:\/\/www.erialshop.com\/index.php\/wp-json\/wp\/v2\/comments?post=22733"}],"version-history":[{"count":0,"href":"https:\/\/www.erialshop.com\/index.php\/wp-json\/wp\/v2\/product\/22733\/revisions"}],"wp:featuredmedia":[{"embeddable":true,"href":"https:\/\/www.erialshop.com\/index.php\/wp-json\/wp\/v2\/media\/22734"}],"wp:attachment":[{"href":"https:\/\/www.erialshop.com\/index.php\/wp-json\/wp\/v2\/media?parent=22733"}],"wp:term":[{"taxonomy":"product_brand","embeddable":true,"href":"https:\/\/www.erialshop.com\/index.php\/wp-json\/wp\/v2\/product_brand?post=22733"},{"taxonomy":"product_cat","embeddable":true,"href":"https:\/\/www.erialshop.com\/index.php\/wp-json\/wp\/v2\/product_cat?post=22733"},{"taxonomy":"product_tag","embeddable":true,"href":"https:\/\/www.erialshop.com\/index.php\/wp-json\/wp\/v2\/product_tag?post=22733"}],"curies":[{"name":"wp","href":"https:\/\/api.w.org\/{rel}","templated":true}]}}