{"id":22690,"date":"2023-07-13T18:31:37","date_gmt":"2023-07-13T11:31:37","guid":{"rendered":"https:\/\/erialshop.com\/?post_type=product&#038;p=22690"},"modified":"2024-09-03T17:25:36","modified_gmt":"2024-09-03T10:25:36","slug":"tour-den-2ly-12","status":"publish","type":"product","link":"https:\/\/www.erialshop.com\/index.php\/product\/tour-den-2ly-12\/","title":{"rendered":"Nh\u1eabn Tourmaline \u0110en 2ly"},"content":{"rendered":"<p><strong>M\u1eabu nh\u1eabn \u0111\u01a1n v\u1edbi h\u1ea1t \u0111\u00e1 tourmaline \u0111en size 2 ly, \u0111i\u1ec3m nh\u1eb9 h\u1ea1t tourmaline h\u1ed3ng 4ly ho\u1eb7c bi m\u1ea1 v\u00e0ng \u1edf gi\u1eefa.<\/strong><\/p>\n<p>Nh\u1eabn x\u1ecf b\u1eb1ng d\u00e2y c\u01b0\u1edbc, c\u00f3 \u0111\u1ed3 ch\u1eb7n nh\u1ecf. Size: Chu vi v\u00f2ng trong: 5cm &#8211; 6cm &#8211; 6.5cm c\u00e1c b\u1ea1n c\u00f3 th\u1ec3 li\u00ean h\u1ec7 v\u1edbi shop \u0111\u1ec3 \u0111\u01b0\u1ee3c t\u01b0 v\u1ea5n l\u00e0m theo size ri\u00eang tr\u01b0\u1edbc khi \u0111\u1eb7t mua.<\/p>\n<p>L\u01b0u \u00fd: \u0111\u1ed1i v\u1edbi \u0111\u00e1 tourmaline th\u00ec m\u00e0u c\u1ee7a \u0111\u00e1 th\u01b0\u1eddng s\u1ebd ho\u00e0 l\u1eabn \u00edt ho\u1eb7c nhi\u1ec1u m\u00e0u trong c\u00f9ng 1 h\u1ea1t n\u00ean nh\u01b0 chi\u1ebfc trong h\u00ecnh th\u00ec n\u00f3 s\u1ebd kh\u00f4ng h\u1eb3n m\u00e0u \u0111en tuy\u1ec1n m\u00e0 h\u1ea1t c\u00f3 l\u1eabn m\u00e0u xanh l\u00e1, xanh d\u01b0\u01a1ng\u2026<\/p>\n<hr \/>\n<p><strong>H\u01b0\u1edbng d\u1eabn s\u1eed d\u1ee5ng nh\u1eabn:<\/strong><\/p>\n<p><em>1. Ch\u1ec9 \u0111eo nh\u1eabn cho ng\u00f3n v\u1eeba v\u1edbi size nh\u1eabn \u0111\u00e3 mua \u1edf shop, n\u1ebfu chuy\u1ec3n sang c\u00e1c ng\u00f3n kh\u00e1c to size h\u01a1n nh\u1eabn d\u1ec5 gi\u00e3n, \u0111\u1ee9t.<\/em><\/p>\n<p><em>2.\u00a0 \u0110eo ch\u1eadm r\u00e3i, nh\u1eb9 nh\u00e0ng, kh\u00f4ng \u0111eo nh\u1eabn l\u00e0m vi\u1ec7c n\u1eb7ng: ch\u01a1i th\u1ec3 thao, lau nh\u00e0, r\u1eeda ch\u00e9n,\u2026<\/em><\/p>\n<p><em>3. H\u1ea1n ch\u1ebf \u0111\u1ee5ng n\u01b0\u1edbc, ho\u00e1 ch\u1ea5t, m\u1ed3 h\u00f4i\u2026<\/em><\/p>\n<p><strong>P.s: \u0110\u1ec3 \u0111\u01b0\u1ee3c shop ph\u1ea3n h\u1ed3i nhanh nh\u1ea5t, c\u00e1c b\u1ea1n vui l\u00f2ng b\u1ea5m v\u00e0o n\u00fat \u201cnh\u1eafn tin qua instagram\u201d \u1edf d\u01b0\u1edbi ch\u1eef \u201cmua ngay\u201d nh\u00e9.<\/strong><\/p>\n","protected":false},"excerpt":{"rendered":"<p>M\u1eabu nh\u1eabn \u0111\u01a1n v\u1edbi h\u1ea1t \u0111\u00e1 tourmaline \u0111en size 2 ly, \u0111i\u1ec3m nh\u1eb9 h\u1ea1t tourmaline h\u1ed3ng 4ly ho\u1eb7c bi m\u1ea1 v\u00e0ng \u1edf gi\u1eefa. Nh\u1eabn x\u1ecf b\u1eb1ng d\u00e2y c\u01b0\u1edbc, c\u00f3 \u0111\u1ed3 ch\u1eb7n nh\u1ecf. Size: Chu vi v\u00f2ng trong: 5cm &#8211; 6cm &#8211; 6.5cm c\u00e1c b\u1ea1n c\u00f3 th\u1ec3 li\u00ean h\u1ec7 v\u1edbi shop \u0111\u1ec3 \u0111\u01b0\u1ee3c t\u01b0 v\u1ea5n l\u00e0m theo size ri\u00eang tr\u01b0\u1edbc khi \u0111\u1eb7t mua. L\u01b0u \u00fd: \u0111\u1ed1i v\u1edbi \u0111\u00e1 tourmaline th\u00ec m\u00e0u c\u1ee7a \u0111\u00e1 th\u01b0\u1eddng s\u1ebd ho\u00e0 l\u1eabn \u00edt ho\u1eb7c nhi\u1ec1u m\u00e0u trong c\u00f9ng 1 h\u1ea1t n\u00ean nh\u01b0 chi\u1ebfc trong h\u00ecnh th\u00ec n\u00f3 s\u1ebd kh\u00f4ng h\u1eb3n m\u00e0u \u0111en tuy\u1ec1n m\u00e0 h\u1ea1t c\u00f3 l\u1eabn m\u00e0u xanh l\u00e1, xanh d\u01b0\u01a1ng\u2026 H\u01b0\u1edbng d\u1eabn s\u1eed d\u1ee5ng nh\u1eabn: 1. Ch\u1ec9 \u0111eo nh\u1eabn cho ng\u00f3n v\u1eeba v\u1edbi size nh\u1eabn \u0111\u00e3 mua \u1edf shop, n\u1ebfu chuy\u1ec3n sang c\u00e1c ng\u00f3n kh\u00e1c to size h\u01a1n nh\u1eabn d\u1ec5 gi\u00e3n, \u0111\u1ee9t. 2.\u00a0 \u0110eo ch\u1eadm r\u00e3i, nh\u1eb9 nh\u00e0ng, kh\u00f4ng \u0111eo nh\u1eabn l\u00e0m vi\u1ec7c n\u1eb7ng: ch\u01a1i th\u1ec3 thao, lau nh\u00e0, r\u1eeda ch\u00e9n,\u2026 3. H\u1ea1n ch\u1ebf \u0111\u1ee5ng n\u01b0\u1edbc, ho\u00e1 ch\u1ea5t, m\u1ed3 h\u00f4i\u2026 P.s: \u0110\u1ec3 \u0111\u01b0\u1ee3c shop ph\u1ea3n h\u1ed3i nhanh nh\u1ea5t, c\u00e1c b\u1ea1n vui l\u00f2ng b\u1ea5m v\u00e0o n\u00fat \u201cnh\u1eafn tin qua instagram\u201d \u1edf d\u01b0\u1edbi ch\u1eef \u201cmua ngay\u201d nh\u00e9.<\/p>\n","protected":false},"featured_media":22691,"comment_status":"open","ping_status":"closed","template":"","meta":[],"product_brand":[],"product_cat":[296],"product_tag":[361,347],"class_list":{"0":"post-22690","1":"product","2":"type-product","3":"status-publish","4":"has-post-thumbnail","6":"product_cat-nhan","7":"product_tag-blacktourmaline","8":"product_tag-nhan","9":"pa_color-black","10":"pa_fate-moc","11":"pa_fate-thuy","12":"pa_loai-da-tourmaline","13":"pa_size-2-ly","14":"pa_style-tron","16":"first","17":"instock","18":"shipping-taxable","19":"purchasable","20":"product-type-simple"},"_links":{"self":[{"href":"https:\/\/www.erialshop.com\/index.php\/wp-json\/wp\/v2\/product\/22690","targetHints":{"allow":["GET"]}}],"collection":[{"href":"https:\/\/www.erialshop.com\/index.php\/wp-json\/wp\/v2\/product"}],"about":[{"href":"https:\/\/www.erialshop.com\/index.php\/wp-json\/wp\/v2\/types\/product"}],"replies":[{"embeddable":true,"href":"https:\/\/www.erialshop.com\/index.php\/wp-json\/wp\/v2\/comments?post=22690"}],"version-history":[{"count":0,"href":"https:\/\/www.erialshop.com\/index.php\/wp-json\/wp\/v2\/product\/22690\/revisions"}],"wp:featuredmedia":[{"embeddable":true,"href":"https:\/\/www.erialshop.com\/index.php\/wp-json\/wp\/v2\/media\/22691"}],"wp:attachment":[{"href":"https:\/\/www.erialshop.com\/index.php\/wp-json\/wp\/v2\/media?parent=22690"}],"wp:term":[{"taxonomy":"product_brand","embeddable":true,"href":"https:\/\/www.erialshop.com\/index.php\/wp-json\/wp\/v2\/product_brand?post=22690"},{"taxonomy":"product_cat","embeddable":true,"href":"https:\/\/www.erialshop.com\/index.php\/wp-json\/wp\/v2\/product_cat?post=22690"},{"taxonomy":"product_tag","embeddable":true,"href":"https:\/\/www.erialshop.com\/index.php\/wp-json\/wp\/v2\/product_tag?post=22690"}],"curies":[{"name":"wp","href":"https:\/\/api.w.org\/{rel}","templated":true}]}}