{"id":22683,"date":"2023-07-16T18:56:45","date_gmt":"2023-07-16T11:56:45","guid":{"rendered":"https:\/\/erialshop.com\/?post_type=product&#038;p=22683"},"modified":"2023-07-12T20:13:55","modified_gmt":"2023-07-12T13:13:55","slug":"tourmaline-zircon","status":"publish","type":"product","link":"https:\/\/www.erialshop.com\/index.php\/product\/tourmaline-zircon\/","title":{"rendered":"Tourmaline &#8211; Zircon"},"content":{"rendered":"<p><strong>B\u00f4ng tai v\u1edbi \u0111\u00e1 tourmaline h\u00ecnh gi\u1ecdt n\u01b0\u1edbc trong v\u1eaft ph\u1ed1i c\u00f9ng charm banh tr\u00f2n \u0111an xen c\u00e1c h\u1ea1t \u0111\u00e1 zircon 2ly \u0111\u1ee7 m\u00e0u <\/strong><strong>c\u00f9ng m\u1ed9t s\u1ed1 chi ti\u1ebft m\u1ea1 v\u00e0ng.<\/strong><\/p>\n<p>Ki\u1ec3u tai xinh x\u1ec9u, \u0111eo t\u00f2ng teng. Chi\u1ec1u d\u00e0i b\u00f4ng tai: 5cm, k\u00edch th\u01b0\u1edbc v\u00f2ng tr\u00f2n: 2cm.<\/p>\n<p>C\u00e1c b\u1ea1n c\u00f3 th\u1ec3 li\u00ean h\u1ec7 tr\u01b0\u1edbc v\u1edbi shop \u0111\u1ec3 \u0111\u01b0\u1ee3c t\u01b0 v\u1ea5n k\u0129 l\u01b0\u1ee1ng tr\u01b0\u1edbc khi \u0111\u1eb7t mua.<\/p>\n<p><strong>P.s: \u0110\u1ec3 \u0111\u01b0\u1ee3c shop ph\u1ea3n h\u1ed3i nhanh nh\u1ea5t, c\u00e1c b\u1ea1n vui l\u00f2ng b\u1ea5m v\u00e0o n\u00fat \u201cnh\u1eafn tin qua instagram\u201d \u1edf d\u01b0\u1edbi ch\u1eef \u201cmua ngay\u201d nh\u00e9.<\/strong><\/p>\n<p>&nbsp;<\/p>\n","protected":false},"excerpt":{"rendered":"<p>B\u00f4ng tai v\u1edbi \u0111\u00e1 tourmaline h\u00ecnh gi\u1ecdt n\u01b0\u1edbc trong v\u1eaft ph\u1ed1i c\u00f9ng charm banh tr\u00f2n \u0111an xen c\u00e1c h\u1ea1t \u0111\u00e1 zircon 2ly \u0111\u1ee7 m\u00e0u c\u00f9ng m\u1ed9t s\u1ed1 chi ti\u1ebft m\u1ea1 v\u00e0ng. Ki\u1ec3u tai xinh x\u1ec9u, \u0111eo t\u00f2ng teng. Chi\u1ec1u d\u00e0i b\u00f4ng tai: 5cm, k\u00edch th\u01b0\u1edbc v\u00f2ng tr\u00f2n: 2cm. C\u00e1c b\u1ea1n c\u00f3 th\u1ec3 li\u00ean h\u1ec7 tr\u01b0\u1edbc v\u1edbi shop \u0111\u1ec3 \u0111\u01b0\u1ee3c t\u01b0 v\u1ea5n k\u0129 l\u01b0\u1ee1ng tr\u01b0\u1edbc khi \u0111\u1eb7t mua. P.s: \u0110\u1ec3 \u0111\u01b0\u1ee3c shop ph\u1ea3n h\u1ed3i nhanh nh\u1ea5t, c\u00e1c b\u1ea1n vui l\u00f2ng b\u1ea5m v\u00e0o n\u00fat \u201cnh\u1eafn tin qua instagram\u201d \u1edf d\u01b0\u1edbi ch\u1eef \u201cmua ngay\u201d nh\u00e9. &nbsp;<\/p>\n","protected":false},"featured_media":22684,"comment_status":"open","ping_status":"closed","template":"","meta":[],"product_brand":[],"product_cat":[288],"product_tag":[350,388,339,408],"class_list":{"0":"post-22683","1":"product","2":"type-product","3":"status-publish","4":"has-post-thumbnail","6":"product_cat-bong-tai","7":"product_tag-2ly","8":"product_tag-bongtai","9":"product_tag-tourmaline","10":"product_tag-xanhla","11":"pa_color-da-sac","12":"pa_loai-da-tourmaline","13":"pa_loai-da-cubic-zirconia","14":"pa_size-2-ly","16":"first","17":"instock","18":"shipping-taxable","19":"purchasable","20":"product-type-simple"},"_links":{"self":[{"href":"https:\/\/www.erialshop.com\/index.php\/wp-json\/wp\/v2\/product\/22683","targetHints":{"allow":["GET"]}}],"collection":[{"href":"https:\/\/www.erialshop.com\/index.php\/wp-json\/wp\/v2\/product"}],"about":[{"href":"https:\/\/www.erialshop.com\/index.php\/wp-json\/wp\/v2\/types\/product"}],"replies":[{"embeddable":true,"href":"https:\/\/www.erialshop.com\/index.php\/wp-json\/wp\/v2\/comments?post=22683"}],"version-history":[{"count":0,"href":"https:\/\/www.erialshop.com\/index.php\/wp-json\/wp\/v2\/product\/22683\/revisions"}],"wp:featuredmedia":[{"embeddable":true,"href":"https:\/\/www.erialshop.com\/index.php\/wp-json\/wp\/v2\/media\/22684"}],"wp:attachment":[{"href":"https:\/\/www.erialshop.com\/index.php\/wp-json\/wp\/v2\/media?parent=22683"}],"wp:term":[{"taxonomy":"product_brand","embeddable":true,"href":"https:\/\/www.erialshop.com\/index.php\/wp-json\/wp\/v2\/product_brand?post=22683"},{"taxonomy":"product_cat","embeddable":true,"href":"https:\/\/www.erialshop.com\/index.php\/wp-json\/wp\/v2\/product_cat?post=22683"},{"taxonomy":"product_tag","embeddable":true,"href":"https:\/\/www.erialshop.com\/index.php\/wp-json\/wp\/v2\/product_tag?post=22683"}],"curies":[{"name":"wp","href":"https:\/\/api.w.org\/{rel}","templated":true}]}}