{"id":22677,"date":"2023-07-10T23:41:58","date_gmt":"2023-07-10T16:41:58","guid":{"rendered":"https:\/\/erialshop.com\/?post_type=product&#038;p=22677"},"modified":"2025-03-06T15:55:05","modified_gmt":"2025-03-06T08:55:05","slug":"ruby-sapphire-da-sac-2ly","status":"publish","type":"product","link":"https:\/\/www.erialshop.com\/index.php\/product\/ruby-sapphire-da-sac-2ly\/","title":{"rendered":"Ruby &#8211; Sapphire \u0110a S\u1eafc 2ly"},"content":{"rendered":"<p>V\u00f2ng tay v\u1edbi \u0111\u00e1 sapphire \u0111a s\u1eafc, ruby h\u1ed3ng t\u1ef1 nhi\u00ean h\u1ea1t c\u1eaft gi\u00e1c size 2ly x\u1ecf tr\u01a1n c\u00f9ng m\u1ed9t s\u1ed1 chi ti\u1ebft m\u1ea1 v\u00e0ng.<\/p>\n<p>Chi\u1ec1u d\u00e0i v\u00f2ng c\u00f3 s\u1eb5n nh\u01b0 sau: 15.2cm -15.2cm -16cm &#8211; 16.2cm &#8211; 17cm. C\u00e1c vui l\u00f2ng li\u00ean h\u1ec7 v\u1edbi shop \u0111\u1ec3 \u0111\u01b0\u1ee3c t\u01b0 v\u1ea5n size tr\u01b0\u1edbc khi mua.<\/p>\n<p><strong>P.s: \u0110\u1ec3 \u0111\u01b0\u1ee3c shop ph\u1ea3n h\u1ed3i nhanh nh\u1ea5t, c\u00e1c b\u1ea1n vui l\u00f2ng b\u1ea5m v\u00e0o n\u00fat \u201cnh\u1eafn tin qua instagram\u201d \u1edf d\u01b0\u1edbi ch\u1eef \u201cmua ngay\u201d nh\u00e9.<\/strong><\/p>\n","protected":false},"excerpt":{"rendered":"<p>V\u00f2ng tay v\u1edbi \u0111\u00e1 sapphire \u0111a s\u1eafc, ruby h\u1ed3ng t\u1ef1 nhi\u00ean h\u1ea1t c\u1eaft gi\u00e1c size 2ly x\u1ecf tr\u01a1n c\u00f9ng m\u1ed9t s\u1ed1 chi ti\u1ebft m\u1ea1 v\u00e0ng. Chi\u1ec1u d\u00e0i v\u00f2ng c\u00f3 s\u1eb5n nh\u01b0 sau: 15.2cm -15.2cm -16cm &#8211; 16.2cm &#8211; 17cm. C\u00e1c vui l\u00f2ng li\u00ean h\u1ec7 v\u1edbi shop \u0111\u1ec3 \u0111\u01b0\u1ee3c t\u01b0 v\u1ea5n size tr\u01b0\u1edbc khi mua. P.s: \u0110\u1ec3 \u0111\u01b0\u1ee3c shop ph\u1ea3n h\u1ed3i nhanh nh\u1ea5t, c\u00e1c b\u1ea1n vui l\u00f2ng b\u1ea5m v\u00e0o n\u00fat \u201cnh\u1eafn tin qua instagram\u201d \u1edf d\u01b0\u1edbi ch\u1eef \u201cmua ngay\u201d nh\u00e9.<\/p>\n","protected":false},"featured_media":22679,"comment_status":"open","ping_status":"closed","template":"","meta":[],"product_brand":[],"product_cat":[284],"product_tag":[399,454,365,338],"class_list":{"0":"post-22677","1":"product","2":"type-product","3":"status-publish","4":"has-post-thumbnail","6":"product_cat-vong-tay","7":"product_tag-hong","8":"product_tag-pink","9":"product_tag-sapphire","10":"product_tag-vongtay","11":"pa_color-da-sac","12":"pa_color-blue","13":"pa_fate-moc","14":"pa_loai-da-ruby","15":"pa_loai-da-sapphire","16":"pa_size-2-ly","17":"pa_style-tron","19":"first","20":"instock","21":"sale","22":"shipping-taxable","23":"purchasable","24":"product-type-simple"},"_links":{"self":[{"href":"https:\/\/www.erialshop.com\/index.php\/wp-json\/wp\/v2\/product\/22677","targetHints":{"allow":["GET"]}}],"collection":[{"href":"https:\/\/www.erialshop.com\/index.php\/wp-json\/wp\/v2\/product"}],"about":[{"href":"https:\/\/www.erialshop.com\/index.php\/wp-json\/wp\/v2\/types\/product"}],"replies":[{"embeddable":true,"href":"https:\/\/www.erialshop.com\/index.php\/wp-json\/wp\/v2\/comments?post=22677"}],"version-history":[{"count":3,"href":"https:\/\/www.erialshop.com\/index.php\/wp-json\/wp\/v2\/product\/22677\/revisions"}],"predecessor-version":[{"id":26166,"href":"https:\/\/www.erialshop.com\/index.php\/wp-json\/wp\/v2\/product\/22677\/revisions\/26166"}],"wp:featuredmedia":[{"embeddable":true,"href":"https:\/\/www.erialshop.com\/index.php\/wp-json\/wp\/v2\/media\/22679"}],"wp:attachment":[{"href":"https:\/\/www.erialshop.com\/index.php\/wp-json\/wp\/v2\/media?parent=22677"}],"wp:term":[{"taxonomy":"product_brand","embeddable":true,"href":"https:\/\/www.erialshop.com\/index.php\/wp-json\/wp\/v2\/product_brand?post=22677"},{"taxonomy":"product_cat","embeddable":true,"href":"https:\/\/www.erialshop.com\/index.php\/wp-json\/wp\/v2\/product_cat?post=22677"},{"taxonomy":"product_tag","embeddable":true,"href":"https:\/\/www.erialshop.com\/index.php\/wp-json\/wp\/v2\/product_tag?post=22677"}],"curies":[{"name":"wp","href":"https:\/\/api.w.org\/{rel}","templated":true}]}}