{"id":22621,"date":"2022-11-28T19:36:54","date_gmt":"2022-11-28T12:36:54","guid":{"rendered":"https:\/\/erialshop.com\/?post_type=product&#038;p=22621"},"modified":"2026-02-22T20:32:00","modified_gmt":"2026-02-22T13:32:00","slug":"mat-meo-ngoc-trai","status":"publish","type":"product","link":"https:\/\/www.erialshop.com\/index.php\/product\/mat-meo-ngoc-trai\/","title":{"rendered":"M\u1eaft M\u00e8o &#8211; Ng\u1ecdc Trai"},"content":{"rendered":"<p><strong>L\u1eafc ch\u00e2n \u0111\u00e1 m\u1eaft m\u00e8o nh\u00e2n t\u1ea1o size 2ly m\u00e0u xanh l\u00e1 pastel mix c\u00f9ng ng\u1ecdc trai h\u1ea1t g\u1ea1o m\u00e0u tr\u1eafng c\u00f9ng m\u1ed9t s\u1ed1 chi ti\u1ebft m\u1ea1 v\u00e0ng.<\/strong><\/p>\n<p>Shop c\u00f3 s\u1eb5n d\u00e2y chi\u1ec1u d\u00e0i 24cm ho\u1eb7c c\u00e1c b\u1ea1n c\u00f3 th\u1ec3 li\u00ean h\u1ec7 tr\u01b0\u1edbc v\u1edbi shop \u0111\u1ec3 \u0111\u01b0\u1ee3c t\u01b0 v\u1ea5n tr\u01b0\u1edbc khi \u0111\u1eb7t mua.<\/p>\n<p><strong>P.s: \u0110\u1ec3 \u0111\u01b0\u1ee3c shop ph\u1ea3n h\u1ed3i nhanh nh\u1ea5t, c\u00e1c b\u1ea1n vui l\u00f2ng b\u1ea5m v\u00e0o n\u00fat \u201cnh\u1eafn tin qua instagram\u201d \u1edf d\u01b0\u1edbi ch\u1eef \u201cmua ngay\u201d nh\u00e9.<\/strong><\/p>\n<hr \/>\n<p>\u0110\u00e1 m\u1eaft m\u00e8o nh\u00e2n t\u1ea1o l\u00e0 h\u1ea1t th\u1ee7y tinh \u0111\u01b0\u1ee3c t\u1ea1o ra b\u1eb1ng c\u00e1ch nung ch\u1ea3y c\u00e1c s\u1ee3i th\u1ea1ch anh v\u1edbi nhau, nh\u1eb1m t\u1ea1o ra hi\u1ec7u \u1ee9ng t\u00e1n x\u1ea1 c\u1ee7a m\u1ed9t d\u1ea3i \u00e1nh s\u00e1ng xuy\u00ean qua trung t\u00e2m.<\/p>\n","protected":false},"excerpt":{"rendered":"<p>L\u1eafc ch\u00e2n \u0111\u00e1 m\u1eaft m\u00e8o nh\u00e2n t\u1ea1o size 2ly m\u00e0u xanh l\u00e1 pastel mix c\u00f9ng ng\u1ecdc trai h\u1ea1t g\u1ea1o m\u00e0u tr\u1eafng c\u00f9ng m\u1ed9t s\u1ed1 chi ti\u1ebft m\u1ea1 v\u00e0ng. Shop c\u00f3 s\u1eb5n d\u00e2y chi\u1ec1u d\u00e0i 24cm ho\u1eb7c c\u00e1c b\u1ea1n c\u00f3 th\u1ec3 li\u00ean h\u1ec7 tr\u01b0\u1edbc v\u1edbi shop \u0111\u1ec3 \u0111\u01b0\u1ee3c t\u01b0 v\u1ea5n tr\u01b0\u1edbc khi \u0111\u1eb7t mua. P.s: \u0110\u1ec3 \u0111\u01b0\u1ee3c shop ph\u1ea3n h\u1ed3i nhanh nh\u1ea5t, c\u00e1c b\u1ea1n vui l\u00f2ng b\u1ea5m v\u00e0o n\u00fat \u201cnh\u1eafn tin qua instagram\u201d \u1edf d\u01b0\u1edbi ch\u1eef \u201cmua ngay\u201d nh\u00e9. \u0110\u00e1 m\u1eaft m\u00e8o nh\u00e2n t\u1ea1o l\u00e0 h\u1ea1t th\u1ee7y tinh \u0111\u01b0\u1ee3c t\u1ea1o ra b\u1eb1ng c\u00e1ch nung ch\u1ea3y c\u00e1c s\u1ee3i th\u1ea1ch anh v\u1edbi nhau, nh\u1eb1m t\u1ea1o ra hi\u1ec7u \u1ee9ng t\u00e1n x\u1ea1 c\u1ee7a m\u1ed9t d\u1ea3i \u00e1nh s\u00e1ng xuy\u00ean qua trung t\u00e2m.<\/p>\n","protected":false},"featured_media":22375,"comment_status":"open","ping_status":"closed","template":"","meta":[],"product_brand":[],"product_cat":[286],"product_tag":[467,425,445],"class_list":{"0":"post-22621","1":"product","2":"type-product","3":"status-publish","4":"has-post-thumbnail","6":"product_cat-lac-chan","7":"product_tag-apatite","8":"product_tag-lacchan","9":"product_tag-matmeonhantao","10":"pa_color-green","11":"pa_fate-moc","12":"pa_fate-thuy","13":"pa_loai-da-ngoc-trai","14":"pa_loai-da-mat-meo-nhan-tao","15":"pa_size-2-ly","17":"first","18":"instock","19":"shipping-taxable","20":"product-type-simple"},"_links":{"self":[{"href":"https:\/\/www.erialshop.com\/index.php\/wp-json\/wp\/v2\/product\/22621","targetHints":{"allow":["GET"]}}],"collection":[{"href":"https:\/\/www.erialshop.com\/index.php\/wp-json\/wp\/v2\/product"}],"about":[{"href":"https:\/\/www.erialshop.com\/index.php\/wp-json\/wp\/v2\/types\/product"}],"replies":[{"embeddable":true,"href":"https:\/\/www.erialshop.com\/index.php\/wp-json\/wp\/v2\/comments?post=22621"}],"version-history":[{"count":1,"href":"https:\/\/www.erialshop.com\/index.php\/wp-json\/wp\/v2\/product\/22621\/revisions"}],"predecessor-version":[{"id":26895,"href":"https:\/\/www.erialshop.com\/index.php\/wp-json\/wp\/v2\/product\/22621\/revisions\/26895"}],"wp:featuredmedia":[{"embeddable":true,"href":"https:\/\/www.erialshop.com\/index.php\/wp-json\/wp\/v2\/media\/22375"}],"wp:attachment":[{"href":"https:\/\/www.erialshop.com\/index.php\/wp-json\/wp\/v2\/media?parent=22621"}],"wp:term":[{"taxonomy":"product_brand","embeddable":true,"href":"https:\/\/www.erialshop.com\/index.php\/wp-json\/wp\/v2\/product_brand?post=22621"},{"taxonomy":"product_cat","embeddable":true,"href":"https:\/\/www.erialshop.com\/index.php\/wp-json\/wp\/v2\/product_cat?post=22621"},{"taxonomy":"product_tag","embeddable":true,"href":"https:\/\/www.erialshop.com\/index.php\/wp-json\/wp\/v2\/product_tag?post=22621"}],"curies":[{"name":"wp","href":"https:\/\/api.w.org\/{rel}","templated":true}]}}