{"id":22556,"date":"2023-11-21T15:05:23","date_gmt":"2023-11-21T08:05:23","guid":{"rendered":"https:\/\/erialshop.com\/?post_type=product&#038;p=22556"},"modified":"2026-02-19T22:07:10","modified_gmt":"2026-02-19T15:07:10","slug":"garnet-2ly","status":"publish","type":"product","link":"https:\/\/www.erialshop.com\/index.php\/product\/garnet-2ly\/","title":{"rendered":"Garnet \u0110\u1ecf 2ly"},"content":{"rendered":"<p><strong>\u00a0V\u00f2ng tay v\u1edbi \u0111\u00e1 garnet h\u1ea1t c\u1eaft gi\u00e1c t\u00f4ng m\u00e0u \u0111\u1ecf size 2ly x\u1ecf tr\u01a1n c\u00f9ng m\u1ed9t s\u1ed1 chi ti\u1ebft m\u1ea1 v\u00e0ng.<\/strong><\/p>\n<p>Shop c\u00f3 s\u1eb5n chi\u1ebfc d\u00e0i 16.1cm ( v\u1eeba c\u1ed5 tay 14.5-15cm) ho\u1eb7c c\u00e1c b\u1ea1n vui l\u00f2ng inbox shop \u0111\u1ec3 \u0111\u1eb7t l\u00e0m theo chi\u1ec1u d\u00e0i y\u00eau c\u1ea7u v\u00e0 \u0111\u1ec3 \u0111\u01b0\u1ee3c shop t\u01b0 v\u1ea5n tr\u01b0\u1edbc khi mua h\u00e0ng.<\/p>\n<p><b>P.s: \u0110\u1ec3 \u0111\u01b0\u1ee3c shop ph\u1ea3n h\u1ed3i nhanh nh\u1ea5t, c\u00e1c b\u1ea1n vui l\u00f2ng b\u1ea5m v\u00e0o n\u00fat \u201cnh\u1eafn tin qua instagram\u201d \u1edf d\u01b0\u1edbi ch\u1eef \u201cmua ngay\u201d nh\u00e9.<\/b><\/p>\n","protected":false},"excerpt":{"rendered":"<p>\u00a0V\u00f2ng tay v\u1edbi \u0111\u00e1 garnet h\u1ea1t c\u1eaft gi\u00e1c t\u00f4ng m\u00e0u \u0111\u1ecf size 2ly x\u1ecf tr\u01a1n c\u00f9ng m\u1ed9t s\u1ed1 chi ti\u1ebft m\u1ea1 v\u00e0ng. Shop c\u00f3 s\u1eb5n chi\u1ebfc d\u00e0i 16.1cm ( v\u1eeba c\u1ed5 tay 14.5-15cm) ho\u1eb7c c\u00e1c b\u1ea1n vui l\u00f2ng inbox shop \u0111\u1ec3 \u0111\u1eb7t l\u00e0m theo chi\u1ec1u d\u00e0i y\u00eau c\u1ea7u v\u00e0 \u0111\u1ec3 \u0111\u01b0\u1ee3c shop t\u01b0 v\u1ea5n tr\u01b0\u1edbc khi mua h\u00e0ng. P.s: \u0110\u1ec3 \u0111\u01b0\u1ee3c shop ph\u1ea3n h\u1ed3i nhanh nh\u1ea5t, c\u00e1c b\u1ea1n vui l\u00f2ng b\u1ea5m v\u00e0o n\u00fat \u201cnh\u1eafn tin qua instagram\u201d \u1edf d\u01b0\u1edbi ch\u1eef \u201cmua ngay\u201d nh\u00e9.<\/p>\n","protected":false},"featured_media":22557,"comment_status":"open","ping_status":"closed","template":"","meta":[],"product_brand":[],"product_cat":[284],"product_tag":[353,338],"class_list":{"0":"post-22556","1":"product","2":"type-product","3":"status-publish","4":"has-post-thumbnail","6":"product_cat-vong-tay","7":"product_tag-garnet","8":"product_tag-vongtay","9":"pa_color-plum","10":"pa_fate-hoa","11":"pa_fate-tho","12":"pa_loai-da-garnet","13":"pa_size-2-ly","14":"pa_style-tron","16":"first","17":"onbackorder","18":"sold-individually","19":"shipping-taxable","20":"purchasable","21":"product-type-simple"},"_links":{"self":[{"href":"https:\/\/www.erialshop.com\/index.php\/wp-json\/wp\/v2\/product\/22556","targetHints":{"allow":["GET"]}}],"collection":[{"href":"https:\/\/www.erialshop.com\/index.php\/wp-json\/wp\/v2\/product"}],"about":[{"href":"https:\/\/www.erialshop.com\/index.php\/wp-json\/wp\/v2\/types\/product"}],"replies":[{"embeddable":true,"href":"https:\/\/www.erialshop.com\/index.php\/wp-json\/wp\/v2\/comments?post=22556"}],"version-history":[{"count":1,"href":"https:\/\/www.erialshop.com\/index.php\/wp-json\/wp\/v2\/product\/22556\/revisions"}],"predecessor-version":[{"id":26851,"href":"https:\/\/www.erialshop.com\/index.php\/wp-json\/wp\/v2\/product\/22556\/revisions\/26851"}],"wp:featuredmedia":[{"embeddable":true,"href":"https:\/\/www.erialshop.com\/index.php\/wp-json\/wp\/v2\/media\/22557"}],"wp:attachment":[{"href":"https:\/\/www.erialshop.com\/index.php\/wp-json\/wp\/v2\/media?parent=22556"}],"wp:term":[{"taxonomy":"product_brand","embeddable":true,"href":"https:\/\/www.erialshop.com\/index.php\/wp-json\/wp\/v2\/product_brand?post=22556"},{"taxonomy":"product_cat","embeddable":true,"href":"https:\/\/www.erialshop.com\/index.php\/wp-json\/wp\/v2\/product_cat?post=22556"},{"taxonomy":"product_tag","embeddable":true,"href":"https:\/\/www.erialshop.com\/index.php\/wp-json\/wp\/v2\/product_tag?post=22556"}],"curies":[{"name":"wp","href":"https:\/\/api.w.org\/{rel}","templated":true}]}}