{"id":22465,"date":"2023-06-04T23:11:44","date_gmt":"2023-06-04T16:11:44","guid":{"rendered":"https:\/\/erialshop.com\/?post_type=product&#038;p=22465"},"modified":"2024-04-05T04:09:20","modified_gmt":"2024-04-04T21:09:20","slug":"cong-chua-phien-ban-3-2","status":"publish","type":"product","link":"https:\/\/www.erialshop.com\/index.php\/product\/cong-chua-phien-ban-3-2\/","title":{"rendered":"C\u00f4ng Ch\u00faa Phi\u00ean B\u1ea3n 3"},"content":{"rendered":"<p class=\"p1\"><strong>V\u00f2ng tay v\u1edbi \u0111\u00e1 th\u1ea1ch anh tr\u1eafng \u0111\u01b0\u1ee3c k\u1ebft t\u1ec9 m\u1ec9 b\u1ecdc l\u1ea5y m\u1ed9t ph\u1ea7n hai vi\u00ean chalcedony m\u00e0u xanh l\u00e1, t\u1ed5ng th\u1ec3 t\u1ea1o ra m\u1ed9t b\u00f4ng hoa mang s\u1ef1 m\u1ec1m m\u1ea1i, nh\u1eb9 nh\u00e0ng t\u1ef1a nh\u01b0 m\u1ed9t n\u00e0ng c\u00f4ng ch\u00faa.<\/strong><\/p>\n<p><strong>Nguy\u00ean li\u1ec7u: <\/strong>\u0110\u00e1 Canada Chalcedony 6mm, \u0111\u00e1 th\u1ea1ch anh tr\u1eafng 2mm, c\u00f9ng m\u1ed9t s\u1ed1 chi ti\u1ebft m\u1ea1 v\u00e0ng.<\/p>\n<p class=\"p1\">Shop c\u00f3 s\u1eb5n chi\u1ebfc y h\u00ecnh d\u00e0i 16cm (v\u1eeba c\u1ed5 tay 13.5-14cm) ho\u1eb7c c\u00e1c b\u1ea1n vui l\u00f2ng li\u00ean h\u1ec7 v\u1edbi shop \u0111\u1ec3 \u0111\u01b0\u1ee3c t\u01b0 v\u1ea5n v\u00e0 l\u00e0m theo size ri\u00eang nh\u00e9.<\/p>\n<ul>\n<li>\u0110\u00e1 Canada Chalcedony trong h\u00ecnh l\u00e0 lo\u1ea1i \u0111\u00e1 t\u1ef1 nhi\u00ean \u0111\u00e3 \u0111\u01b0\u1ee3c nung nhi\u1ec7t \u0111\u1ec3 l\u00e0m m\u00e0u \u0111\u00e1 t\u01b0\u01a1i h\u01a1n nh\u01b0ng v\u1eabn th\u1ea5y \u0111\u01b0\u1ee3c c\u00e1c v\u1ea1t t\u1ea1p ch\u1ea5t \u0111en trong \u0111\u00e1.<\/li>\n<\/ul>\n<p><strong>P.s: \u0110\u1ec3 \u0111\u01b0\u1ee3c shop ph\u1ea3n h\u1ed3i nhanh nh\u1ea5t<\/strong><strong style=\"letter-spacing: 0px;\">, c\u00e1c b\u1ea1n vui l\u00f2ng b\u1ea5m v\u00e0o n\u00fat &#8220;nh\u1eafn tin qua instagram&#8221; \u1edf d\u01b0\u1edbi ch\u1eef &#8220;mua ngay&#8221; nh\u00e9.\u00a0<\/strong><\/p>\n","protected":false},"excerpt":{"rendered":"<p>V\u00f2ng tay v\u1edbi \u0111\u00e1 th\u1ea1ch anh tr\u1eafng \u0111\u01b0\u1ee3c k\u1ebft t\u1ec9 m\u1ec9 b\u1ecdc l\u1ea5y m\u1ed9t ph\u1ea7n hai vi\u00ean chalcedony m\u00e0u xanh l\u00e1, t\u1ed5ng th\u1ec3 t\u1ea1o ra m\u1ed9t b\u00f4ng hoa mang s\u1ef1 m\u1ec1m m\u1ea1i, nh\u1eb9 nh\u00e0ng t\u1ef1a nh\u01b0 m\u1ed9t n\u00e0ng c\u00f4ng ch\u00faa. Nguy\u00ean li\u1ec7u: \u0110\u00e1 Canada Chalcedony 6mm, \u0111\u00e1 th\u1ea1ch anh tr\u1eafng 2mm, c\u00f9ng m\u1ed9t s\u1ed1 chi ti\u1ebft m\u1ea1 v\u00e0ng. Shop c\u00f3 s\u1eb5n chi\u1ebfc y h\u00ecnh d\u00e0i 16cm (v\u1eeba c\u1ed5 tay 13.5-14cm) ho\u1eb7c c\u00e1c b\u1ea1n vui l\u00f2ng li\u00ean h\u1ec7 v\u1edbi shop \u0111\u1ec3 \u0111\u01b0\u1ee3c t\u01b0 v\u1ea5n v\u00e0 l\u00e0m theo size ri\u00eang nh\u00e9. \u0110\u00e1 Canada Chalcedony trong h\u00ecnh l\u00e0 lo\u1ea1i \u0111\u00e1 t\u1ef1 nhi\u00ean \u0111\u00e3 \u0111\u01b0\u1ee3c nung nhi\u1ec7t \u0111\u1ec3 l\u00e0m m\u00e0u \u0111\u00e1 t\u01b0\u01a1i h\u01a1n nh\u01b0ng v\u1eabn th\u1ea5y \u0111\u01b0\u1ee3c c\u00e1c v\u1ea1t t\u1ea1p ch\u1ea5t \u0111en trong \u0111\u00e1. P.s: \u0110\u1ec3 \u0111\u01b0\u1ee3c shop ph\u1ea3n h\u1ed3i nhanh nh\u1ea5t, c\u00e1c b\u1ea1n vui l\u00f2ng b\u1ea5m v\u00e0o n\u00fat &#8220;nh\u1eafn tin qua instagram&#8221; \u1edf d\u01b0\u1edbi ch\u1eef &#8220;mua ngay&#8221; nh\u00e9.\u00a0<\/p>\n","protected":false},"featured_media":22467,"comment_status":"open","ping_status":"closed","template":"","meta":[],"product_brand":[],"product_cat":[284],"product_tag":[],"class_list":{"0":"post-22465","1":"product","2":"type-product","3":"status-publish","4":"has-post-thumbnail","6":"product_cat-vong-tay","7":"pa_color-green","8":"pa_color-white","9":"pa_fate-moc","10":"pa_fate-thuy","11":"pa_loai-da-chalcedony","12":"pa_loai-da-thach-anh","13":"pa_loai-da-thach-anh-trang","14":"pa_size-2-ly","15":"pa_size-6-ly","16":"pa_style-dieu-da","18":"first","19":"instock","20":"shipping-taxable","21":"purchasable","22":"product-type-simple"},"_links":{"self":[{"href":"https:\/\/www.erialshop.com\/index.php\/wp-json\/wp\/v2\/product\/22465","targetHints":{"allow":["GET"]}}],"collection":[{"href":"https:\/\/www.erialshop.com\/index.php\/wp-json\/wp\/v2\/product"}],"about":[{"href":"https:\/\/www.erialshop.com\/index.php\/wp-json\/wp\/v2\/types\/product"}],"replies":[{"embeddable":true,"href":"https:\/\/www.erialshop.com\/index.php\/wp-json\/wp\/v2\/comments?post=22465"}],"version-history":[{"count":0,"href":"https:\/\/www.erialshop.com\/index.php\/wp-json\/wp\/v2\/product\/22465\/revisions"}],"wp:featuredmedia":[{"embeddable":true,"href":"https:\/\/www.erialshop.com\/index.php\/wp-json\/wp\/v2\/media\/22467"}],"wp:attachment":[{"href":"https:\/\/www.erialshop.com\/index.php\/wp-json\/wp\/v2\/media?parent=22465"}],"wp:term":[{"taxonomy":"product_brand","embeddable":true,"href":"https:\/\/www.erialshop.com\/index.php\/wp-json\/wp\/v2\/product_brand?post=22465"},{"taxonomy":"product_cat","embeddable":true,"href":"https:\/\/www.erialshop.com\/index.php\/wp-json\/wp\/v2\/product_cat?post=22465"},{"taxonomy":"product_tag","embeddable":true,"href":"https:\/\/www.erialshop.com\/index.php\/wp-json\/wp\/v2\/product_tag?post=22465"}],"curies":[{"name":"wp","href":"https:\/\/api.w.org\/{rel}","templated":true}]}}