{"id":22332,"date":"2023-05-20T21:42:17","date_gmt":"2023-05-20T14:42:17","guid":{"rendered":"https:\/\/erialshop.com\/?post_type=product&#038;p=22332"},"modified":"2024-11-04T17:41:29","modified_gmt":"2024-11-04T10:41:29","slug":"trai-tim-doi","status":"publish","type":"product","link":"https:\/\/www.erialshop.com\/index.php\/product\/trai-tim-doi\/","title":{"rendered":"Tr\u00e1i Tim \u0110\u00f4i"},"content":{"rendered":"<div id=\"8apli_dl7sg\"><strong><span id=\"8apli_dl7sg_c10c9\" class=\"\" data-text=\"true\">B\u00f4ng tai v\u1edbi \u0111\u00e1 tourmaline hai m\u00e0u t\u1ea1o h\u00ecnh tr\u00e1i tim \u0111i\u1ec3m gi\u1eefa c\u00f9ng m\u1ed9t vi\u00ean garnet h\u00ecnh h\u1ea1t n\u01b0\u1edbc \u1edf gi\u1eefa c\u00f9ng c\u00e1c chi ti\u1ebft m\u1ea1 v\u00e0ng.<\/span><\/strong><\/div>\n<div><\/div>\n<div>\n<div id=\"8apli_fj0m5\"><span id=\"8apli_fj0m5_3h075\" class=\"\" data-text=\"true\">Nguy\u00ean li\u1ec7u: <\/span><\/div>\n<div><span id=\"8apli_fj0m5_3h075\" class=\"\" data-text=\"true\">\u0110\u00e1 tourmaline ch\u1ea5t l\u01b0\u1ee3ng v\u1edbi \u0111\u1ed9 trong cao, m\u00e0u h\u1ed3ng nh\u1ea1t, m\u00e0u xanh \u0111\u00e1 size 1.6 x 3.5ly.<\/span><\/div>\n<div id=\"8apli_bcqhc\"><span id=\"8apli_bcqhc_cf08u\" class=\"\" data-text=\"true\">\u0110\u00e1 garnet \u0111\u1ecf h\u00ecnh h\u1ea1t n\u01b0\u1edbc, \u0111\u1ed9 trong cao.<\/span><\/div>\n<\/div>\n<div><\/div>\n<div id=\"8apli_337vq\"><span id=\"8apli_337vq_33m20\" class=\"\" data-text=\"true\">K\u00edch th\u01b0\u1edbc khuy\u00ean tai: 4cm x 2.2cm<\/span><\/div>\n<div id=\"8apli_7macl\"><span id=\"8apli_7macl_ciomp\" class=\"\" data-text=\"true\">K\u00edch th\u01b0\u1edbc tr\u00e1i tim: 2.5cm x 2.5cm<\/span><\/div>\n<div id=\"8apli_bcqhc\"><\/div>\n<p>C\u00e1c b\u1ea1n c\u00f3 th\u1ec3 li\u00ean h\u1ec7 tr\u01b0\u1edbc v\u1edbi shop \u0111\u1ec3 \u0111\u01b0\u1ee3c t\u01b0 v\u1ea5n k\u0129 l\u01b0\u1ee1ng tr\u01b0\u1edbc khi \u0111\u1eb7t mua.<\/p>\n<p><strong>P.s: \u0110\u1ec3 \u0111\u01b0\u1ee3c shop ph\u1ea3n h\u1ed3i nhanh nh\u1ea5t, c\u00e1c b\u1ea1n vui l\u00f2ng b\u1ea5m v\u00e0o n\u00fat \u201cnh\u1eafn tin qua instagram\u201d \u1edf d\u01b0\u1edbi ch\u1eef \u201cmua ngay\u201d nh\u00e9.<\/strong><\/p>\n<p>&nbsp;<\/p>\n","protected":false},"excerpt":{"rendered":"<p>B\u00f4ng tai v\u1edbi \u0111\u00e1 tourmaline hai m\u00e0u t\u1ea1o h\u00ecnh tr\u00e1i tim \u0111i\u1ec3m gi\u1eefa c\u00f9ng m\u1ed9t vi\u00ean garnet h\u00ecnh h\u1ea1t n\u01b0\u1edbc \u1edf gi\u1eefa c\u00f9ng c\u00e1c chi ti\u1ebft m\u1ea1 v\u00e0ng. Nguy\u00ean li\u1ec7u: \u0110\u00e1 tourmaline ch\u1ea5t l\u01b0\u1ee3ng v\u1edbi \u0111\u1ed9 trong cao, m\u00e0u h\u1ed3ng nh\u1ea1t, m\u00e0u xanh \u0111\u00e1 size 1.6 x 3.5ly. \u0110\u00e1 garnet \u0111\u1ecf h\u00ecnh h\u1ea1t n\u01b0\u1edbc, \u0111\u1ed9 trong cao. K\u00edch th\u01b0\u1edbc khuy\u00ean tai: 4cm x 2.2cm K\u00edch th\u01b0\u1edbc tr\u00e1i tim: 2.5cm x 2.5cm C\u00e1c b\u1ea1n c\u00f3 th\u1ec3 li\u00ean h\u1ec7 tr\u01b0\u1edbc v\u1edbi shop \u0111\u1ec3 \u0111\u01b0\u1ee3c t\u01b0 v\u1ea5n k\u0129 l\u01b0\u1ee1ng tr\u01b0\u1edbc khi \u0111\u1eb7t mua. P.s: \u0110\u1ec3 \u0111\u01b0\u1ee3c shop ph\u1ea3n h\u1ed3i nhanh nh\u1ea5t, c\u00e1c b\u1ea1n vui l\u00f2ng b\u1ea5m v\u00e0o n\u00fat \u201cnh\u1eafn tin qua instagram\u201d \u1edf d\u01b0\u1edbi ch\u1eef \u201cmua ngay\u201d nh\u00e9. &nbsp;<\/p>\n","protected":false},"featured_media":22333,"comment_status":"open","ping_status":"closed","template":"","meta":[],"product_brand":[],"product_cat":[288],"product_tag":[350,388,339],"class_list":{"0":"post-22332","1":"product","2":"type-product","3":"status-publish","4":"has-post-thumbnail","6":"product_cat-bong-tai","7":"product_tag-2ly","8":"product_tag-bongtai","9":"product_tag-tourmaline","10":"pa_color-da-sac","11":"pa_color-pink","12":"pa_color-green","13":"pa_loai-da-tourmaline","14":"pa_loai-da-garnet","15":"pa_size-3-ly","17":"first","18":"instock","19":"shipping-taxable","20":"purchasable","21":"product-type-simple"},"_links":{"self":[{"href":"https:\/\/www.erialshop.com\/index.php\/wp-json\/wp\/v2\/product\/22332","targetHints":{"allow":["GET"]}}],"collection":[{"href":"https:\/\/www.erialshop.com\/index.php\/wp-json\/wp\/v2\/product"}],"about":[{"href":"https:\/\/www.erialshop.com\/index.php\/wp-json\/wp\/v2\/types\/product"}],"replies":[{"embeddable":true,"href":"https:\/\/www.erialshop.com\/index.php\/wp-json\/wp\/v2\/comments?post=22332"}],"version-history":[{"count":1,"href":"https:\/\/www.erialshop.com\/index.php\/wp-json\/wp\/v2\/product\/22332\/revisions"}],"predecessor-version":[{"id":25607,"href":"https:\/\/www.erialshop.com\/index.php\/wp-json\/wp\/v2\/product\/22332\/revisions\/25607"}],"wp:featuredmedia":[{"embeddable":true,"href":"https:\/\/www.erialshop.com\/index.php\/wp-json\/wp\/v2\/media\/22333"}],"wp:attachment":[{"href":"https:\/\/www.erialshop.com\/index.php\/wp-json\/wp\/v2\/media?parent=22332"}],"wp:term":[{"taxonomy":"product_brand","embeddable":true,"href":"https:\/\/www.erialshop.com\/index.php\/wp-json\/wp\/v2\/product_brand?post=22332"},{"taxonomy":"product_cat","embeddable":true,"href":"https:\/\/www.erialshop.com\/index.php\/wp-json\/wp\/v2\/product_cat?post=22332"},{"taxonomy":"product_tag","embeddable":true,"href":"https:\/\/www.erialshop.com\/index.php\/wp-json\/wp\/v2\/product_tag?post=22332"}],"curies":[{"name":"wp","href":"https:\/\/api.w.org\/{rel}","templated":true}]}}