{"id":22298,"date":"2023-05-26T02:30:09","date_gmt":"2023-05-25T19:30:09","guid":{"rendered":"https:\/\/erialshop.com\/?post_type=product&#038;p=22298"},"modified":"2024-08-12T20:34:39","modified_gmt":"2024-08-12T13:34:39","slug":"tourmaline-tron-5ly","status":"publish","type":"product","link":"https:\/\/www.erialshop.com\/index.php\/product\/tourmaline-tron-5ly\/","title":{"rendered":"Tourmaline H\u1ed3ng &#8211; Tr\u00f2n 5.2ly"},"content":{"rendered":"<p><strong>V\u00f2ng tay \u0111\u00e1 tourmaline h\u1ea1t tr\u00f2n size 5.2ly v\u1edbi t\u00f4ng m\u00e0u h\u1ed3ng x\u1ecf thun \u0111\u01a1n gi\u1ea3n.<\/strong><\/p>\n<p>Shop c\u00f3 s\u1eb5n 3 chi\u1ebfc y h\u00ecnh d\u00e0i 16-17cm ( v\u1eeba c\u1ed5 tay 14-15cm), ho\u1eb7c c\u00e1c b\u1ea1n c\u00f3 th\u1ec3 li\u00ean h\u1ec7 v\u1edbi shop \u0111\u1ec3 \u0111\u1eb7t theo size ri\u00eang v\u00e0 \u0111\u01b0\u1ee3c t\u01b0 v\u1ea5n k\u1ef9 tr\u01b0\u1edbc khi \u0111\u1eb7t mua.<\/p>\n<p>L\u01b0u \u00fd: S\u1ea3n ph\u1ea9m tr\u00ean v\u1edbi nh\u1eefng vi\u00ean \u0111\u00e1 t\u1ef1 nhi\u00ean th\u00ec g\u1ea7n nh\u01b0 c\u00f3 ch\u00fat khuy\u1ebft \u0111i\u1ec3m nh\u01b0: v\u1ebft r\u1ea1n, n\u1ee9t, ho\u1eb7c l\u00f5m nh\u1eb9 do qu\u00e1 tr\u00ecnh khai th\u00e1c v\u00e0 gia c\u00f4ng m\u00e0i c\u1eaft \u0111\u00e1.<\/p>\n<p><strong>P.s: \u0110\u1ec3 \u0111\u01b0\u1ee3c shop ph\u1ea3n h\u1ed3i nhanh nh\u1ea5t, c\u00e1c b\u1ea1n vui l\u00f2ng b\u1ea5m v\u00e0o n\u00fat \u201cnh\u1eafn tin qua instagram\u201d \u1edf d\u01b0\u1edbi ch\u1eef \u201cmua ngay\u201d nh\u00e9.<\/strong><\/p>\n","protected":false},"excerpt":{"rendered":"<p>V\u00f2ng tay \u0111\u00e1 tourmaline h\u1ea1t tr\u00f2n size 5.2ly v\u1edbi t\u00f4ng m\u00e0u h\u1ed3ng x\u1ecf thun \u0111\u01a1n gi\u1ea3n. Shop c\u00f3 s\u1eb5n 3 chi\u1ebfc y h\u00ecnh d\u00e0i 16-17cm ( v\u1eeba c\u1ed5 tay 14-15cm), ho\u1eb7c c\u00e1c b\u1ea1n c\u00f3 th\u1ec3 li\u00ean h\u1ec7 v\u1edbi shop \u0111\u1ec3 \u0111\u1eb7t theo size ri\u00eang v\u00e0 \u0111\u01b0\u1ee3c t\u01b0 v\u1ea5n k\u1ef9 tr\u01b0\u1edbc khi \u0111\u1eb7t mua. L\u01b0u \u00fd: S\u1ea3n ph\u1ea9m tr\u00ean v\u1edbi nh\u1eefng vi\u00ean \u0111\u00e1 t\u1ef1 nhi\u00ean th\u00ec g\u1ea7n nh\u01b0 c\u00f3 ch\u00fat khuy\u1ebft \u0111i\u1ec3m nh\u01b0: v\u1ebft r\u1ea1n, n\u1ee9t, ho\u1eb7c l\u00f5m nh\u1eb9 do qu\u00e1 tr\u00ecnh khai th\u00e1c v\u00e0 gia c\u00f4ng m\u00e0i c\u1eaft \u0111\u00e1. P.s: \u0110\u1ec3 \u0111\u01b0\u1ee3c shop ph\u1ea3n h\u1ed3i nhanh nh\u1ea5t, c\u00e1c b\u1ea1n vui l\u00f2ng b\u1ea5m v\u00e0o n\u00fat \u201cnh\u1eafn tin qua instagram\u201d \u1edf d\u01b0\u1edbi ch\u1eef \u201cmua ngay\u201d nh\u00e9.<\/p>\n","protected":false},"featured_media":22299,"comment_status":"open","ping_status":"closed","template":"","meta":[],"product_brand":[],"product_cat":[284],"product_tag":[454,339,338],"class_list":{"0":"post-22298","1":"product","2":"type-product","3":"status-publish","4":"has-post-thumbnail","6":"product_cat-vong-tay","7":"product_tag-pink","8":"product_tag-tourmaline","9":"product_tag-vongtay","10":"pa_color-pink","11":"pa_fate-hoa","12":"pa_fate-tho","13":"pa_loai-da-tourmaline","14":"pa_size-5-ly","15":"pa_size-hat-tron","16":"pa_style-tron","18":"first","19":"instock","20":"sale","21":"shipping-taxable","22":"purchasable","23":"product-type-simple"},"_links":{"self":[{"href":"https:\/\/www.erialshop.com\/index.php\/wp-json\/wp\/v2\/product\/22298","targetHints":{"allow":["GET"]}}],"collection":[{"href":"https:\/\/www.erialshop.com\/index.php\/wp-json\/wp\/v2\/product"}],"about":[{"href":"https:\/\/www.erialshop.com\/index.php\/wp-json\/wp\/v2\/types\/product"}],"replies":[{"embeddable":true,"href":"https:\/\/www.erialshop.com\/index.php\/wp-json\/wp\/v2\/comments?post=22298"}],"version-history":[{"count":0,"href":"https:\/\/www.erialshop.com\/index.php\/wp-json\/wp\/v2\/product\/22298\/revisions"}],"wp:featuredmedia":[{"embeddable":true,"href":"https:\/\/www.erialshop.com\/index.php\/wp-json\/wp\/v2\/media\/22299"}],"wp:attachment":[{"href":"https:\/\/www.erialshop.com\/index.php\/wp-json\/wp\/v2\/media?parent=22298"}],"wp:term":[{"taxonomy":"product_brand","embeddable":true,"href":"https:\/\/www.erialshop.com\/index.php\/wp-json\/wp\/v2\/product_brand?post=22298"},{"taxonomy":"product_cat","embeddable":true,"href":"https:\/\/www.erialshop.com\/index.php\/wp-json\/wp\/v2\/product_cat?post=22298"},{"taxonomy":"product_tag","embeddable":true,"href":"https:\/\/www.erialshop.com\/index.php\/wp-json\/wp\/v2\/product_tag?post=22298"}],"curies":[{"name":"wp","href":"https:\/\/api.w.org\/{rel}","templated":true}]}}