{"id":22291,"date":"2023-05-06T23:33:03","date_gmt":"2023-05-06T16:33:03","guid":{"rendered":"https:\/\/erialshop.com\/?post_type=product&#038;p=22291"},"modified":"2025-01-09T17:05:04","modified_gmt":"2025-01-09T10:05:04","slug":"thach-anh-tim-vun","status":"publish","type":"product","link":"https:\/\/www.erialshop.com\/index.php\/product\/thach-anh-tim-vun\/","title":{"rendered":"Th\u1ea1ch Anh T\u00edm V\u1ee5n"},"content":{"rendered":"<p class=\"p1\"><strong>V\u00f2ng tay v\u1edbi th\u1ea1ch anh t\u00edm d\u1ea1ng v\u1ee5n c\u00f9ng m\u1ed9t s\u1ed1 chi ti\u1ebft m\u1ea1 v\u00e0ng.<span class=\"Apple-converted-space\"> T\u00f4ng t\u00edm n\u00e0y s\u1ebd tr\u1ea3i t\u1eeb t\u00edm nh\u1ea1t, \u0111\u1eadm v\u00e0 pha x\u00e1m kh\u00f3i.<\/span><\/strong><\/p>\n<p><strong>Khi \u0111\u1eb7t l\u00e0m theo tay:<\/strong> \u0110\u00e2y l\u00e0 d\u1ea1ng \u0111\u00e1 v\u1ee5n kh\u00f4ng h\u00ecnh d\u1ea1ng c\u1ed1 \u0111\u1ecbnh, v\u00e0 t\u00f4ng m\u00e0u tr\u1ea3i d\u00e0i n\u00ean khi l\u00e0m ra chi\u1ebfc kh\u00e1c th\u00ec s\u1ea3n ph\u1ea9m s\u1ebd kh\u00e1c h\u00ecnh c\u1ee1 15% v\u1ec1 h\u00ecnh d\u1ea1ng, m\u00e0u s\u1eafc. C\u00e1c b\u1ea1n vui l\u00f2ng li\u00ean h\u1ec7 v\u1edbi shop \u0111\u1ec3 \u0111\u01b0\u1ee3c t\u01b0 v\u1ea5n v\u00e0 l\u00e0m theo size ri\u00eang nh\u00e9.<\/p>\n<p class=\"p3\"><em><strong>Ch\u00fa \u00fd:<\/strong> \u0110\u1ed1i v\u1edbi c\u00e1c lo\u1ea1i v\u00f2ng x\u1ecf v\u1edbi \u0111\u00e1 v\u1ee5n, c\u00e1c b\u1ea1n l\u01b0u \u00fd \u0111\u1eb7t tay nh\u1eb9 nh\u00e0ng khi va ch\u1ea1m c\u00e1c m\u1eb7t c\u1ee9ng \u0111\u1ec3 h\u1ea1n ch\u1ebf vi\u00eac r\u1ea1n, n\u1ee9t \u0111\u00e1 v\u00ec \u0111\u00e1 v\u1ee5n kh\u00f4ng c\u00f3 1 k\u00edch th\u01b0\u1edbc c\u1ee5 th\u1ec3 n\u00ean l\u1ed7 x\u1ecf th\u01b0\u1eddng s\u1ebd n\u1eb1m ng\u1eabu nhi\u00ean tr\u00ean vi\u00ean \u0111\u00e1. Ho\u1eb7c n\u1ebfu c\u00e1c b\u1ea1n kh\u00f4ng ti\u1ec7n nh\u1eb9 tay c\u00f3 th\u1ec3 tham kh\u1ea3o th\u00eam c\u00e1c lo\u1ea1i \u0111\u00e1 c\u00f3 \u0111\u1ed9 c\u1ee9ng cao.<\/em><\/p>\n<p><strong>P.s: \u0110\u1ec3 \u0111\u01b0\u1ee3c shop ph\u1ea3n h\u1ed3i nhanh nh\u1ea5t<\/strong><strong style=\"letter-spacing: 0px;\">, c\u00e1c b\u1ea1n vui l\u00f2ng b\u1ea5m v\u00e0o n\u00fat &#8220;nh\u1eafn tin qua instagram&#8221; \u1edf d\u01b0\u1edbi ch\u1eef &#8220;mua ngay&#8221; nh\u00e9.\u00a0<\/strong><\/p>\n","protected":false},"excerpt":{"rendered":"<p>V\u00f2ng tay v\u1edbi th\u1ea1ch anh t\u00edm d\u1ea1ng v\u1ee5n c\u00f9ng m\u1ed9t s\u1ed1 chi ti\u1ebft m\u1ea1 v\u00e0ng. T\u00f4ng t\u00edm n\u00e0y s\u1ebd tr\u1ea3i t\u1eeb t\u00edm nh\u1ea1t, \u0111\u1eadm v\u00e0 pha x\u00e1m kh\u00f3i. Khi \u0111\u1eb7t l\u00e0m theo tay: \u0110\u00e2y l\u00e0 d\u1ea1ng \u0111\u00e1 v\u1ee5n kh\u00f4ng h\u00ecnh d\u1ea1ng c\u1ed1 \u0111\u1ecbnh, v\u00e0 t\u00f4ng m\u00e0u tr\u1ea3i d\u00e0i n\u00ean khi l\u00e0m ra chi\u1ebfc kh\u00e1c th\u00ec s\u1ea3n ph\u1ea9m s\u1ebd kh\u00e1c h\u00ecnh c\u1ee1 15% v\u1ec1 h\u00ecnh d\u1ea1ng, m\u00e0u s\u1eafc. C\u00e1c b\u1ea1n vui l\u00f2ng li\u00ean h\u1ec7 v\u1edbi shop \u0111\u1ec3 \u0111\u01b0\u1ee3c t\u01b0 v\u1ea5n v\u00e0 l\u00e0m theo size ri\u00eang nh\u00e9. Ch\u00fa \u00fd: \u0110\u1ed1i v\u1edbi c\u00e1c lo\u1ea1i v\u00f2ng x\u1ecf v\u1edbi \u0111\u00e1 v\u1ee5n, c\u00e1c b\u1ea1n l\u01b0u \u00fd \u0111\u1eb7t tay nh\u1eb9 nh\u00e0ng khi va ch\u1ea1m c\u00e1c m\u1eb7t c\u1ee9ng \u0111\u1ec3 h\u1ea1n ch\u1ebf vi\u00eac r\u1ea1n, n\u1ee9t \u0111\u00e1 v\u00ec \u0111\u00e1 v\u1ee5n kh\u00f4ng c\u00f3 1 k\u00edch th\u01b0\u1edbc c\u1ee5 th\u1ec3 n\u00ean l\u1ed7 x\u1ecf th\u01b0\u1eddng s\u1ebd n\u1eb1m ng\u1eabu nhi\u00ean tr\u00ean vi\u00ean \u0111\u00e1. Ho\u1eb7c n\u1ebfu c\u00e1c b\u1ea1n kh\u00f4ng ti\u1ec7n nh\u1eb9 tay c\u00f3 th\u1ec3 tham kh\u1ea3o th\u00eam c\u00e1c lo\u1ea1i \u0111\u00e1 c\u00f3 \u0111\u1ed9 c\u1ee9ng cao. P.s: \u0110\u1ec3 \u0111\u01b0\u1ee3c shop ph\u1ea3n h\u1ed3i nhanh nh\u1ea5t, c\u00e1c b\u1ea1n vui l\u00f2ng b\u1ea5m v\u00e0o n\u00fat &#8220;nh\u1eafn tin qua instagram&#8221; \u1edf d\u01b0\u1edbi ch\u1eef &#8220;mua ngay&#8221; nh\u00e9.\u00a0<\/p>\n","protected":false},"featured_media":25536,"comment_status":"open","ping_status":"closed","template":"","meta":[],"product_brand":[],"product_cat":[284],"product_tag":[341,457,338,435],"class_list":{"0":"post-22291","1":"product","2":"type-product","3":"status-publish","4":"has-post-thumbnail","6":"product_cat-vong-tay","7":"product_tag-erialshop","8":"product_tag-thachanhhong","9":"product_tag-vongtay","10":"product_tag-vun","11":"pa_color-violet","12":"pa_fate-hoa","13":"pa_fate-tho","14":"pa_loai-da-thach-anh","15":"pa_loai-da-thach-anh-tim","16":"pa_size-vun","17":"pa_style-tron","19":"first","20":"instock","21":"sale","22":"shipping-taxable","23":"purchasable","24":"product-type-simple"},"_links":{"self":[{"href":"https:\/\/www.erialshop.com\/index.php\/wp-json\/wp\/v2\/product\/22291","targetHints":{"allow":["GET"]}}],"collection":[{"href":"https:\/\/www.erialshop.com\/index.php\/wp-json\/wp\/v2\/product"}],"about":[{"href":"https:\/\/www.erialshop.com\/index.php\/wp-json\/wp\/v2\/types\/product"}],"replies":[{"embeddable":true,"href":"https:\/\/www.erialshop.com\/index.php\/wp-json\/wp\/v2\/comments?post=22291"}],"version-history":[{"count":2,"href":"https:\/\/www.erialshop.com\/index.php\/wp-json\/wp\/v2\/product\/22291\/revisions"}],"predecessor-version":[{"id":25904,"href":"https:\/\/www.erialshop.com\/index.php\/wp-json\/wp\/v2\/product\/22291\/revisions\/25904"}],"wp:featuredmedia":[{"embeddable":true,"href":"https:\/\/www.erialshop.com\/index.php\/wp-json\/wp\/v2\/media\/25536"}],"wp:attachment":[{"href":"https:\/\/www.erialshop.com\/index.php\/wp-json\/wp\/v2\/media?parent=22291"}],"wp:term":[{"taxonomy":"product_brand","embeddable":true,"href":"https:\/\/www.erialshop.com\/index.php\/wp-json\/wp\/v2\/product_brand?post=22291"},{"taxonomy":"product_cat","embeddable":true,"href":"https:\/\/www.erialshop.com\/index.php\/wp-json\/wp\/v2\/product_cat?post=22291"},{"taxonomy":"product_tag","embeddable":true,"href":"https:\/\/www.erialshop.com\/index.php\/wp-json\/wp\/v2\/product_tag?post=22291"}],"curies":[{"name":"wp","href":"https:\/\/api.w.org\/{rel}","templated":true}]}}