{"id":22152,"date":"2023-05-11T18:00:47","date_gmt":"2023-05-11T11:00:47","guid":{"rendered":"https:\/\/erialshop.com\/?post_type=product&#038;p=22152"},"modified":"2024-08-12T20:52:17","modified_gmt":"2024-08-12T13:52:17","slug":"tourmaline-tim-6-5ly","status":"publish","type":"product","link":"https:\/\/www.erialshop.com\/index.php\/product\/tourmaline-tim-6-5ly\/","title":{"rendered":"Tourmaline T\u00edm 6.5ly"},"content":{"rendered":"<p><strong>V\u00f2ng tay \u0111\u00e1 tourmaline h\u1ea1t tr\u00f2n size 6.5-6.7ly t\u00f4ng m\u00e0u t\u00edm x\u1ecf thun tr\u01a1n, \u0111\u01a1n gi\u1ea3n.<\/strong><\/p>\n<p>Shop c\u00f3 s\u1eb5n chi\u1ebfc y h\u00ecnh 25 h\u1ea1t ( v\u1eeba c\u1ed5 tay 15cm) ho\u1eb7c c\u00e1c b\u1ea1n c\u00f3 th\u1ec3 li\u00ean h\u1ec7 v\u1edbi shop \u0111\u1ec3 \u0111\u01b0\u1ee3c t\u01b0 v\u1ea5n k\u1ef9 tr\u01b0\u1edbc khi \u0111\u1eb7t mua.<\/p>\n<p>Tourmaline l\u00e0 d\u1ea1ng \u0111\u00e1 quy\u1ec7n nhi\u1ec1u m\u00e0u v\u1edbi nhau nh\u01b0 tour t\u00f4ng t\u00edm nh\u01b0 h\u00ecnh c\u00f3 m\u00e0u t\u00edm l\u00e0 t\u00f4ng ch\u00ednh v\u00e0 pha th\u00eam m\u1ed9t s\u1ed1 m\u00e0u nh\u01b0 tr\u1eafng, \u0111en&#8230;<\/p>\n<p><strong>P.s: \u0110\u1ec3 \u0111\u01b0\u1ee3c shop ph\u1ea3n h\u1ed3i nhanh nh\u1ea5t, c\u00e1c b\u1ea1n vui l\u00f2ng b\u1ea5m v\u00e0o n\u00fat \u201cnh\u1eafn tin qua instagram\u201d \u1edf d\u01b0\u1edbi ch\u1eef \u201cmua ngay\u201d nh\u00e9.<\/strong><\/p>\n","protected":false},"excerpt":{"rendered":"<p>V\u00f2ng tay \u0111\u00e1 tourmaline h\u1ea1t tr\u00f2n size 6.5-6.7ly t\u00f4ng m\u00e0u t\u00edm x\u1ecf thun tr\u01a1n, \u0111\u01a1n gi\u1ea3n. Shop c\u00f3 s\u1eb5n chi\u1ebfc y h\u00ecnh 25 h\u1ea1t ( v\u1eeba c\u1ed5 tay 15cm) ho\u1eb7c c\u00e1c b\u1ea1n c\u00f3 th\u1ec3 li\u00ean h\u1ec7 v\u1edbi shop \u0111\u1ec3 \u0111\u01b0\u1ee3c t\u01b0 v\u1ea5n k\u1ef9 tr\u01b0\u1edbc khi \u0111\u1eb7t mua. Tourmaline l\u00e0 d\u1ea1ng \u0111\u00e1 quy\u1ec7n nhi\u1ec1u m\u00e0u v\u1edbi nhau nh\u01b0 tour t\u00f4ng t\u00edm nh\u01b0 h\u00ecnh c\u00f3 m\u00e0u t\u00edm l\u00e0 t\u00f4ng ch\u00ednh v\u00e0 pha th\u00eam m\u1ed9t s\u1ed1 m\u00e0u nh\u01b0 tr\u1eafng, \u0111en&#8230; P.s: \u0110\u1ec3 \u0111\u01b0\u1ee3c shop ph\u1ea3n h\u1ed3i nhanh nh\u1ea5t, c\u00e1c b\u1ea1n vui l\u00f2ng b\u1ea5m v\u00e0o n\u00fat \u201cnh\u1eafn tin qua instagram\u201d \u1edf d\u01b0\u1edbi ch\u1eef \u201cmua ngay\u201d nh\u00e9.<\/p>\n","protected":false},"featured_media":22153,"comment_status":"open","ping_status":"closed","template":"","meta":[],"product_brand":[],"product_cat":[284],"product_tag":[426,339,338],"class_list":{"0":"post-22152","1":"product","2":"type-product","3":"status-publish","4":"has-post-thumbnail","6":"product_cat-vong-tay","7":"product_tag-tim","8":"product_tag-tourmaline","9":"product_tag-vongtay","10":"pa_color-violet","11":"pa_fate-hoa","12":"pa_fate-tho","13":"pa_loai-da-tourmaline","14":"pa_size-hat-tron","15":"pa_size-6-ly","16":"pa_size-7ly","17":"pa_style-tron","19":"first","20":"instock","21":"sale","22":"shipping-taxable","23":"purchasable","24":"product-type-simple"},"_links":{"self":[{"href":"https:\/\/www.erialshop.com\/index.php\/wp-json\/wp\/v2\/product\/22152","targetHints":{"allow":["GET"]}}],"collection":[{"href":"https:\/\/www.erialshop.com\/index.php\/wp-json\/wp\/v2\/product"}],"about":[{"href":"https:\/\/www.erialshop.com\/index.php\/wp-json\/wp\/v2\/types\/product"}],"replies":[{"embeddable":true,"href":"https:\/\/www.erialshop.com\/index.php\/wp-json\/wp\/v2\/comments?post=22152"}],"version-history":[{"count":0,"href":"https:\/\/www.erialshop.com\/index.php\/wp-json\/wp\/v2\/product\/22152\/revisions"}],"wp:featuredmedia":[{"embeddable":true,"href":"https:\/\/www.erialshop.com\/index.php\/wp-json\/wp\/v2\/media\/22153"}],"wp:attachment":[{"href":"https:\/\/www.erialshop.com\/index.php\/wp-json\/wp\/v2\/media?parent=22152"}],"wp:term":[{"taxonomy":"product_brand","embeddable":true,"href":"https:\/\/www.erialshop.com\/index.php\/wp-json\/wp\/v2\/product_brand?post=22152"},{"taxonomy":"product_cat","embeddable":true,"href":"https:\/\/www.erialshop.com\/index.php\/wp-json\/wp\/v2\/product_cat?post=22152"},{"taxonomy":"product_tag","embeddable":true,"href":"https:\/\/www.erialshop.com\/index.php\/wp-json\/wp\/v2\/product_tag?post=22152"}],"curies":[{"name":"wp","href":"https:\/\/api.w.org\/{rel}","templated":true}]}}