{"id":22132,"date":"2023-05-09T19:53:58","date_gmt":"2023-05-09T12:53:58","guid":{"rendered":"https:\/\/erialshop.com\/?post_type=product&#038;p=22132"},"modified":"2023-11-26T19:58:00","modified_gmt":"2023-11-26T12:58:00","slug":"cordierit-iliote-2ly","status":"publish","type":"product","link":"https:\/\/www.erialshop.com\/index.php\/product\/cordierit-iliote-2ly\/","title":{"rendered":"Cordierit &#8211; iolit 2ly"},"content":{"rendered":"<p><strong>Nh\u1eabn v\u1edbi \u0111\u00e1 Cordierit h\u1ea1t 2ly c\u1eaft gi\u00e1c mix \u1edf gi\u1eefa \u0111\u00e1 Iolite h\u1ea1t vu\u00f4ng <\/strong><strong>c\u00f9ng m\u1ed9t s\u1ed1 chi ti\u1ebft m\u1ea1 v\u00e0ng.<\/strong><\/p>\n<p>M\u1eabu nh\u1eabn x\u1ecf c\u01b0\u1edbc, c\u00f3 \u0111\u1ed3 ch\u1eb7n nh\u1ecf. Shop c\u00f3 s\u1eb5n size 3.5-4cm (\u0111\u01b0\u1eddng k\u00ednh v\u00f2ng trong) ho\u1eb7c c\u00e1c b\u1ea1n c\u00f3 th\u1ec3 li\u00ean h\u1ec7 v\u1edbi shop \u0111\u1ec3 \u0111\u01b0\u1ee3c t\u01b0 v\u1ea5n k\u0129 tr\u01b0\u1edbc khi mua.<\/p>\n<p>Cordierit l\u00e0 m\u1ed9t kho\u00e1ng v\u1eadt silicat v\u00f2ng, c\u1ee7a magie, s\u1eaft, nh\u00f4m. V\u1edbi d\u00e3y m\u00e0u t\u01b0\u01a1ng \u0111\u1ed1i r\u1ed9ng t\u1eeb t\u00edm &#8211; xanh d\u01b0\u01a1ng( iolite), v\u00e0ng n\u00e2u, x\u00e1m kh\u00f3i, xanh l\u00e1 quy\u1ec7n v\u00e0o nhau. Kh\u00f4ng \u0111\u1ec1u m\u00e0u l\u00e0 \u0111\u1eb7c \u0111i\u1ec3m t\u1ef1 nhi\u00ean c\u1ee7a \u0111\u00e1 v\u00ec \u0111\u00e1 th\u01b0\u1eddng ch\u1ea1y theo d\u00e3y m\u00e0u t\u1eeb \u0111\u1eadm \u0111\u1ebfn nh\u1ea1t.<\/p>\n<hr \/>\n<p><strong>H\u01b0\u1edbng d\u1eabn s\u1eed d\u1ee5ng nh\u1eabn:<\/strong><\/p>\n<p><em>1. Ch\u1ec9 \u0111eo nh\u1eabn cho ng\u00f3n v\u1eeba v\u1edbi size nh\u1eabn \u0111\u00e3 mua \u1edf shop, n\u1ebfu chuy\u1ec3n sang c\u00e1c ng\u00f3n kh\u00e1c to size h\u01a1n nh\u1eabn d\u1ec5 gi\u00e3n, \u0111\u1ee9t.<\/em><\/p>\n<p><em>2.\u00a0 \u0110eo ch\u1eadm r\u00e3i, nh\u1eb9 nh\u00e0ng, kh\u00f4ng \u0111eo nh\u1eabn l\u00e0m vi\u1ec7c n\u1eb7ng: ch\u01a1i th\u1ec3 thao, lau nh\u00e0, r\u1eeda ch\u00e9n,\u2026<\/em><\/p>\n<p><em>3. H\u1ea1n ch\u1ebf \u0111\u1ee5ng n\u01b0\u1edbc, ho\u00e1 ch\u1ea5t, m\u1ed3 h\u00f4i\u2026<\/em><\/p>\n<p class=\"p1\"><b>P.s: \u0110\u1ec3 \u0111\u01b0\u1ee3c shop ph\u1ea3n h\u1ed3i nhanh nh\u1ea5t, c\u00e1c b\u1ea1n vui l\u00f2ng b\u1ea5m v\u00e0o n\u00fat \u201cnh\u1eafn tin qua instagram\u201d \u1edf d\u01b0\u1edbi ch\u1eef \u201cmua ngay\u201d nh\u00e9.<\/b><\/p>\n","protected":false},"excerpt":{"rendered":"<p>Nh\u1eabn v\u1edbi \u0111\u00e1 Cordierit h\u1ea1t 2ly c\u1eaft gi\u00e1c mix \u1edf gi\u1eefa \u0111\u00e1 Iolite h\u1ea1t vu\u00f4ng c\u00f9ng m\u1ed9t s\u1ed1 chi ti\u1ebft m\u1ea1 v\u00e0ng. M\u1eabu nh\u1eabn x\u1ecf c\u01b0\u1edbc, c\u00f3 \u0111\u1ed3 ch\u1eb7n nh\u1ecf. Shop c\u00f3 s\u1eb5n size 3.5-4cm (\u0111\u01b0\u1eddng k\u00ednh v\u00f2ng trong) ho\u1eb7c c\u00e1c b\u1ea1n c\u00f3 th\u1ec3 li\u00ean h\u1ec7 v\u1edbi shop \u0111\u1ec3 \u0111\u01b0\u1ee3c t\u01b0 v\u1ea5n k\u0129 tr\u01b0\u1edbc khi mua. Cordierit l\u00e0 m\u1ed9t kho\u00e1ng v\u1eadt silicat v\u00f2ng, c\u1ee7a magie, s\u1eaft, nh\u00f4m. V\u1edbi d\u00e3y m\u00e0u t\u01b0\u01a1ng \u0111\u1ed1i r\u1ed9ng t\u1eeb t\u00edm &#8211; xanh d\u01b0\u01a1ng( iolite), v\u00e0ng n\u00e2u, x\u00e1m kh\u00f3i, xanh l\u00e1 quy\u1ec7n v\u00e0o nhau. Kh\u00f4ng \u0111\u1ec1u m\u00e0u l\u00e0 \u0111\u1eb7c \u0111i\u1ec3m t\u1ef1 nhi\u00ean c\u1ee7a \u0111\u00e1 v\u00ec \u0111\u00e1 th\u01b0\u1eddng ch\u1ea1y theo d\u00e3y m\u00e0u t\u1eeb \u0111\u1eadm \u0111\u1ebfn nh\u1ea1t. H\u01b0\u1edbng d\u1eabn s\u1eed d\u1ee5ng nh\u1eabn: 1. Ch\u1ec9 \u0111eo nh\u1eabn cho ng\u00f3n v\u1eeba v\u1edbi size nh\u1eabn \u0111\u00e3 mua \u1edf shop, n\u1ebfu chuy\u1ec3n sang c\u00e1c ng\u00f3n kh\u00e1c to size h\u01a1n nh\u1eabn d\u1ec5 gi\u00e3n, \u0111\u1ee9t. 2.\u00a0 \u0110eo ch\u1eadm r\u00e3i, nh\u1eb9 nh\u00e0ng, kh\u00f4ng \u0111eo nh\u1eabn l\u00e0m vi\u1ec7c n\u1eb7ng: ch\u01a1i th\u1ec3 thao, lau nh\u00e0, r\u1eeda ch\u00e9n,\u2026 3. H\u1ea1n ch\u1ebf \u0111\u1ee5ng n\u01b0\u1edbc, ho\u00e1 ch\u1ea5t, m\u1ed3 h\u00f4i\u2026 P.s: \u0110\u1ec3 \u0111\u01b0\u1ee3c shop ph\u1ea3n h\u1ed3i nhanh nh\u1ea5t, c\u00e1c b\u1ea1n vui l\u00f2ng b\u1ea5m v\u00e0o n\u00fat \u201cnh\u1eafn tin qua instagram\u201d \u1edf d\u01b0\u1edbi ch\u1eef \u201cmua ngay\u201d nh\u00e9.<\/p>\n","protected":false},"featured_media":22133,"comment_status":"open","ping_status":"closed","template":"","meta":[],"product_brand":[],"product_cat":[296],"product_tag":[459,451,347],"class_list":{"0":"post-22132","1":"product","2":"type-product","3":"status-publish","4":"has-post-thumbnail","6":"product_cat-nhan","7":"product_tag-cordierit","8":"product_tag-idiot","9":"product_tag-nhan","10":"pa_color-violet","11":"pa_fate-hoa","12":"pa_fate-tho","13":"pa_loai-da-iolit","14":"pa_size-2-ly","16":"first","17":"instock","18":"shipping-taxable","19":"purchasable","20":"product-type-simple"},"_links":{"self":[{"href":"https:\/\/www.erialshop.com\/index.php\/wp-json\/wp\/v2\/product\/22132","targetHints":{"allow":["GET"]}}],"collection":[{"href":"https:\/\/www.erialshop.com\/index.php\/wp-json\/wp\/v2\/product"}],"about":[{"href":"https:\/\/www.erialshop.com\/index.php\/wp-json\/wp\/v2\/types\/product"}],"replies":[{"embeddable":true,"href":"https:\/\/www.erialshop.com\/index.php\/wp-json\/wp\/v2\/comments?post=22132"}],"version-history":[{"count":0,"href":"https:\/\/www.erialshop.com\/index.php\/wp-json\/wp\/v2\/product\/22132\/revisions"}],"wp:featuredmedia":[{"embeddable":true,"href":"https:\/\/www.erialshop.com\/index.php\/wp-json\/wp\/v2\/media\/22133"}],"wp:attachment":[{"href":"https:\/\/www.erialshop.com\/index.php\/wp-json\/wp\/v2\/media?parent=22132"}],"wp:term":[{"taxonomy":"product_brand","embeddable":true,"href":"https:\/\/www.erialshop.com\/index.php\/wp-json\/wp\/v2\/product_brand?post=22132"},{"taxonomy":"product_cat","embeddable":true,"href":"https:\/\/www.erialshop.com\/index.php\/wp-json\/wp\/v2\/product_cat?post=22132"},{"taxonomy":"product_tag","embeddable":true,"href":"https:\/\/www.erialshop.com\/index.php\/wp-json\/wp\/v2\/product_tag?post=22132"}],"curies":[{"name":"wp","href":"https:\/\/api.w.org\/{rel}","templated":true}]}}