{"id":22079,"date":"2023-05-15T08:08:08","date_gmt":"2023-05-15T01:08:08","guid":{"rendered":"https:\/\/erialshop.com\/?post_type=product&#038;p=22079"},"modified":"2024-11-03T18:19:49","modified_gmt":"2024-11-03T11:19:49","slug":"labradorite-3ly","status":"publish","type":"product","link":"https:\/\/www.erialshop.com\/index.php\/product\/labradorite-3ly\/","title":{"rendered":"Labradorite 3ly"},"content":{"rendered":"<p><strong>V\u00f2ng tay \u0111\u00e1 labradorite size 3ly x\u1ecf \u0111\u01a1n gi\u1ea3n c\u00f9ng c\u00e1c chi ti\u1ebft m\u1ea1 v\u00e0ng.<\/strong><\/p>\n<p>Labra l\u00e0 lo\u1ea1i \u0111\u00e1 c\u00f3 th\u00e2n m\u00e0u x\u00e1m, do c\u00e1c h\u1ea1t \u0111\u01b0\u1ee3c m\u00e0i nh\u1ecf th\u00ec s\u1ebd kh\u00f3 th\u1ea5y m\u00e0u x\u00e1m.<\/p>\n<p>Shop c\u00f3 s\u1eb5n chi\u1ebfc tr\u00ean h\u00ecnh d\u00e0i 15cm-15.8cm. C\u00e1c b\u1ea1n c\u00f3 th\u1ec3 li\u00ean h\u1ec7 tr\u01b0\u1edbc v\u1edbi shop \u0111\u1ec3 \u0111\u01b0\u1ee3c t\u01b0 v\u1ea5n k\u0129 l\u01b0\u1ee1ng tr\u01b0\u1edbc khi \u0111\u1eb7t mua.<\/p>\n<p><strong>P.s: \u0110\u1ec3 \u0111\u01b0\u1ee3c shop ph\u1ea3n h\u1ed3i nhanh nh\u1ea5t, c\u00e1c b\u1ea1n vui l\u00f2ng b\u1ea5m v\u00e0o n\u00fat \u201cnh\u1eafn tin qua instagram\u201d \u1edf d\u01b0\u1edbi ch\u1eef \u201cmua ngay\u201d nh\u00e9.<\/strong><\/p>\n","protected":false},"excerpt":{"rendered":"<p>V\u00f2ng tay \u0111\u00e1 labradorite size 3ly x\u1ecf \u0111\u01a1n gi\u1ea3n c\u00f9ng c\u00e1c chi ti\u1ebft m\u1ea1 v\u00e0ng. Labra l\u00e0 lo\u1ea1i \u0111\u00e1 c\u00f3 th\u00e2n m\u00e0u x\u00e1m, do c\u00e1c h\u1ea1t \u0111\u01b0\u1ee3c m\u00e0i nh\u1ecf th\u00ec s\u1ebd kh\u00f3 th\u1ea5y m\u00e0u x\u00e1m. Shop c\u00f3 s\u1eb5n chi\u1ebfc tr\u00ean h\u00ecnh d\u00e0i 15cm-15.8cm. C\u00e1c b\u1ea1n c\u00f3 th\u1ec3 li\u00ean h\u1ec7 tr\u01b0\u1edbc v\u1edbi shop \u0111\u1ec3 \u0111\u01b0\u1ee3c t\u01b0 v\u1ea5n k\u0129 l\u01b0\u1ee1ng tr\u01b0\u1edbc khi \u0111\u1eb7t mua. P.s: \u0110\u1ec3 \u0111\u01b0\u1ee3c shop ph\u1ea3n h\u1ed3i nhanh nh\u1ea5t, c\u00e1c b\u1ea1n vui l\u00f2ng b\u1ea5m v\u00e0o n\u00fat \u201cnh\u1eafn tin qua instagram\u201d \u1edf d\u01b0\u1edbi ch\u1eef \u201cmua ngay\u201d nh\u00e9.<\/p>\n","protected":false},"featured_media":23206,"comment_status":"open","ping_status":"closed","template":"","meta":[],"product_brand":[],"product_cat":[284],"product_tag":[372,371,490],"class_list":{"0":"post-22079","1":"product","2":"type-product","3":"status-publish","4":"has-post-thumbnail","6":"product_cat-vong-tay","7":"product_tag-hacnguyetquang","8":"product_tag-labradorite","9":"product_tag-re","10":"pa_color-grey","11":"pa_fate-kim","12":"pa_fate-thuy","13":"pa_loai-da-labradorite","14":"pa_size-3-ly","15":"pa_style-tron","17":"first","18":"instock","19":"sale","20":"shipping-taxable","21":"purchasable","22":"product-type-simple"},"_links":{"self":[{"href":"https:\/\/www.erialshop.com\/index.php\/wp-json\/wp\/v2\/product\/22079","targetHints":{"allow":["GET"]}}],"collection":[{"href":"https:\/\/www.erialshop.com\/index.php\/wp-json\/wp\/v2\/product"}],"about":[{"href":"https:\/\/www.erialshop.com\/index.php\/wp-json\/wp\/v2\/types\/product"}],"replies":[{"embeddable":true,"href":"https:\/\/www.erialshop.com\/index.php\/wp-json\/wp\/v2\/comments?post=22079"}],"version-history":[{"count":1,"href":"https:\/\/www.erialshop.com\/index.php\/wp-json\/wp\/v2\/product\/22079\/revisions"}],"predecessor-version":[{"id":25600,"href":"https:\/\/www.erialshop.com\/index.php\/wp-json\/wp\/v2\/product\/22079\/revisions\/25600"}],"wp:featuredmedia":[{"embeddable":true,"href":"https:\/\/www.erialshop.com\/index.php\/wp-json\/wp\/v2\/media\/23206"}],"wp:attachment":[{"href":"https:\/\/www.erialshop.com\/index.php\/wp-json\/wp\/v2\/media?parent=22079"}],"wp:term":[{"taxonomy":"product_brand","embeddable":true,"href":"https:\/\/www.erialshop.com\/index.php\/wp-json\/wp\/v2\/product_brand?post=22079"},{"taxonomy":"product_cat","embeddable":true,"href":"https:\/\/www.erialshop.com\/index.php\/wp-json\/wp\/v2\/product_cat?post=22079"},{"taxonomy":"product_tag","embeddable":true,"href":"https:\/\/www.erialshop.com\/index.php\/wp-json\/wp\/v2\/product_tag?post=22079"}],"curies":[{"name":"wp","href":"https:\/\/api.w.org\/{rel}","templated":true}]}}