{"id":22031,"date":"2023-04-23T22:11:21","date_gmt":"2023-04-23T15:11:21","guid":{"rendered":"https:\/\/erialshop.com\/?post_type=product&#038;p=22031"},"modified":"2024-08-15T17:24:23","modified_gmt":"2024-08-15T10:24:23","slug":"iolit-tim-4-5ly","status":"publish","type":"product","link":"https:\/\/www.erialshop.com\/index.php\/product\/iolit-tim-4-5ly\/","title":{"rendered":"Iolit T\u00edm 4-5ly"},"content":{"rendered":"<p><strong>V\u00f2ng tay \u0111\u00e1 iolit m\u00e0u t\u00edm h\u1ea1t vu\u00f4ng size 4-5ly mix ng\u1ecdc trai th\u1eadt <\/strong><strong>c\u00f9ng m\u1ed9t s\u1ed1 chi ti\u1ebft m\u1ea1 v\u00e0ng.<\/strong><\/p>\n<p>Shop c\u00f3 s\u1eb5n chi\u1ebfc d\u00e0i 16.2cm ho\u1eb7c c\u00e1c b\u1ea1n c\u00f3 th\u1ec3 li\u00ean h\u1ec7 v\u1edbi shop \u0111\u1ec3 \u0111\u01b0\u1ee3c t\u01b0 v\u1ea5n k\u0129 tr\u01b0\u1edbc khi mua.<\/p>\n<p>Kh\u00f4ng \u0111\u1ec1u m\u00e0u l\u00e0 \u0111\u1eb7c \u0111i\u1ec3m t\u1ef1 nhi\u00ean c\u1ee7a nh\u1eefng vi\u00ean \u0111\u00e1 v\u00ec \u0111\u00e1 th\u01b0\u1eddng ch\u1ea1y theo d\u00e3y m\u00e0u t\u1eeb \u0111\u1eadm \u0111\u1ebfn nh\u1ea1t.<\/p>\n<p class=\"p1\"><b>P.s: \u0110\u1ec3 \u0111\u01b0\u1ee3c shop ph\u1ea3n h\u1ed3i nhanh nh\u1ea5t, c\u00e1c b\u1ea1n vui l\u00f2ng b\u1ea5m v\u00e0o n\u00fat \u201cnh\u1eafn tin qua instagram\u201d \u1edf d\u01b0\u1edbi ch\u1eef \u201cmua ngay\u201d nh\u00e9.<\/b><\/p>\n","protected":false},"excerpt":{"rendered":"<p>V\u00f2ng tay \u0111\u00e1 iolit m\u00e0u t\u00edm h\u1ea1t vu\u00f4ng size 4-5ly mix ng\u1ecdc trai th\u1eadt c\u00f9ng m\u1ed9t s\u1ed1 chi ti\u1ebft m\u1ea1 v\u00e0ng. Shop c\u00f3 s\u1eb5n chi\u1ebfc d\u00e0i 16.2cm ho\u1eb7c c\u00e1c b\u1ea1n c\u00f3 th\u1ec3 li\u00ean h\u1ec7 v\u1edbi shop \u0111\u1ec3 \u0111\u01b0\u1ee3c t\u01b0 v\u1ea5n k\u0129 tr\u01b0\u1edbc khi mua. Kh\u00f4ng \u0111\u1ec1u m\u00e0u l\u00e0 \u0111\u1eb7c \u0111i\u1ec3m t\u1ef1 nhi\u00ean c\u1ee7a nh\u1eefng vi\u00ean \u0111\u00e1 v\u00ec \u0111\u00e1 th\u01b0\u1eddng ch\u1ea1y theo d\u00e3y m\u00e0u t\u1eeb \u0111\u1eadm \u0111\u1ebfn nh\u1ea1t. P.s: \u0110\u1ec3 \u0111\u01b0\u1ee3c shop ph\u1ea3n h\u1ed3i nhanh nh\u1ea5t, c\u00e1c b\u1ea1n vui l\u00f2ng b\u1ea5m v\u00e0o n\u00fat \u201cnh\u1eafn tin qua instagram\u201d \u1edf d\u01b0\u1edbi ch\u1eef \u201cmua ngay\u201d nh\u00e9.<\/p>\n","protected":false},"featured_media":22580,"comment_status":"open","ping_status":"closed","template":"","meta":[],"product_brand":[],"product_cat":[284],"product_tag":[451,424,338],"class_list":{"0":"post-22031","1":"product","2":"type-product","3":"status-publish","4":"has-post-thumbnail","6":"product_cat-vong-tay","7":"product_tag-idiot","8":"product_tag-ngoctrai","9":"product_tag-vongtay","10":"pa_color-violet","11":"pa_fate-hoa","12":"pa_fate-tho","13":"pa_loai-da-iolit","14":"pa_size-4-ly","15":"pa_size-5-ly","16":"pa_style-mix-ngoc-trai","18":"first","19":"instock","20":"sold-individually","21":"shipping-taxable","22":"purchasable","23":"product-type-simple"},"_links":{"self":[{"href":"https:\/\/www.erialshop.com\/index.php\/wp-json\/wp\/v2\/product\/22031","targetHints":{"allow":["GET"]}}],"collection":[{"href":"https:\/\/www.erialshop.com\/index.php\/wp-json\/wp\/v2\/product"}],"about":[{"href":"https:\/\/www.erialshop.com\/index.php\/wp-json\/wp\/v2\/types\/product"}],"replies":[{"embeddable":true,"href":"https:\/\/www.erialshop.com\/index.php\/wp-json\/wp\/v2\/comments?post=22031"}],"version-history":[{"count":0,"href":"https:\/\/www.erialshop.com\/index.php\/wp-json\/wp\/v2\/product\/22031\/revisions"}],"wp:featuredmedia":[{"embeddable":true,"href":"https:\/\/www.erialshop.com\/index.php\/wp-json\/wp\/v2\/media\/22580"}],"wp:attachment":[{"href":"https:\/\/www.erialshop.com\/index.php\/wp-json\/wp\/v2\/media?parent=22031"}],"wp:term":[{"taxonomy":"product_brand","embeddable":true,"href":"https:\/\/www.erialshop.com\/index.php\/wp-json\/wp\/v2\/product_brand?post=22031"},{"taxonomy":"product_cat","embeddable":true,"href":"https:\/\/www.erialshop.com\/index.php\/wp-json\/wp\/v2\/product_cat?post=22031"},{"taxonomy":"product_tag","embeddable":true,"href":"https:\/\/www.erialshop.com\/index.php\/wp-json\/wp\/v2\/product_tag?post=22031"}],"curies":[{"name":"wp","href":"https:\/\/api.w.org\/{rel}","templated":true}]}}