{"id":21878,"date":"2023-03-18T17:04:33","date_gmt":"2023-03-18T10:04:33","guid":{"rendered":"https:\/\/erialshop.com\/?post_type=product&#038;p=21878"},"modified":"2024-09-20T14:34:35","modified_gmt":"2024-09-20T07:34:35","slug":"tour-cam-dao-4ly","status":"publish","type":"product","link":"https:\/\/www.erialshop.com\/index.php\/product\/tour-cam-dao-4ly\/","title":{"rendered":"Tour Cam \u0110\u00e0o 4ly &#8211; C\u00fac Tr\u1eafng"},"content":{"rendered":"<p><strong>V\u00f2ng tay v\u1edbi \u0111\u00e1 tourmaline t\u00f4ng cam \u0111\u00e0o size 4ly mix charm hoa c\u00fac b\u1eb1ng v\u1ecf s\u00f2 v\u00e0 m\u1ed9t s\u1ed1 chi ti\u1ebft m\u1ea1 v\u00e0ng.<\/strong><\/p>\n<p>C\u00e1c b\u1ea1n c\u00f3 th\u1ec3 inbox shop \u0111\u1ec3 t\u01b0 v\u1ea5n size v\u00e0 \u0111\u1eb7t h\u00e0ng nh\u00e9.<\/p>\n<p>K\u00edch th\u01b0\u1edbc charm hoa c\u00fac : 1cm x 1cm.<\/p>\n<p><b>P.s: \u0110\u1ec3 \u0111\u01b0\u1ee3c shop ph\u1ea3n h\u1ed3i nhanh nh\u1ea5t, c\u00e1c b\u1ea1n vui l\u00f2ng b\u1ea5m v\u00e0o n\u00fat \u201cnh\u1eafn tin qua instagram\u201d \u1edf d\u01b0\u1edbi ch\u1eef \u201cmua ngay\u201d nh\u00e9.<\/b><\/p>\n","protected":false},"excerpt":{"rendered":"<p>V\u00f2ng tay v\u1edbi \u0111\u00e1 tourmaline t\u00f4ng cam \u0111\u00e0o size 4ly mix charm hoa c\u00fac b\u1eb1ng v\u1ecf s\u00f2 v\u00e0 m\u1ed9t s\u1ed1 chi ti\u1ebft m\u1ea1 v\u00e0ng. C\u00e1c b\u1ea1n c\u00f3 th\u1ec3 inbox shop \u0111\u1ec3 t\u01b0 v\u1ea5n size v\u00e0 \u0111\u1eb7t h\u00e0ng nh\u00e9. K\u00edch th\u01b0\u1edbc charm hoa c\u00fac : 1cm x 1cm. P.s: \u0110\u1ec3 \u0111\u01b0\u1ee3c shop ph\u1ea3n h\u1ed3i nhanh nh\u1ea5t, c\u00e1c b\u1ea1n vui l\u00f2ng b\u1ea5m v\u00e0o n\u00fat \u201cnh\u1eafn tin qua instagram\u201d \u1edf d\u01b0\u1edbi ch\u1eef \u201cmua ngay\u201d nh\u00e9.<\/p>\n","protected":false},"featured_media":21870,"comment_status":"open","ping_status":"closed","template":"","meta":[],"product_brand":[],"product_cat":[284],"product_tag":[339,338],"class_list":{"0":"post-21878","1":"product","2":"type-product","3":"status-publish","4":"has-post-thumbnail","6":"product_cat-vong-tay","7":"product_tag-tourmaline","8":"product_tag-vongtay","9":"pa_color-clay","10":"pa_color-pink","11":"pa_fate-hoa","12":"pa_fate-tho","13":"pa_loai-da-tourmaline","14":"pa_loai-da-vo-so","15":"pa_size-4-ly","16":"pa_style-mixed","18":"first","19":"instock","20":"shipping-taxable","21":"purchasable","22":"product-type-simple"},"_links":{"self":[{"href":"https:\/\/www.erialshop.com\/index.php\/wp-json\/wp\/v2\/product\/21878","targetHints":{"allow":["GET"]}}],"collection":[{"href":"https:\/\/www.erialshop.com\/index.php\/wp-json\/wp\/v2\/product"}],"about":[{"href":"https:\/\/www.erialshop.com\/index.php\/wp-json\/wp\/v2\/types\/product"}],"replies":[{"embeddable":true,"href":"https:\/\/www.erialshop.com\/index.php\/wp-json\/wp\/v2\/comments?post=21878"}],"version-history":[{"count":1,"href":"https:\/\/www.erialshop.com\/index.php\/wp-json\/wp\/v2\/product\/21878\/revisions"}],"predecessor-version":[{"id":25367,"href":"https:\/\/www.erialshop.com\/index.php\/wp-json\/wp\/v2\/product\/21878\/revisions\/25367"}],"wp:featuredmedia":[{"embeddable":true,"href":"https:\/\/www.erialshop.com\/index.php\/wp-json\/wp\/v2\/media\/21870"}],"wp:attachment":[{"href":"https:\/\/www.erialshop.com\/index.php\/wp-json\/wp\/v2\/media?parent=21878"}],"wp:term":[{"taxonomy":"product_brand","embeddable":true,"href":"https:\/\/www.erialshop.com\/index.php\/wp-json\/wp\/v2\/product_brand?post=21878"},{"taxonomy":"product_cat","embeddable":true,"href":"https:\/\/www.erialshop.com\/index.php\/wp-json\/wp\/v2\/product_cat?post=21878"},{"taxonomy":"product_tag","embeddable":true,"href":"https:\/\/www.erialshop.com\/index.php\/wp-json\/wp\/v2\/product_tag?post=21878"}],"curies":[{"name":"wp","href":"https:\/\/api.w.org\/{rel}","templated":true}]}}