{"id":21875,"date":"2023-02-17T20:54:09","date_gmt":"2023-02-17T13:54:09","guid":{"rendered":"https:\/\/erialshop.com\/?post_type=product&#038;p=21875"},"modified":"2024-07-23T15:13:01","modified_gmt":"2024-07-23T08:13:01","slug":"khe-da-lap-lanh-12ly","status":"publish","type":"product","link":"https:\/\/www.erialshop.com\/index.php\/product\/khe-da-lap-lanh-12ly\/","title":{"rendered":"M\u00e3 n\u00e3o 12ly"},"content":{"rendered":"<p><strong>V\u00f2ng tay \u0111\u00e1 chalcedony h\u1ea1t tr\u00f2n size 12-12.5ly x\u1ecf thun \u0111\u01a1n gi\u1ea3n, c\u1ea3m gi\u00e1c \u0111\u00e1 t\u1ed1t.<\/strong><\/p>\n<p>M\u1eabu v\u00f2ng v\u00f4 c\u00f9ng \u0111\u1eb7c bi\u1ec7t, tay ngh\u1ec1 th\u1ee3 c\u1eaft cao l\u1ea5y \u0111\u01b0\u1ee3c ph\u1ea7n r\u00e3nh \u0111\u00e1 \u0111\u00e3 h\u00ecnh th\u00e0nh tinh th\u1ec3 l\u1ea5p l\u00e1nh \u1edf c\u00e1c vi\u00ean, m\u1ed7i vi\u00ean c\u00f2n c\u00f3 ph\u1ea7n hoa v\u0103n g\u1ee3n s\u00f3ng, c\u1ed9ng sinh t\u00f3c \u0111en&#8230;<\/p>\n<p>C\u00e1c b\u1ea1n c\u00f3 th\u1ec3 li\u00ean h\u1ec7 v\u1edbi shop \u0111\u1ec3 \u0111\u01b0\u1ee3c t\u01b0 v\u1ea5n k\u1ef9 tr\u01b0\u1edbc khi \u0111\u1eb7t mua.<\/p>\n<p><strong>P.s: \u0110\u1ec3 \u0111\u01b0\u1ee3c shop ph\u1ea3n h\u1ed3i nhanh nh\u1ea5t, c\u00e1c b\u1ea1n vui l\u00f2ng b\u1ea5m v\u00e0o n\u00fat \u201cnh\u1eafn tin qua instagram\u201d \u1edf d\u01b0\u1edbi ch\u1eef \u201cmua ngay\u201d nh\u00e9.<\/strong><\/p>\n","protected":false},"excerpt":{"rendered":"<p>V\u00f2ng tay \u0111\u00e1 chalcedony h\u1ea1t tr\u00f2n size 12-12.5ly x\u1ecf thun \u0111\u01a1n gi\u1ea3n, c\u1ea3m gi\u00e1c \u0111\u00e1 t\u1ed1t. M\u1eabu v\u00f2ng v\u00f4 c\u00f9ng \u0111\u1eb7c bi\u1ec7t, tay ngh\u1ec1 th\u1ee3 c\u1eaft cao l\u1ea5y \u0111\u01b0\u1ee3c ph\u1ea7n r\u00e3nh \u0111\u00e1 \u0111\u00e3 h\u00ecnh th\u00e0nh tinh th\u1ec3 l\u1ea5p l\u00e1nh \u1edf c\u00e1c vi\u00ean, m\u1ed7i vi\u00ean c\u00f2n c\u00f3 ph\u1ea7n hoa v\u0103n g\u1ee3n s\u00f3ng, c\u1ed9ng sinh t\u00f3c \u0111en&#8230; C\u00e1c b\u1ea1n c\u00f3 th\u1ec3 li\u00ean h\u1ec7 v\u1edbi shop \u0111\u1ec3 \u0111\u01b0\u1ee3c t\u01b0 v\u1ea5n k\u1ef9 tr\u01b0\u1edbc khi \u0111\u1eb7t mua. P.s: \u0110\u1ec3 \u0111\u01b0\u1ee3c shop ph\u1ea3n h\u1ed3i nhanh nh\u1ea5t, c\u00e1c b\u1ea1n vui l\u00f2ng b\u1ea5m v\u00e0o n\u00fat \u201cnh\u1eafn tin qua instagram\u201d \u1edf d\u01b0\u1edbi ch\u1eef \u201cmua ngay\u201d nh\u00e9.<\/p>\n","protected":false},"featured_media":21864,"comment_status":"open","ping_status":"closed","template":"","meta":[],"product_brand":[],"product_cat":[284],"product_tag":[413,428,338],"class_list":{"0":"post-21875","1":"product","2":"type-product","3":"status-publish","4":"has-post-thumbnail","6":"product_cat-vong-tay","7":"product_tag-chalcedony","8":"product_tag-manao","9":"product_tag-vongtay","10":"pa_color-grey","11":"pa_fate-kim","12":"pa_fate-thuy","13":"pa_loai-da-chalcedony","14":"pa_size-hat-tron","15":"pa_size-12ly","17":"first","18":"instock","19":"sale","20":"shipping-taxable","21":"purchasable","22":"product-type-simple"},"_links":{"self":[{"href":"https:\/\/www.erialshop.com\/index.php\/wp-json\/wp\/v2\/product\/21875","targetHints":{"allow":["GET"]}}],"collection":[{"href":"https:\/\/www.erialshop.com\/index.php\/wp-json\/wp\/v2\/product"}],"about":[{"href":"https:\/\/www.erialshop.com\/index.php\/wp-json\/wp\/v2\/types\/product"}],"replies":[{"embeddable":true,"href":"https:\/\/www.erialshop.com\/index.php\/wp-json\/wp\/v2\/comments?post=21875"}],"version-history":[{"count":0,"href":"https:\/\/www.erialshop.com\/index.php\/wp-json\/wp\/v2\/product\/21875\/revisions"}],"wp:featuredmedia":[{"embeddable":true,"href":"https:\/\/www.erialshop.com\/index.php\/wp-json\/wp\/v2\/media\/21864"}],"wp:attachment":[{"href":"https:\/\/www.erialshop.com\/index.php\/wp-json\/wp\/v2\/media?parent=21875"}],"wp:term":[{"taxonomy":"product_brand","embeddable":true,"href":"https:\/\/www.erialshop.com\/index.php\/wp-json\/wp\/v2\/product_brand?post=21875"},{"taxonomy":"product_cat","embeddable":true,"href":"https:\/\/www.erialshop.com\/index.php\/wp-json\/wp\/v2\/product_cat?post=21875"},{"taxonomy":"product_tag","embeddable":true,"href":"https:\/\/www.erialshop.com\/index.php\/wp-json\/wp\/v2\/product_tag?post=21875"}],"curies":[{"name":"wp","href":"https:\/\/api.w.org\/{rel}","templated":true}]}}