{"id":21832,"date":"2023-04-12T18:34:14","date_gmt":"2023-04-12T11:34:14","guid":{"rendered":"https:\/\/erialshop.com\/?post_type=product&#038;p=21832"},"modified":"2023-12-20T19:12:08","modified_gmt":"2023-12-20T12:12:08","slug":"may-meo-xanh-2ly","status":"publish","type":"product","link":"https:\/\/www.erialshop.com\/index.php\/product\/may-meo-xanh-2ly\/","title":{"rendered":"Nh\u1eabn M\u1eaft M\u00e8o 2ly &#8211; Blue"},"content":{"rendered":"<p><strong>M\u1eabu nh\u1eabn \u0111\u01a1n v\u1edbi h\u1ea1t \u0111\u00e1 m\u1eaft m\u00e8o nh\u00e2n t\u1ea1o m\u00e0u xanh bi\u1ec3n pastel size 2ly, \u0111i\u1ec3m nh\u1eb9 h\u1ea1t tourmaline d\u01b0\u01a1ng 4ly\/ c\u00e1c chi ti\u1ebft m\u1ea1 v\u00e0ng \u1edf gi\u1eefa.<\/strong><\/p>\n<p>Chu vi v\u00f2ng trong: 4cm &#8211; 6.5cm v\u1edbi \u0111\u01b0\u1eddng k\u00ednh v\u00f2ng trong: 15mm &#8211; 17mm. Nh\u1eabn x\u1ecf b\u1eb1ng d\u00e2y c\u01b0\u1edbc v\u00e0 c\u00f3 \u0111\u1ed3 ch\u1eb7n nh\u1ecf.<\/p>\n<p>C\u00e1c b\u1ea1n c\u00f3 th\u1ec3 li\u00ean h\u1ec7 tr\u01b0\u1edbc v\u1edbi shop \u0111\u1ec3 \u0111\u01b0\u1ee3c t\u01b0 v\u1ea5n k\u0129 l\u01b0\u1ee1ng tr\u01b0\u1edbc khi \u0111\u1eb7t mua.<\/p>\n<hr \/>\n<p>\u0110\u00e1 m\u1eaft m\u00e8o nh\u00e2n t\u1ea1o l\u00e0 h\u1ea1t th\u1ee7y tinh \u0111\u01b0\u1ee3c t\u1ea1o ra b\u1eb1ng c\u00e1ch nung ch\u1ea3y c\u00e1c s\u1ee3i th\u1ea1ch anh v\u1edbi nhau, nh\u1eb1m t\u1ea1o ra hi\u1ec7u \u1ee9ng t\u00e1n x\u1ea1 c\u1ee7a m\u1ed9t d\u1ea3i \u00e1nh s\u00e1ng xuy\u00ean qua trung t\u00e2m.<\/p>\n<hr \/>\n<p><strong>H\u01b0\u1edbng d\u1eabn s\u1eed d\u1ee5ng nh\u1eabn:<\/strong><\/p>\n<p><em>1. Ch\u1ec9 \u0111eo nh\u1eabn cho ng\u00f3n v\u1eeba v\u1edbi size nh\u1eabn \u0111\u00e3 mua \u1edf shop, n\u1ebfu chuy\u1ec3n sang c\u00e1c ng\u00f3n kh\u00e1c to size h\u01a1n nh\u1eabn d\u1ec5 gi\u00e3n, \u0111\u1ee9t.<\/em><\/p>\n<p><em>2.\u00a0 \u0110eo ch\u1eadm r\u00e3i, nh\u1eb9 nh\u00e0ng, kh\u00f4ng \u0111eo nh\u1eabn l\u00e0m vi\u1ec7c n\u1eb7ng: ch\u01a1i th\u1ec3 thao, lau nh\u00e0, r\u1eeda ch\u00e9n,\u2026<\/em><\/p>\n<p><em>3. H\u1ea1n ch\u1ebf \u0111\u1ee5ng n\u01b0\u1edbc, ho\u00e1 ch\u1ea5t, m\u1ed3 h\u00f4i\u2026<\/em><\/p>\n<p><strong>P.s: \u0110\u1ec3 \u0111\u01b0\u1ee3c shop ph\u1ea3n h\u1ed3i nhanh nh\u1ea5t, c\u00e1c b\u1ea1n vui l\u00f2ng b\u1ea5m v\u00e0o n\u00fat \u201cnh\u1eafn tin qua instagram\u201d \u1edf d\u01b0\u1edbi ch\u1eef \u201cmua ngay\u201d nh\u00e9.<\/strong><\/p>\n","protected":false},"excerpt":{"rendered":"<p>M\u1eabu nh\u1eabn \u0111\u01a1n v\u1edbi h\u1ea1t \u0111\u00e1 m\u1eaft m\u00e8o nh\u00e2n t\u1ea1o m\u00e0u xanh bi\u1ec3n pastel size 2ly, \u0111i\u1ec3m nh\u1eb9 h\u1ea1t tourmaline d\u01b0\u01a1ng 4ly\/ c\u00e1c chi ti\u1ebft m\u1ea1 v\u00e0ng \u1edf gi\u1eefa. Chu vi v\u00f2ng trong: 4cm &#8211; 6.5cm v\u1edbi \u0111\u01b0\u1eddng k\u00ednh v\u00f2ng trong: 15mm &#8211; 17mm. Nh\u1eabn x\u1ecf b\u1eb1ng d\u00e2y c\u01b0\u1edbc v\u00e0 c\u00f3 \u0111\u1ed3 ch\u1eb7n nh\u1ecf. C\u00e1c b\u1ea1n c\u00f3 th\u1ec3 li\u00ean h\u1ec7 tr\u01b0\u1edbc v\u1edbi shop \u0111\u1ec3 \u0111\u01b0\u1ee3c t\u01b0 v\u1ea5n k\u0129 l\u01b0\u1ee1ng tr\u01b0\u1edbc khi \u0111\u1eb7t mua. \u0110\u00e1 m\u1eaft m\u00e8o nh\u00e2n t\u1ea1o l\u00e0 h\u1ea1t th\u1ee7y tinh \u0111\u01b0\u1ee3c t\u1ea1o ra b\u1eb1ng c\u00e1ch nung ch\u1ea3y c\u00e1c s\u1ee3i th\u1ea1ch anh v\u1edbi nhau, nh\u1eb1m t\u1ea1o ra hi\u1ec7u \u1ee9ng t\u00e1n x\u1ea1 c\u1ee7a m\u1ed9t d\u1ea3i \u00e1nh s\u00e1ng xuy\u00ean qua trung t\u00e2m. H\u01b0\u1edbng d\u1eabn s\u1eed d\u1ee5ng nh\u1eabn: 1. Ch\u1ec9 \u0111eo nh\u1eabn cho ng\u00f3n v\u1eeba v\u1edbi size nh\u1eabn \u0111\u00e3 mua \u1edf shop, n\u1ebfu chuy\u1ec3n sang c\u00e1c ng\u00f3n kh\u00e1c to size h\u01a1n nh\u1eabn d\u1ec5 gi\u00e3n, \u0111\u1ee9t. 2.\u00a0 \u0110eo ch\u1eadm r\u00e3i, nh\u1eb9 nh\u00e0ng, kh\u00f4ng \u0111eo nh\u1eabn l\u00e0m vi\u1ec7c n\u1eb7ng: ch\u01a1i th\u1ec3 thao, lau nh\u00e0, r\u1eeda ch\u00e9n,\u2026 3. H\u1ea1n ch\u1ebf \u0111\u1ee5ng n\u01b0\u1edbc, ho\u00e1 ch\u1ea5t, m\u1ed3 h\u00f4i\u2026 P.s: \u0110\u1ec3 \u0111\u01b0\u1ee3c shop ph\u1ea3n h\u1ed3i nhanh nh\u1ea5t, c\u00e1c b\u1ea1n vui l\u00f2ng b\u1ea5m v\u00e0o n\u00fat \u201cnh\u1eafn tin qua instagram\u201d \u1edf d\u01b0\u1edbi ch\u1eef \u201cmua ngay\u201d nh\u00e9.<\/p>\n","protected":false},"featured_media":21803,"comment_status":"open","ping_status":"closed","template":"","meta":[],"product_brand":[],"product_cat":[296],"product_tag":[444,445,347],"class_list":{"0":"post-21832","1":"product","2":"type-product","3":"status-publish","4":"has-post-thumbnail","6":"product_cat-nhan","7":"product_tag-damatmeo","8":"product_tag-matmeonhantao","9":"product_tag-nhan","10":"pa_color-blue","11":"pa_loai-da-mat-meo-nhan-tao","12":"pa_size-2-ly","14":"first","15":"instock","16":"shipping-taxable","17":"purchasable","18":"product-type-simple"},"_links":{"self":[{"href":"https:\/\/www.erialshop.com\/index.php\/wp-json\/wp\/v2\/product\/21832","targetHints":{"allow":["GET"]}}],"collection":[{"href":"https:\/\/www.erialshop.com\/index.php\/wp-json\/wp\/v2\/product"}],"about":[{"href":"https:\/\/www.erialshop.com\/index.php\/wp-json\/wp\/v2\/types\/product"}],"replies":[{"embeddable":true,"href":"https:\/\/www.erialshop.com\/index.php\/wp-json\/wp\/v2\/comments?post=21832"}],"version-history":[{"count":0,"href":"https:\/\/www.erialshop.com\/index.php\/wp-json\/wp\/v2\/product\/21832\/revisions"}],"wp:featuredmedia":[{"embeddable":true,"href":"https:\/\/www.erialshop.com\/index.php\/wp-json\/wp\/v2\/media\/21803"}],"wp:attachment":[{"href":"https:\/\/www.erialshop.com\/index.php\/wp-json\/wp\/v2\/media?parent=21832"}],"wp:term":[{"taxonomy":"product_brand","embeddable":true,"href":"https:\/\/www.erialshop.com\/index.php\/wp-json\/wp\/v2\/product_brand?post=21832"},{"taxonomy":"product_cat","embeddable":true,"href":"https:\/\/www.erialshop.com\/index.php\/wp-json\/wp\/v2\/product_cat?post=21832"},{"taxonomy":"product_tag","embeddable":true,"href":"https:\/\/www.erialshop.com\/index.php\/wp-json\/wp\/v2\/product_tag?post=21832"}],"curies":[{"name":"wp","href":"https:\/\/api.w.org\/{rel}","templated":true}]}}