{"id":21798,"date":"2023-04-10T17:29:46","date_gmt":"2023-04-10T10:29:46","guid":{"rendered":"https:\/\/erialshop.com\/?post_type=product&#038;p=21798"},"modified":"2025-02-10T20:00:27","modified_gmt":"2025-02-10T13:00:27","slug":"white-opal-3-4ly","status":"publish","type":"product","link":"https:\/\/www.erialshop.com\/index.php\/product\/white-opal-3-4ly\/","title":{"rendered":"White Opal 3-4ly"},"content":{"rendered":"<p><strong>V\u00f2ng tay v\u1edbi \u0111\u00e1 opal m\u00e0u tr\u1eafng, d\u1ea1ng b\u00e1nh xe size 3-4ly mix ng\u1ecdc trai th\u1eadt.<\/strong><\/p>\n<p>Ch\u1ea5t \u0111\u00e1 trong v\u1eaft, h\u1ea1t ch\u1ea5t l\u01b0\u1ee3ng cao nhi\u1ec1u l\u1eeda. M\u1eabu d\u00e2y n\u1eef t\u00ednh, h\u1ea1t nh\u1ecf \u0111eo nh\u1eb9 tay c\u00f9ng c\u00e1c chi ti\u1ebft m\u1ea1 v\u00e0ng.<\/p>\n<p>Shop c\u00f3 s\u1eb5n chi\u1ebfc y h\u00ecnh v\u1edbi chi\u1ec1u d\u00e0i 15cm ho\u1eb7c c\u00e1c b\u1ea1n c\u00f3 th\u1ec3 inbox shop \u0111\u1ec3 \u0111\u01b0\u1ee3c t\u01b0 v\u1ea5n v\u00e0 \u0111\u1eb7t l\u00e0m theo size tay nh\u00e9.<\/p>\n<p><strong>P.s: \u0110\u1ec3 \u0111\u01b0\u1ee3c shop ph\u1ea3n h\u1ed3i nhanh nh\u1ea5t, c\u00e1c b\u1ea1n nh\u1eafn tin cho m\u00ecnh qua instagram nh\u01b0 n\u00fat c\u1ea1nh b\u00e0i nh\u00e9.<\/strong><\/p>\n<p>\u2014\u2014\u2014<br \/>\n\ud83c\udf38\u0110\u00e1 opal l\u00e0 tinh th\u1ec3 c\u00f3 ch\u1ee9a 3-21% l\u00e0 n\u01b0\u1edbc n\u00ean c\u00e1c b\u1ea1n \u0111eo h\u1ea1n ch\u1ebf ti\u1ebfp x\u00fac v\u1edbi n\u01b0\u1edbc, n\u1eafng, v\u00e0 nhi\u1ec7t \u0111\u1ed9 thay \u0111\u1ed5i th\u1ea5t th\u01b0\u1eddng th\u00ec s\u1ebd opal s\u1ebd \u0111\u01b0\u1ee3c b\u1ea3o qu\u1ea3n t\u1ed1t h\u01a1n, h\u1ea1n ch\u1ebf l\u00e0m opal b\u1ecb r\u1ea1n do s\u1ed1c nhi\u1ec7t, m\u1ea5t l\u1eeda\u2026<\/p>\n<p>\ud83c\udf38Tr\u01b0\u1eddng h\u1ee3p nh\u1eb9, opal s\u1ebd h\u1ed3i ph\u1ee5c l\u1ea1i g\u1ea7n nh\u01b0 ban \u0111\u1ea7u nh\u01b0ng v\u1edbi nh\u1eefng tr\u01b0\u1eddng h\u1ee3p n\u1eb7ng h\u01a1n th\u00ec opal c\u00f3 th\u1ec3 b\u1ecb r\u1ea1n\/ m\u1ea5t l\u1eeda v\u0129nh vi\u1ec5n.<\/p>\n","protected":false},"excerpt":{"rendered":"<p>V\u00f2ng tay v\u1edbi \u0111\u00e1 opal m\u00e0u tr\u1eafng, d\u1ea1ng b\u00e1nh xe size 3-4ly mix ng\u1ecdc trai th\u1eadt. Ch\u1ea5t \u0111\u00e1 trong v\u1eaft, h\u1ea1t ch\u1ea5t l\u01b0\u1ee3ng cao nhi\u1ec1u l\u1eeda. M\u1eabu d\u00e2y n\u1eef t\u00ednh, h\u1ea1t nh\u1ecf \u0111eo nh\u1eb9 tay c\u00f9ng c\u00e1c chi ti\u1ebft m\u1ea1 v\u00e0ng. Shop c\u00f3 s\u1eb5n chi\u1ebfc y h\u00ecnh v\u1edbi chi\u1ec1u d\u00e0i 15cm ho\u1eb7c c\u00e1c b\u1ea1n c\u00f3 th\u1ec3 inbox shop \u0111\u1ec3 \u0111\u01b0\u1ee3c t\u01b0 v\u1ea5n v\u00e0 \u0111\u1eb7t l\u00e0m theo size tay nh\u00e9. P.s: \u0110\u1ec3 \u0111\u01b0\u1ee3c shop ph\u1ea3n h\u1ed3i nhanh nh\u1ea5t, c\u00e1c b\u1ea1n nh\u1eafn tin cho m\u00ecnh qua instagram nh\u01b0 n\u00fat c\u1ea1nh b\u00e0i nh\u00e9. \u2014\u2014\u2014 \ud83c\udf38\u0110\u00e1 opal l\u00e0 tinh th\u1ec3 c\u00f3 ch\u1ee9a 3-21% l\u00e0 n\u01b0\u1edbc n\u00ean c\u00e1c b\u1ea1n \u0111eo h\u1ea1n ch\u1ebf ti\u1ebfp x\u00fac v\u1edbi n\u01b0\u1edbc, n\u1eafng, v\u00e0 nhi\u1ec7t \u0111\u1ed9 thay \u0111\u1ed5i th\u1ea5t th\u01b0\u1eddng th\u00ec s\u1ebd opal s\u1ebd \u0111\u01b0\u1ee3c b\u1ea3o qu\u1ea3n t\u1ed1t h\u01a1n, h\u1ea1n ch\u1ebf l\u00e0m opal b\u1ecb r\u1ea1n do s\u1ed1c nhi\u1ec7t, m\u1ea5t l\u1eeda\u2026 \ud83c\udf38Tr\u01b0\u1eddng h\u1ee3p nh\u1eb9, opal s\u1ebd h\u1ed3i ph\u1ee5c l\u1ea1i g\u1ea7n nh\u01b0 ban \u0111\u1ea7u nh\u01b0ng v\u1edbi nh\u1eefng tr\u01b0\u1eddng h\u1ee3p n\u1eb7ng h\u01a1n th\u00ec opal c\u00f3 th\u1ec3 b\u1ecb r\u1ea1n\/ m\u1ea5t l\u1eeda v\u0129nh vi\u1ec5n.<\/p>\n","protected":false},"featured_media":21814,"comment_status":"open","ping_status":"closed","template":"","meta":[],"product_brand":[],"product_cat":[284],"product_tag":[337,338,443],"class_list":{"0":"post-21798","1":"product","2":"type-product","3":"status-publish","4":"has-post-thumbnail","6":"product_cat-vong-tay","7":"product_tag-opal","8":"product_tag-vongtay","9":"product_tag-whiteopal","10":"pa_color-white","11":"pa_fate-kim","12":"pa_fate-thuy","13":"pa_loai-da-opal","14":"pa_size-3-4ly","15":"pa_size-3-ly","16":"pa_size-4-ly","17":"pa_style-mix-ngoc-trai","19":"first","20":"instock","21":"sale","22":"shipping-taxable","23":"purchasable","24":"product-type-simple"},"_links":{"self":[{"href":"https:\/\/www.erialshop.com\/index.php\/wp-json\/wp\/v2\/product\/21798","targetHints":{"allow":["GET"]}}],"collection":[{"href":"https:\/\/www.erialshop.com\/index.php\/wp-json\/wp\/v2\/product"}],"about":[{"href":"https:\/\/www.erialshop.com\/index.php\/wp-json\/wp\/v2\/types\/product"}],"replies":[{"embeddable":true,"href":"https:\/\/www.erialshop.com\/index.php\/wp-json\/wp\/v2\/comments?post=21798"}],"version-history":[{"count":1,"href":"https:\/\/www.erialshop.com\/index.php\/wp-json\/wp\/v2\/product\/21798\/revisions"}],"predecessor-version":[{"id":26048,"href":"https:\/\/www.erialshop.com\/index.php\/wp-json\/wp\/v2\/product\/21798\/revisions\/26048"}],"wp:featuredmedia":[{"embeddable":true,"href":"https:\/\/www.erialshop.com\/index.php\/wp-json\/wp\/v2\/media\/21814"}],"wp:attachment":[{"href":"https:\/\/www.erialshop.com\/index.php\/wp-json\/wp\/v2\/media?parent=21798"}],"wp:term":[{"taxonomy":"product_brand","embeddable":true,"href":"https:\/\/www.erialshop.com\/index.php\/wp-json\/wp\/v2\/product_brand?post=21798"},{"taxonomy":"product_cat","embeddable":true,"href":"https:\/\/www.erialshop.com\/index.php\/wp-json\/wp\/v2\/product_cat?post=21798"},{"taxonomy":"product_tag","embeddable":true,"href":"https:\/\/www.erialshop.com\/index.php\/wp-json\/wp\/v2\/product_tag?post=21798"}],"curies":[{"name":"wp","href":"https:\/\/api.w.org\/{rel}","templated":true}]}}