{"id":21710,"date":"2024-04-02T22:26:24","date_gmt":"2024-04-02T15:26:24","guid":{"rendered":"https:\/\/erialshop.com\/?post_type=product&#038;p=21710"},"modified":"2025-02-21T13:39:38","modified_gmt":"2025-02-21T06:39:38","slug":"thach-anh-trang-3ly-ba-mau","status":"publish","type":"product","link":"https:\/\/www.erialshop.com\/index.php\/product\/thach-anh-trang-3ly-ba-mau\/","title":{"rendered":"Th\u1ea1ch anh tr\u1eafng 3ly &#8211; Hai m\u1eabu"},"content":{"rendered":"<p><strong>V\u00f2ng tay \u0111\u01b0\u1ee3c mix ng\u1eabu h\u1ee9ng c\u00f3 ba m\u1eabu l\u1ef1a ch\u1ecdn.\u00a0<\/strong><\/p>\n<ul>\n<li><strong>M\u1eabu h\u00ecnh 1 s\u1eb5n chi\u1ec1u d\u00e0i 16cm<\/strong> ph\u1ed1i 4 lo\u1ea1i \u0111\u00e1 \u0111a m\u00e0u s\u1eafc t\u1ef1a nh\u01b0 tr\u00e1i c\u00e2y m\u00f9a h\u1ea1, n\u1eeda b\u00ean d\u00e2y k\u1ebft \u0111\u01a1n \u0111\u00e1 4ly v\u00e0 b\u00ean c\u00f2n l\u1ea1i k\u1ebft d\u00e2y \u0111\u00f4i \u0111\u00e1 2ly, c\u00f9ng c\u00e1c chi ti\u1ebft m\u1ea1 v\u00e0ng.Nguy\u00ean li\u1ec7u: \u0111\u00e1 th\u1ea1ch anh tr\u1eafng c\u1eaft gi\u00e1c 2ly v\u00e0 4ly, \u0111\u00e1 ruby h\u1ed3ng c\u1eaft gi\u00e1c 2ly, \u0111\u00e1 peridot v\u1ee5n xanh l\u00e1, \u0111\u00e1 th\u1ea1ch anh t\u00f3c cam.<\/li>\n<\/ul>\n<ul>\n<li><strong>M\u1eabu 2 h\u00ecnh 2-3 s\u1eb5n chi\u1ec1u d\u00e0i 17cm : <\/strong>v\u00f2ng tay \u0111\u01b0\u1ee3c mix ng\u1eabu h\u1ee9ng 4 lo\u1ea1i \u0111\u00e1 th\u1ea1ch anh tr\u1eafng c\u1eaft gi\u00e1c 3ly, \u0111\u00e1 tourmaline tr\u00f2n 4ly, \u0111\u00e1 th\u1ea1ch anh t\u00f3c v\u00e0ng 6ly, ng\u1ecdc trai th\u1eadt m\u00e0u 6-7ly c\u00f9ng c\u00e1c chi ti\u1ebft m\u1ea1 v\u00e0ng.<\/li>\n<\/ul>\n<p>L\u01b0u \u00fd: ph\u1ea7n \u0111\u00e1 th\u1ea1ch anh tr\u1eafng s\u1ebd g\u1ed3m c\u00e1c h\u1ea1t tr\u1eafng \u0111\u1ee5c, tr\u1eafng trong v\u00e0 c\u00f3 ch\u1ee9a \u00edt c\u00e1c lo\u1ea1i t\u00f3c h\u1ed7n h\u1ee3p m\u00e0u nh\u01b0 h\u00ecnh.<\/p>\n<p><strong>P.s: \u0110\u1ec3 \u0111\u01b0\u1ee3c shop ph\u1ea3n h\u1ed3i nhanh nh\u1ea5t, c\u00e1c b\u1ea1n vui l\u00f2ng b\u1ea5m v\u00e0o n\u00fat \u201cnh\u1eafn tin qua instagram\u201d \u1edf d\u01b0\u1edbi ch\u1eef \u201cmua ngay\u201d nh\u00e9.<\/strong><\/p>\n","protected":false},"excerpt":{"rendered":"<p>V\u00f2ng tay \u0111\u01b0\u1ee3c mix ng\u1eabu h\u1ee9ng c\u00f3 ba m\u1eabu l\u1ef1a ch\u1ecdn.\u00a0 M\u1eabu h\u00ecnh 1 s\u1eb5n chi\u1ec1u d\u00e0i 16cm ph\u1ed1i 4 lo\u1ea1i \u0111\u00e1 \u0111a m\u00e0u s\u1eafc t\u1ef1a nh\u01b0 tr\u00e1i c\u00e2y m\u00f9a h\u1ea1, n\u1eeda b\u00ean d\u00e2y k\u1ebft \u0111\u01a1n \u0111\u00e1 4ly v\u00e0 b\u00ean c\u00f2n l\u1ea1i k\u1ebft d\u00e2y \u0111\u00f4i \u0111\u00e1 2ly, c\u00f9ng c\u00e1c chi ti\u1ebft m\u1ea1 v\u00e0ng.Nguy\u00ean li\u1ec7u: \u0111\u00e1 th\u1ea1ch anh tr\u1eafng c\u1eaft gi\u00e1c 2ly v\u00e0 4ly, \u0111\u00e1 ruby h\u1ed3ng c\u1eaft gi\u00e1c 2ly, \u0111\u00e1 peridot v\u1ee5n xanh l\u00e1, \u0111\u00e1 th\u1ea1ch anh t\u00f3c cam. M\u1eabu 2 h\u00ecnh 2-3 s\u1eb5n chi\u1ec1u d\u00e0i 17cm : v\u00f2ng tay \u0111\u01b0\u1ee3c mix ng\u1eabu h\u1ee9ng 4 lo\u1ea1i \u0111\u00e1 th\u1ea1ch anh tr\u1eafng c\u1eaft gi\u00e1c 3ly, \u0111\u00e1 tourmaline tr\u00f2n 4ly, \u0111\u00e1 th\u1ea1ch anh t\u00f3c v\u00e0ng 6ly, ng\u1ecdc trai th\u1eadt m\u00e0u 6-7ly c\u00f9ng c\u00e1c chi ti\u1ebft m\u1ea1 v\u00e0ng. L\u01b0u \u00fd: ph\u1ea7n \u0111\u00e1 th\u1ea1ch anh tr\u1eafng s\u1ebd g\u1ed3m c\u00e1c h\u1ea1t tr\u1eafng \u0111\u1ee5c, tr\u1eafng trong v\u00e0 c\u00f3 ch\u1ee9a \u00edt c\u00e1c lo\u1ea1i t\u00f3c h\u1ed7n h\u1ee3p m\u00e0u nh\u01b0 h\u00ecnh. P.s: \u0110\u1ec3 \u0111\u01b0\u1ee3c shop ph\u1ea3n h\u1ed3i nhanh nh\u1ea5t, c\u00e1c b\u1ea1n vui l\u00f2ng b\u1ea5m v\u00e0o n\u00fat \u201cnh\u1eafn tin qua instagram\u201d \u1edf d\u01b0\u1edbi ch\u1eef \u201cmua ngay\u201d nh\u00e9.<\/p>\n","protected":false},"featured_media":21712,"comment_status":"open","ping_status":"closed","template":"","meta":[],"product_brand":[],"product_cat":[284],"product_tag":[440,411,370,338],"class_list":{"0":"post-21710","1":"product","2":"type-product","3":"status-publish","4":"has-post-thumbnail","6":"product_cat-vong-tay","7":"product_tag-mix","8":"product_tag-renhat","9":"product_tag-thachanhtrang","10":"product_tag-vongtay","11":"pa_color-white","12":"pa_loai-da-peridot","13":"pa_loai-da-ruby","14":"pa_loai-da-thach-anh-toc","15":"pa_loai-da-thach-anh-trang","16":"pa_size-2-ly","17":"pa_size-3-ly","18":"pa_style-mixed","20":"first","21":"instock","22":"sale","23":"featured","24":"shipping-taxable","25":"purchasable","26":"product-type-simple"},"_links":{"self":[{"href":"https:\/\/www.erialshop.com\/index.php\/wp-json\/wp\/v2\/product\/21710","targetHints":{"allow":["GET"]}}],"collection":[{"href":"https:\/\/www.erialshop.com\/index.php\/wp-json\/wp\/v2\/product"}],"about":[{"href":"https:\/\/www.erialshop.com\/index.php\/wp-json\/wp\/v2\/types\/product"}],"replies":[{"embeddable":true,"href":"https:\/\/www.erialshop.com\/index.php\/wp-json\/wp\/v2\/comments?post=21710"}],"version-history":[{"count":3,"href":"https:\/\/www.erialshop.com\/index.php\/wp-json\/wp\/v2\/product\/21710\/revisions"}],"predecessor-version":[{"id":26117,"href":"https:\/\/www.erialshop.com\/index.php\/wp-json\/wp\/v2\/product\/21710\/revisions\/26117"}],"wp:featuredmedia":[{"embeddable":true,"href":"https:\/\/www.erialshop.com\/index.php\/wp-json\/wp\/v2\/media\/21712"}],"wp:attachment":[{"href":"https:\/\/www.erialshop.com\/index.php\/wp-json\/wp\/v2\/media?parent=21710"}],"wp:term":[{"taxonomy":"product_brand","embeddable":true,"href":"https:\/\/www.erialshop.com\/index.php\/wp-json\/wp\/v2\/product_brand?post=21710"},{"taxonomy":"product_cat","embeddable":true,"href":"https:\/\/www.erialshop.com\/index.php\/wp-json\/wp\/v2\/product_cat?post=21710"},{"taxonomy":"product_tag","embeddable":true,"href":"https:\/\/www.erialshop.com\/index.php\/wp-json\/wp\/v2\/product_tag?post=21710"}],"curies":[{"name":"wp","href":"https:\/\/api.w.org\/{rel}","templated":true}]}}