{"id":21684,"date":"2023-03-29T22:12:37","date_gmt":"2023-03-29T15:12:37","guid":{"rendered":"https:\/\/erialshop.com\/?post_type=product&#038;p=21684"},"modified":"2024-10-31T21:14:16","modified_gmt":"2024-10-31T14:14:16","slug":"doi-tourmaline-3ly-xanh-hong","status":"publish","type":"product","link":"https:\/\/www.erialshop.com\/index.php\/product\/doi-tourmaline-3ly-xanh-hong\/","title":{"rendered":"\u0110\u00f4i Tourmaline 3ly &#8211; Xanh H\u1ed3ng"},"content":{"rendered":"<p><strong>V\u00f2ng tay d\u00e2y \u0111\u00f4i v\u1edbi \u0111\u00e1 tourmaline 3ly h\u1ed3ng, xanh l\u00e1 mix c\u00f9ng charm h\u00ecnh hoa xinh x\u1eafn.<\/strong><\/p>\n<p>M\u1eabu v\u00f2ng m\u00e0u ng\u1ecdt, d\u1ec5 th\u01b0\u01a1ng ph\u1ed1i c\u00f9ng c\u00e1c ph\u1ee5 ki\u1ec7n m\u1ea1 v\u00e0ng nh\u00e9.<\/p>\n<p>Shop c\u00f3 s\u1eb5n chi\u1ebfc h\u00ecnh 2 chi\u1ec1u d\u00e0i 16.2cm, shop s\u1ebd g\u1eafn charm v\u00e0o sau nh\u00e9. C\u00e1c b\u1ea1n c\u00f3 th\u1ec3 li\u00ean h\u1ec7 tr\u01b0\u1edbc v\u1edbi shop \u0111\u1ec3 \u0111\u01b0\u1ee3c t\u01b0 v\u1ea5n k\u0129 l\u01b0\u1ee1ng tr\u01b0\u1edbc khi \u0111\u1eb7t mua.<\/p>\n<p><strong>P.s: \u0110\u1ec3 \u0111\u01b0\u1ee3c shop ph\u1ea3n h\u1ed3i nhanh nh\u1ea5t<\/strong><strong>, c\u00e1c b\u1ea1n vui l\u00f2ng b\u1ea5m v\u00e0o n\u00fat \u201cnh\u1eafn tin qua instagram\u201d \u1edf d\u01b0\u1edbi ch\u1eef \u201cmua ngay\u201d nh\u00e9.\u00a0<\/strong><\/p>\n","protected":false},"excerpt":{"rendered":"<p>V\u00f2ng tay d\u00e2y \u0111\u00f4i v\u1edbi \u0111\u00e1 tourmaline 3ly h\u1ed3ng, xanh l\u00e1 mix c\u00f9ng charm h\u00ecnh hoa xinh x\u1eafn. M\u1eabu v\u00f2ng m\u00e0u ng\u1ecdt, d\u1ec5 th\u01b0\u01a1ng ph\u1ed1i c\u00f9ng c\u00e1c ph\u1ee5 ki\u1ec7n m\u1ea1 v\u00e0ng nh\u00e9. Shop c\u00f3 s\u1eb5n chi\u1ebfc h\u00ecnh 2 chi\u1ec1u d\u00e0i 16.2cm, shop s\u1ebd g\u1eafn charm v\u00e0o sau nh\u00e9. C\u00e1c b\u1ea1n c\u00f3 th\u1ec3 li\u00ean h\u1ec7 tr\u01b0\u1edbc v\u1edbi shop \u0111\u1ec3 \u0111\u01b0\u1ee3c t\u01b0 v\u1ea5n k\u0129 l\u01b0\u1ee1ng tr\u01b0\u1edbc khi \u0111\u1eb7t mua. P.s: \u0110\u1ec3 \u0111\u01b0\u1ee3c shop ph\u1ea3n h\u1ed3i nhanh nh\u1ea5t, c\u00e1c b\u1ea1n vui l\u00f2ng b\u1ea5m v\u00e0o n\u00fat \u201cnh\u1eafn tin qua instagram\u201d \u1edf d\u01b0\u1edbi ch\u1eef \u201cmua ngay\u201d nh\u00e9.\u00a0<\/p>\n","protected":false},"featured_media":21686,"comment_status":"open","ping_status":"closed","template":"","meta":[],"product_brand":[],"product_cat":[284],"product_tag":[383,437,339,338],"class_list":{"0":"post-21684","1":"product","2":"type-product","3":"status-publish","4":"has-post-thumbnail","6":"product_cat-vong-tay","7":"product_tag-daydoi","8":"product_tag-hongxanhla","9":"product_tag-tourmaline","10":"product_tag-vongtay","11":"pa_color-green","12":"pa_color-pink","13":"pa_loai-da-tourmaline","14":"pa_size-3-ly","15":"pa_style-day-doi","17":"first","18":"instock","19":"sale","20":"shipping-taxable","21":"purchasable","22":"product-type-simple"},"_links":{"self":[{"href":"https:\/\/www.erialshop.com\/index.php\/wp-json\/wp\/v2\/product\/21684","targetHints":{"allow":["GET"]}}],"collection":[{"href":"https:\/\/www.erialshop.com\/index.php\/wp-json\/wp\/v2\/product"}],"about":[{"href":"https:\/\/www.erialshop.com\/index.php\/wp-json\/wp\/v2\/types\/product"}],"replies":[{"embeddable":true,"href":"https:\/\/www.erialshop.com\/index.php\/wp-json\/wp\/v2\/comments?post=21684"}],"version-history":[{"count":3,"href":"https:\/\/www.erialshop.com\/index.php\/wp-json\/wp\/v2\/product\/21684\/revisions"}],"predecessor-version":[{"id":25598,"href":"https:\/\/www.erialshop.com\/index.php\/wp-json\/wp\/v2\/product\/21684\/revisions\/25598"}],"wp:featuredmedia":[{"embeddable":true,"href":"https:\/\/www.erialshop.com\/index.php\/wp-json\/wp\/v2\/media\/21686"}],"wp:attachment":[{"href":"https:\/\/www.erialshop.com\/index.php\/wp-json\/wp\/v2\/media?parent=21684"}],"wp:term":[{"taxonomy":"product_brand","embeddable":true,"href":"https:\/\/www.erialshop.com\/index.php\/wp-json\/wp\/v2\/product_brand?post=21684"},{"taxonomy":"product_cat","embeddable":true,"href":"https:\/\/www.erialshop.com\/index.php\/wp-json\/wp\/v2\/product_cat?post=21684"},{"taxonomy":"product_tag","embeddable":true,"href":"https:\/\/www.erialshop.com\/index.php\/wp-json\/wp\/v2\/product_tag?post=21684"}],"curies":[{"name":"wp","href":"https:\/\/api.w.org\/{rel}","templated":true}]}}