{"id":21668,"date":"2023-03-29T20:18:59","date_gmt":"2023-03-29T13:18:59","guid":{"rendered":"https:\/\/erialshop.com\/?post_type=product&#038;p=21668"},"modified":"2023-10-02T13:03:18","modified_gmt":"2023-10-02T06:03:18","slug":"tour-3ly-mix-hat-nuoc","status":"publish","type":"product","link":"https:\/\/www.erialshop.com\/index.php\/product\/tour-3ly-mix-hat-nuoc\/","title":{"rendered":"V\u00f2ng C\u1ed5 Tour 3ly &#8211; H\u1ea1t N\u01b0\u1edbc"},"content":{"rendered":"<p><strong>V\u00f2ng c\u1ed5 \u0111\u00e1 tourmaline h\u1ea1t tr\u00f2n 3ly mix c\u00f9ng tour c\u00f9ng lo\u1ea1i h\u00ecnh h\u1ea1t n\u01b0\u1edbc \u1edf gi\u1eefa c\u00f9ng m\u00f4t s\u1ed1 chi ti\u1ebft m\u1ea1 v\u00e0ng\/b\u1ea1c.<\/strong><\/p>\n<p>\u0110\u1ed9 d\u00e0i v\u00f2ng 44cm, shop c\u00f3 th\u1ec3 ch\u1ec9nh ng\u1eafn l\u1ea1i size choker theo y\u00eau c\u1ea7u nh\u00e9. C\u00e1c b\u1ea1n c\u00f3 th\u1ec3 li\u00ean h\u1ec7 tr\u01b0\u1edbc v\u1edbi shop \u0111\u1ec3 \u0111\u01b0\u1ee3c t\u01b0 v\u1ea5n k\u0129 l\u01b0\u1ee1ng tr\u01b0\u1edbc khi \u0111\u1eb7t mua.<\/p>\n<p>L\u01b0u \u00fd: S\u1ea3n ph\u1ea9m tr\u00ean v\u1edbi nh\u1eefng vi\u00ean \u0111\u00e1 t\u1ef1 nhi\u00ean th\u00ec ph\u1ea7n \u0111\u00e1 h\u00ecnh h\u1ea1t n\u01b0\u1edbc s\u1ebd khuy\u1ebft \u0111i\u1ec3m nh\u01b0: v\u1ebft r\u1ea1n, n\u1ee9t, ho\u1eb7c l\u00f5m nh\u1eb9 do qu\u00e1 tr\u00ecnh khai th\u00e1c v\u00e0 gia c\u00f4ng m\u00e0i c\u1eaft \u0111\u00e1, b\u00f9 l\u1ea1i ch\u1ea5t \u0111\u00e1 trong v\u1eaft.<\/p>\n<p><em>-Chi\u1ec1u d\u00e0i th\u1eadt c\u1ee7a v\u00f2ng shop c\u00f3 ghi \u1edf tr\u00ean c\u00f2n v\u1ec1 m\u1eb7t th\u1ecb gi\u00e1c nh\u01b0 vi\u1ec7c nh\u00ecn chi\u1ec1u d\u00e0i v\u00f2ng \u01b0\u1edbm l\u00ean c\u1ed5 gi\u1ea3 \u0111\u1ec3 ch\u1ee5p ch\u1ec9 mang t\u00ednh ch\u1ea5t t\u01b0\u1ee3ng tr\u01b0ng v\u00ec c\u1ed5 gi\u1ea3 c\u00f3 k\u00edch th\u01b0\u1edbc b\u00e9 h\u01a1n c\u01a1 th\u1ec3 th\u1eadt c\u1ee7a m\u00ecnh.<\/em><\/p>\n<p><strong>P.s: \u0110\u1ec3 \u0111\u01b0\u1ee3c shop ph\u1ea3n h\u1ed3i nhanh nh\u1ea5t, c\u00e1c b\u1ea1n vui l\u00f2ng b\u1ea5m v\u00e0o n\u00fat \u201cnh\u1eafn tin qua instagram\u201d \u1edf d\u01b0\u1edbi ch\u1eef \u201cmua ngay\u201d nh\u00e9.<\/strong><\/p>\n","protected":false},"excerpt":{"rendered":"<p>V\u00f2ng c\u1ed5 \u0111\u00e1 tourmaline h\u1ea1t tr\u00f2n 3ly mix c\u00f9ng tour c\u00f9ng lo\u1ea1i h\u00ecnh h\u1ea1t n\u01b0\u1edbc \u1edf gi\u1eefa c\u00f9ng m\u00f4t s\u1ed1 chi ti\u1ebft m\u1ea1 v\u00e0ng\/b\u1ea1c. \u0110\u1ed9 d\u00e0i v\u00f2ng 44cm, shop c\u00f3 th\u1ec3 ch\u1ec9nh ng\u1eafn l\u1ea1i size choker theo y\u00eau c\u1ea7u nh\u00e9. C\u00e1c b\u1ea1n c\u00f3 th\u1ec3 li\u00ean h\u1ec7 tr\u01b0\u1edbc v\u1edbi shop \u0111\u1ec3 \u0111\u01b0\u1ee3c t\u01b0 v\u1ea5n k\u0129 l\u01b0\u1ee1ng tr\u01b0\u1edbc khi \u0111\u1eb7t mua. L\u01b0u \u00fd: S\u1ea3n ph\u1ea9m tr\u00ean v\u1edbi nh\u1eefng vi\u00ean \u0111\u00e1 t\u1ef1 nhi\u00ean th\u00ec ph\u1ea7n \u0111\u00e1 h\u00ecnh h\u1ea1t n\u01b0\u1edbc s\u1ebd khuy\u1ebft \u0111i\u1ec3m nh\u01b0: v\u1ebft r\u1ea1n, n\u1ee9t, ho\u1eb7c l\u00f5m nh\u1eb9 do qu\u00e1 tr\u00ecnh khai th\u00e1c v\u00e0 gia c\u00f4ng m\u00e0i c\u1eaft \u0111\u00e1, b\u00f9 l\u1ea1i ch\u1ea5t \u0111\u00e1 trong v\u1eaft. -Chi\u1ec1u d\u00e0i th\u1eadt c\u1ee7a v\u00f2ng shop c\u00f3 ghi \u1edf tr\u00ean c\u00f2n v\u1ec1 m\u1eb7t th\u1ecb gi\u00e1c nh\u01b0 vi\u1ec7c nh\u00ecn chi\u1ec1u d\u00e0i v\u00f2ng \u01b0\u1edbm l\u00ean c\u1ed5 gi\u1ea3 \u0111\u1ec3 ch\u1ee5p ch\u1ec9 mang t\u00ednh ch\u1ea5t t\u01b0\u1ee3ng tr\u01b0ng v\u00ec c\u1ed5 gi\u1ea3 c\u00f3 k\u00edch th\u01b0\u1edbc b\u00e9 h\u01a1n c\u01a1 th\u1ec3 th\u1eadt c\u1ee7a m\u00ecnh. P.s: \u0110\u1ec3 \u0111\u01b0\u1ee3c shop ph\u1ea3n h\u1ed3i nhanh nh\u1ea5t, c\u00e1c b\u1ea1n vui l\u00f2ng b\u1ea5m v\u00e0o n\u00fat \u201cnh\u1eafn tin qua instagram\u201d \u1edf d\u01b0\u1edbi ch\u1eef \u201cmua ngay\u201d nh\u00e9.<\/p>\n","protected":false},"featured_media":21673,"comment_status":"open","ping_status":"closed","template":"","meta":[],"product_brand":[],"product_cat":[285],"product_tag":[339,359],"class_list":{"0":"post-21668","1":"product","2":"type-product","3":"status-publish","4":"has-post-thumbnail","6":"product_cat-vong-co","7":"product_tag-tourmaline","8":"product_tag-vongco","9":"pa_color-da-sac","10":"pa_loai-da-tourmaline","11":"pa_size-3-ly","12":"pa_style-mixed","14":"first","15":"instock","16":"shipping-taxable","17":"purchasable","18":"product-type-simple"},"_links":{"self":[{"href":"https:\/\/www.erialshop.com\/index.php\/wp-json\/wp\/v2\/product\/21668","targetHints":{"allow":["GET"]}}],"collection":[{"href":"https:\/\/www.erialshop.com\/index.php\/wp-json\/wp\/v2\/product"}],"about":[{"href":"https:\/\/www.erialshop.com\/index.php\/wp-json\/wp\/v2\/types\/product"}],"replies":[{"embeddable":true,"href":"https:\/\/www.erialshop.com\/index.php\/wp-json\/wp\/v2\/comments?post=21668"}],"version-history":[{"count":0,"href":"https:\/\/www.erialshop.com\/index.php\/wp-json\/wp\/v2\/product\/21668\/revisions"}],"wp:featuredmedia":[{"embeddable":true,"href":"https:\/\/www.erialshop.com\/index.php\/wp-json\/wp\/v2\/media\/21673"}],"wp:attachment":[{"href":"https:\/\/www.erialshop.com\/index.php\/wp-json\/wp\/v2\/media?parent=21668"}],"wp:term":[{"taxonomy":"product_brand","embeddable":true,"href":"https:\/\/www.erialshop.com\/index.php\/wp-json\/wp\/v2\/product_brand?post=21668"},{"taxonomy":"product_cat","embeddable":true,"href":"https:\/\/www.erialshop.com\/index.php\/wp-json\/wp\/v2\/product_cat?post=21668"},{"taxonomy":"product_tag","embeddable":true,"href":"https:\/\/www.erialshop.com\/index.php\/wp-json\/wp\/v2\/product_tag?post=21668"}],"curies":[{"name":"wp","href":"https:\/\/api.w.org\/{rel}","templated":true}]}}