{"id":21652,"date":"2023-08-25T21:21:47","date_gmt":"2023-08-25T14:21:47","guid":{"rendered":"https:\/\/erialshop.com\/?post_type=product&#038;p=21652"},"modified":"2025-02-24T21:26:06","modified_gmt":"2025-02-24T14:26:06","slug":"tour-chay-mau-4ly","status":"publish","type":"product","link":"https:\/\/www.erialshop.com\/index.php\/product\/tour-chay-mau-4ly\/","title":{"rendered":"Tour Ch\u1ea1y M\u00e0u 4ly"},"content":{"rendered":"<p><strong>Shop c\u00f3 l\u1ea1i m\u1eabu v\u00f2ng tay \u0111\u00e1 tourmaline candy 4ly ch\u1ea1y 4 m\u00e0u t\u1eeb h\u1ed3ng, v\u00e0ng, xanh l\u00e1, tr\u1eafng c\u00f9ng m\u1ed9t s\u1ed1 chi ti\u1ebft m\u1ea1 v\u00e0ng.<\/strong><\/p>\n<p>Shop c\u00f3 s\u1eb5n chi\u1ebfc y h\u00ecnh d\u00e0i 16cm. C\u00e1c b\u1ea1n c\u00f3 th\u1ec3 li\u00ean h\u1ec7 tr\u01b0\u1edbc v\u1edbi shop \u0111\u1ec3 \u0111\u01b0\u1ee3c t\u01b0 v\u1ea5n k\u0129 l\u01b0\u1ee1ng tr\u01b0\u1edbc khi \u0111\u1eb7t mua.<\/p>\n<p><strong>P.s: \u0110\u1ec3 \u0111\u01b0\u1ee3c shop ph\u1ea3n h\u1ed3i nhanh nh\u1ea5t, c\u00e1c b\u1ea1n vui l\u00f2ng b\u1ea5m v\u00e0o n\u00fat \u201cnh\u1eafn tin qua instagram\u201d \u1edf d\u01b0\u1edbi ch\u1eef \u201cmua ngay\u201d nh\u00e9.<\/strong><\/p>\n","protected":false},"excerpt":{"rendered":"<p>Shop c\u00f3 l\u1ea1i m\u1eabu v\u00f2ng tay \u0111\u00e1 tourmaline candy 4ly ch\u1ea1y 4 m\u00e0u t\u1eeb h\u1ed3ng, v\u00e0ng, xanh l\u00e1, tr\u1eafng c\u00f9ng m\u1ed9t s\u1ed1 chi ti\u1ebft m\u1ea1 v\u00e0ng. Shop c\u00f3 s\u1eb5n chi\u1ebfc y h\u00ecnh d\u00e0i 16cm. C\u00e1c b\u1ea1n c\u00f3 th\u1ec3 li\u00ean h\u1ec7 tr\u01b0\u1edbc v\u1edbi shop \u0111\u1ec3 \u0111\u01b0\u1ee3c t\u01b0 v\u1ea5n k\u0129 l\u01b0\u1ee1ng tr\u01b0\u1edbc khi \u0111\u1eb7t mua. P.s: \u0110\u1ec3 \u0111\u01b0\u1ee3c shop ph\u1ea3n h\u1ed3i nhanh nh\u1ea5t, c\u00e1c b\u1ea1n vui l\u00f2ng b\u1ea5m v\u00e0o n\u00fat \u201cnh\u1eafn tin qua instagram\u201d \u1edf d\u01b0\u1edbi ch\u1eef \u201cmua ngay\u201d nh\u00e9.<\/p>\n","protected":false},"featured_media":23193,"comment_status":"open","ping_status":"closed","template":"","meta":[],"product_brand":[],"product_cat":[284],"product_tag":[339,338],"class_list":{"0":"post-21652","1":"product","2":"type-product","3":"status-publish","4":"has-post-thumbnail","6":"product_cat-vong-tay","7":"product_tag-tourmaline","8":"product_tag-vongtay","9":"pa_color-da-sac","10":"pa_loai-da-tourmaline","11":"pa_size-4-ly","12":"pa_style-tron","14":"first","15":"instock","16":"sale","17":"shipping-taxable","18":"purchasable","19":"product-type-simple"},"_links":{"self":[{"href":"https:\/\/www.erialshop.com\/index.php\/wp-json\/wp\/v2\/product\/21652","targetHints":{"allow":["GET"]}}],"collection":[{"href":"https:\/\/www.erialshop.com\/index.php\/wp-json\/wp\/v2\/product"}],"about":[{"href":"https:\/\/www.erialshop.com\/index.php\/wp-json\/wp\/v2\/types\/product"}],"replies":[{"embeddable":true,"href":"https:\/\/www.erialshop.com\/index.php\/wp-json\/wp\/v2\/comments?post=21652"}],"version-history":[{"count":1,"href":"https:\/\/www.erialshop.com\/index.php\/wp-json\/wp\/v2\/product\/21652\/revisions"}],"predecessor-version":[{"id":26130,"href":"https:\/\/www.erialshop.com\/index.php\/wp-json\/wp\/v2\/product\/21652\/revisions\/26130"}],"wp:featuredmedia":[{"embeddable":true,"href":"https:\/\/www.erialshop.com\/index.php\/wp-json\/wp\/v2\/media\/23193"}],"wp:attachment":[{"href":"https:\/\/www.erialshop.com\/index.php\/wp-json\/wp\/v2\/media?parent=21652"}],"wp:term":[{"taxonomy":"product_brand","embeddable":true,"href":"https:\/\/www.erialshop.com\/index.php\/wp-json\/wp\/v2\/product_brand?post=21652"},{"taxonomy":"product_cat","embeddable":true,"href":"https:\/\/www.erialshop.com\/index.php\/wp-json\/wp\/v2\/product_cat?post=21652"},{"taxonomy":"product_tag","embeddable":true,"href":"https:\/\/www.erialshop.com\/index.php\/wp-json\/wp\/v2\/product_tag?post=21652"}],"curies":[{"name":"wp","href":"https:\/\/api.w.org\/{rel}","templated":true}]}}