{"id":21607,"date":"2023-03-31T20:15:06","date_gmt":"2023-03-31T13:15:06","guid":{"rendered":"https:\/\/erialshop.com\/?post_type=product&#038;p=21607"},"modified":"2024-12-05T16:33:15","modified_gmt":"2024-12-05T09:33:15","slug":"ma-nao-cap-37gr","status":"publish","type":"product","link":"https:\/\/www.erialshop.com\/index.php\/product\/ma-nao-cap-37gr\/","title":{"rendered":"M\u00e3 N\u00e3o C\u1eb7p 37gr"},"content":{"rendered":"<p><strong>M\u00e3 n\u00e3o c\u1eb7p mini v\u1edbi ph\u1ea7n \u0111\u00e1 chalcedony m\u00e0u x\u00e1m nh\u1ea1t \u0111\u00e3 h\u00ecnh th\u00e0nh h\u1ed1c b\u00ean trong v\u1edbi nhi\u1ec1u \u0111\u1ec9nh tinh th\u1ec3 b\u00e9 nh\u1ecf l\u1ea5p l\u00e1nh.\u00a0<\/strong><\/p>\n<p>Th\u00f4ng s\u1ed1: D\u00e0i 5cm &#8211; R\u1ed9ng 2.8cm &#8211; N\u1eb7ng 37gram.<\/p>\n<p>\u0110\u1eb7c bi\u1ec7t t\u1eb7ng k\u00e8m \u0111\u1ebf \u0111\u00f4i cho s\u1ea3n ph\u1ea9m tr\u00ean ph\u00f9 h\u1ee3p \u0111\u1ec3 l\u00e0m qu\u00e0 t\u1eb7ng. C\u00e1c b\u1ea1n c\u00f3 th\u1ec3 li\u00ean h\u1ec7 v\u1edbi shop \u0111\u1ec3 \u0111\u01b0\u1ee3c t\u01b0 v\u1ea5n k\u1ef9 tr\u01b0\u1edbc khi \u0111\u1eb7t mua.<\/p>\n<p><strong>P.s: \u0110\u1ec3 \u0111\u01b0\u1ee3c shop ph\u1ea3n h\u1ed3i nhanh nh\u1ea5t, c\u00e1c b\u1ea1n vui l\u00f2ng b\u1ea5m v\u00e0o n\u00fat \u201cnh\u1eafn tin qua instagram\u201d \u1edf d\u01b0\u1edbi ch\u1eef \u201cmua ngay\u201d nh\u00e9.<\/strong><\/p>\n","protected":false},"excerpt":{"rendered":"<p>M\u00e3 n\u00e3o c\u1eb7p mini v\u1edbi ph\u1ea7n \u0111\u00e1 chalcedony m\u00e0u x\u00e1m nh\u1ea1t \u0111\u00e3 h\u00ecnh th\u00e0nh h\u1ed1c b\u00ean trong v\u1edbi nhi\u1ec1u \u0111\u1ec9nh tinh th\u1ec3 b\u00e9 nh\u1ecf l\u1ea5p l\u00e1nh.\u00a0 Th\u00f4ng s\u1ed1: D\u00e0i 5cm &#8211; R\u1ed9ng 2.8cm &#8211; N\u1eb7ng 37gram. \u0110\u1eb7c bi\u1ec7t t\u1eb7ng k\u00e8m \u0111\u1ebf \u0111\u00f4i cho s\u1ea3n ph\u1ea9m tr\u00ean ph\u00f9 h\u1ee3p \u0111\u1ec3 l\u00e0m qu\u00e0 t\u1eb7ng. C\u00e1c b\u1ea1n c\u00f3 th\u1ec3 li\u00ean h\u1ec7 v\u1edbi shop \u0111\u1ec3 \u0111\u01b0\u1ee3c t\u01b0 v\u1ea5n k\u1ef9 tr\u01b0\u1edbc khi \u0111\u1eb7t mua. P.s: \u0110\u1ec3 \u0111\u01b0\u1ee3c shop ph\u1ea3n h\u1ed3i nhanh nh\u1ea5t, c\u00e1c b\u1ea1n vui l\u00f2ng b\u1ea5m v\u00e0o n\u00fat \u201cnh\u1eafn tin qua instagram\u201d \u1edf d\u01b0\u1edbi ch\u1eef \u201cmua ngay\u201d nh\u00e9.<\/p>\n","protected":false},"featured_media":21608,"comment_status":"open","ping_status":"closed","template":"","meta":[],"product_brand":[],"product_cat":[287],"product_tag":[427,428,414],"class_list":{"0":"post-21607","1":"product","2":"type-product","3":"status-publish","4":"has-post-thumbnail","6":"product_cat-da","7":"product_tag-da","8":"product_tag-manao","9":"product_tag-manaocap","10":"pa_color-grey","11":"pa_color-white","12":"pa_loai-da-chalcedony","14":"first","15":"instock","16":"shipping-taxable","17":"purchasable","18":"product-type-simple"},"_links":{"self":[{"href":"https:\/\/www.erialshop.com\/index.php\/wp-json\/wp\/v2\/product\/21607","targetHints":{"allow":["GET"]}}],"collection":[{"href":"https:\/\/www.erialshop.com\/index.php\/wp-json\/wp\/v2\/product"}],"about":[{"href":"https:\/\/www.erialshop.com\/index.php\/wp-json\/wp\/v2\/types\/product"}],"replies":[{"embeddable":true,"href":"https:\/\/www.erialshop.com\/index.php\/wp-json\/wp\/v2\/comments?post=21607"}],"version-history":[{"count":2,"href":"https:\/\/www.erialshop.com\/index.php\/wp-json\/wp\/v2\/product\/21607\/revisions"}],"predecessor-version":[{"id":25767,"href":"https:\/\/www.erialshop.com\/index.php\/wp-json\/wp\/v2\/product\/21607\/revisions\/25767"}],"wp:featuredmedia":[{"embeddable":true,"href":"https:\/\/www.erialshop.com\/index.php\/wp-json\/wp\/v2\/media\/21608"}],"wp:attachment":[{"href":"https:\/\/www.erialshop.com\/index.php\/wp-json\/wp\/v2\/media?parent=21607"}],"wp:term":[{"taxonomy":"product_brand","embeddable":true,"href":"https:\/\/www.erialshop.com\/index.php\/wp-json\/wp\/v2\/product_brand?post=21607"},{"taxonomy":"product_cat","embeddable":true,"href":"https:\/\/www.erialshop.com\/index.php\/wp-json\/wp\/v2\/product_cat?post=21607"},{"taxonomy":"product_tag","embeddable":true,"href":"https:\/\/www.erialshop.com\/index.php\/wp-json\/wp\/v2\/product_tag?post=21607"}],"curies":[{"name":"wp","href":"https:\/\/api.w.org\/{rel}","templated":true}]}}