{"id":21592,"date":"2023-03-23T15:51:57","date_gmt":"2023-03-23T08:51:57","guid":{"rendered":"https:\/\/erialshop.com\/?post_type=product&#038;p=21592"},"modified":"2023-05-28T21:41:47","modified_gmt":"2023-05-28T14:41:47","slug":"nua-vang-trang","status":"publish","type":"product","link":"https:\/\/www.erialshop.com\/index.php\/product\/nua-vang-trang\/","title":{"rendered":"V\u1ea7ng Tr\u0103ng Tourmaline 4ly"},"content":{"rendered":"<p><strong>B\u00f4ng tai \u0111\u01b0\u1ee3c l\u00e0m th\u1ee7 c\u00f4ng m\u1ed9t c\u00e1ch t\u1ec9 m\u1ec9 v\u1edbi \u0111\u00e1 tourmaline 4ly b\u1ecdc n\u1eeda v\u1ea7ng tr\u0103ng v\u1edbi ba m\u00e0u h\u1ed3ng, xanh l\u00e1, tr\u1eafng, \u0111i\u1ec3m th\u00eam 1 vi\u00ean ng\u1ecdc trai cam pastel \u1edf gi\u1eefa. <\/strong><\/p>\n<p>Chi\u1ec1u d\u00e0i b\u00f4ng tai : 5cm. Chi\u1ec1u d\u00e0i + Chi\u1ec1u R\u1ed9ng v\u1ea7ng tr\u0103ng : 2cm x 2,5cm.<\/p>\n<p>C\u00e1c b\u1ea1n c\u00f3 th\u1ec3 li\u00ean h\u1ec7 tr\u01b0\u1edbc v\u1edbi shop \u0111\u1ec3 \u0111\u01b0\u1ee3c t\u01b0 v\u1ea5n k\u0129 l\u01b0\u1ee1ng tr\u01b0\u1edbc khi \u0111\u1eb7t mua.<\/p>\n<p>L\u01b0u \u00fd: \u0110\u1ed1i v\u1edbi lo\u1ea1i s\u1ea3n ph\u1ea9m n\u00e0y c\u00e1c b\u1ea1n \u0111eo h\u1ea1n ch\u1ebf \u0111\u1ec3 \u0111\u1ee5ng n\u01b0\u1edbc, m\u1ed3 h\u00f4i v\u00e0 ho\u00e1 ch\u1ea5t v\u00ec d\u00e2y x\u1ecf \u0111\u00e1 l\u00e0 d\u00e2y k\u1ebdm m\u1ea1 v\u00e0ng d\u00f9ng \u0111\u1ec3 qu\u1ea5n d\u1ebbo.<\/p>\n<p><strong>P.s: \u0110\u1ec3 \u0111\u01b0\u1ee3c shop ph\u1ea3n h\u1ed3i nhanh nh\u1ea5t, c\u00e1c b\u1ea1n vui l\u00f2ng b\u1ea5m v\u00e0o n\u00fat \u201cnh\u1eafn tin qua instagram\u201d \u1edf d\u01b0\u1edbi ch\u1eef \u201cmua ngay\u201d nh\u00e9.<\/strong><\/p>\n","protected":false},"excerpt":{"rendered":"<p>B\u00f4ng tai \u0111\u01b0\u1ee3c l\u00e0m th\u1ee7 c\u00f4ng m\u1ed9t c\u00e1ch t\u1ec9 m\u1ec9 v\u1edbi \u0111\u00e1 tourmaline 4ly b\u1ecdc n\u1eeda v\u1ea7ng tr\u0103ng v\u1edbi ba m\u00e0u h\u1ed3ng, xanh l\u00e1, tr\u1eafng, \u0111i\u1ec3m th\u00eam 1 vi\u00ean ng\u1ecdc trai cam pastel \u1edf gi\u1eefa. Chi\u1ec1u d\u00e0i b\u00f4ng tai : 5cm. Chi\u1ec1u d\u00e0i + Chi\u1ec1u R\u1ed9ng v\u1ea7ng tr\u0103ng : 2cm x 2,5cm. C\u00e1c b\u1ea1n c\u00f3 th\u1ec3 li\u00ean h\u1ec7 tr\u01b0\u1edbc v\u1edbi shop \u0111\u1ec3 \u0111\u01b0\u1ee3c t\u01b0 v\u1ea5n k\u0129 l\u01b0\u1ee1ng tr\u01b0\u1edbc khi \u0111\u1eb7t mua. L\u01b0u \u00fd: \u0110\u1ed1i v\u1edbi lo\u1ea1i s\u1ea3n ph\u1ea9m n\u00e0y c\u00e1c b\u1ea1n \u0111eo h\u1ea1n ch\u1ebf \u0111\u1ec3 \u0111\u1ee5ng n\u01b0\u1edbc, m\u1ed3 h\u00f4i v\u00e0 ho\u00e1 ch\u1ea5t v\u00ec d\u00e2y x\u1ecf \u0111\u00e1 l\u00e0 d\u00e2y k\u1ebdm m\u1ea1 v\u00e0ng d\u00f9ng \u0111\u1ec3 qu\u1ea5n d\u1ebbo. P.s: \u0110\u1ec3 \u0111\u01b0\u1ee3c shop ph\u1ea3n h\u1ed3i nhanh nh\u1ea5t, c\u00e1c b\u1ea1n vui l\u00f2ng b\u1ea5m v\u00e0o n\u00fat \u201cnh\u1eafn tin qua instagram\u201d \u1edf d\u01b0\u1edbi ch\u1eef \u201cmua ngay\u201d nh\u00e9.<\/p>\n","protected":false},"featured_media":21596,"comment_status":"open","ping_status":"closed","template":"","meta":[],"product_brand":[],"product_cat":[288],"product_tag":[388,424,339],"class_list":{"0":"post-21592","1":"product","2":"type-product","3":"status-publish","4":"has-post-thumbnail","6":"product_cat-bong-tai","7":"product_tag-bongtai","8":"product_tag-ngoctrai","9":"product_tag-tourmaline","10":"pa_color-da-sac","11":"pa_loai-da-tourmaline","12":"pa_loai-da-ngoc-trai","13":"pa_size-4-ly","14":"pa_size-8-ly","16":"first","17":"instock","18":"shipping-taxable","19":"purchasable","20":"product-type-simple"},"_links":{"self":[{"href":"https:\/\/www.erialshop.com\/index.php\/wp-json\/wp\/v2\/product\/21592","targetHints":{"allow":["GET"]}}],"collection":[{"href":"https:\/\/www.erialshop.com\/index.php\/wp-json\/wp\/v2\/product"}],"about":[{"href":"https:\/\/www.erialshop.com\/index.php\/wp-json\/wp\/v2\/types\/product"}],"replies":[{"embeddable":true,"href":"https:\/\/www.erialshop.com\/index.php\/wp-json\/wp\/v2\/comments?post=21592"}],"version-history":[{"count":0,"href":"https:\/\/www.erialshop.com\/index.php\/wp-json\/wp\/v2\/product\/21592\/revisions"}],"wp:featuredmedia":[{"embeddable":true,"href":"https:\/\/www.erialshop.com\/index.php\/wp-json\/wp\/v2\/media\/21596"}],"wp:attachment":[{"href":"https:\/\/www.erialshop.com\/index.php\/wp-json\/wp\/v2\/media?parent=21592"}],"wp:term":[{"taxonomy":"product_brand","embeddable":true,"href":"https:\/\/www.erialshop.com\/index.php\/wp-json\/wp\/v2\/product_brand?post=21592"},{"taxonomy":"product_cat","embeddable":true,"href":"https:\/\/www.erialshop.com\/index.php\/wp-json\/wp\/v2\/product_cat?post=21592"},{"taxonomy":"product_tag","embeddable":true,"href":"https:\/\/www.erialshop.com\/index.php\/wp-json\/wp\/v2\/product_tag?post=21592"}],"curies":[{"name":"wp","href":"https:\/\/api.w.org\/{rel}","templated":true}]}}