{"id":21565,"date":"2023-03-20T20:38:09","date_gmt":"2023-03-20T13:38:09","guid":{"rendered":"https:\/\/erialshop.com\/?post_type=product&#038;p=21565"},"modified":"2023-11-24T14:49:19","modified_gmt":"2023-11-24T07:49:19","slug":"mixed-moonstone","status":"publish","type":"product","link":"https:\/\/www.erialshop.com\/index.php\/product\/mixed-moonstone\/","title":{"rendered":"Mixed Moonstone"},"content":{"rendered":"<p><strong>V\u00f2ng tay \u0111\u00e1 m\u1eb7t tr\u0103ng h\u1ea1t tr\u00f2n size 4ly mix \u0111\u00e1 c\u00f9ng lo\u1ea1i \u1edf d\u1ea1ng v\u1ee5n m\u00e0u tr\u1eafng \u0111\u1ee5c v\u00e0 m\u1ed9t s\u1ed1 chi ti\u1ebft m\u1ea1 v\u00e0ng.<\/strong><\/p>\n<p>M\u1eabu v\u00f2ng n\u1eef t\u00ednh, ph\u1ea7n \u0111\u00e1 m\u1eb7t tr\u0103ng h\u1ea1t tr\u00f2n ch\u1ea5t l\u01b0\u1ee3ng cao, trong v\u1eaft. Shop c\u00f3 s\u1eb5n chi\u1ebfc y h\u00ecnh 16.5cm ho\u1eb7c c\u00e1c b\u1ea1n c\u00f3 th\u1ec3 li\u00ean h\u1ec7 v\u1edbi shop \u0111\u1ec3 \u0111\u01b0\u1ee3c t\u01b0 v\u1ea5n k\u1ef9 tr\u01b0\u1edbc khi \u0111\u1eb7t mua.<\/p>\n<p><strong>P.s: \u0110\u1ec3 \u0111\u01b0\u1ee3c shop ph\u1ea3n h\u1ed3i nhanh nh\u1ea5t, c\u00e1c b\u1ea1n vui l\u00f2ng b\u1ea5m v\u00e0o n\u00fat \u201cnh\u1eafn tin qua instagram\u201d \u1edf d\u01b0\u1edbi ch\u1eef \u201cmua ngay\u201d nh\u00e9.<\/strong><\/p>\n","protected":false},"excerpt":{"rendered":"<p>V\u00f2ng tay \u0111\u00e1 m\u1eb7t tr\u0103ng h\u1ea1t tr\u00f2n size 4ly mix \u0111\u00e1 c\u00f9ng lo\u1ea1i \u1edf d\u1ea1ng v\u1ee5n m\u00e0u tr\u1eafng \u0111\u1ee5c v\u00e0 m\u1ed9t s\u1ed1 chi ti\u1ebft m\u1ea1 v\u00e0ng. M\u1eabu v\u00f2ng n\u1eef t\u00ednh, ph\u1ea7n \u0111\u00e1 m\u1eb7t tr\u0103ng h\u1ea1t tr\u00f2n ch\u1ea5t l\u01b0\u1ee3ng cao, trong v\u1eaft. Shop c\u00f3 s\u1eb5n chi\u1ebfc y h\u00ecnh 16.5cm ho\u1eb7c c\u00e1c b\u1ea1n c\u00f3 th\u1ec3 li\u00ean h\u1ec7 v\u1edbi shop \u0111\u1ec3 \u0111\u01b0\u1ee3c t\u01b0 v\u1ea5n k\u1ef9 tr\u01b0\u1edbc khi \u0111\u1eb7t mua. P.s: \u0110\u1ec3 \u0111\u01b0\u1ee3c shop ph\u1ea3n h\u1ed3i nhanh nh\u1ea5t, c\u00e1c b\u1ea1n vui l\u00f2ng b\u1ea5m v\u00e0o n\u00fat \u201cnh\u1eafn tin qua instagram\u201d \u1edf d\u01b0\u1edbi ch\u1eef \u201cmua ngay\u201d nh\u00e9.<\/p>\n","protected":false},"featured_media":21567,"comment_status":"open","ping_status":"closed","template":"","meta":[],"product_brand":[],"product_cat":[284],"product_tag":[349,419,338],"class_list":{"0":"post-21565","1":"product","2":"type-product","3":"status-publish","4":"has-post-thumbnail","6":"product_cat-vong-tay","7":"product_tag-damattrang","8":"product_tag-moonston","9":"product_tag-vongtay","10":"pa_color-white","11":"pa_fate-kim","12":"pa_fate-thuy","13":"pa_loai-da-moonstone","14":"pa_size-4-ly","15":"pa_size-vun","16":"pa_style-mixed","18":"first","19":"instock","20":"shipping-taxable","21":"purchasable","22":"product-type-simple"},"_links":{"self":[{"href":"https:\/\/www.erialshop.com\/index.php\/wp-json\/wp\/v2\/product\/21565","targetHints":{"allow":["GET"]}}],"collection":[{"href":"https:\/\/www.erialshop.com\/index.php\/wp-json\/wp\/v2\/product"}],"about":[{"href":"https:\/\/www.erialshop.com\/index.php\/wp-json\/wp\/v2\/types\/product"}],"replies":[{"embeddable":true,"href":"https:\/\/www.erialshop.com\/index.php\/wp-json\/wp\/v2\/comments?post=21565"}],"version-history":[{"count":0,"href":"https:\/\/www.erialshop.com\/index.php\/wp-json\/wp\/v2\/product\/21565\/revisions"}],"wp:featuredmedia":[{"embeddable":true,"href":"https:\/\/www.erialshop.com\/index.php\/wp-json\/wp\/v2\/media\/21567"}],"wp:attachment":[{"href":"https:\/\/www.erialshop.com\/index.php\/wp-json\/wp\/v2\/media?parent=21565"}],"wp:term":[{"taxonomy":"product_brand","embeddable":true,"href":"https:\/\/www.erialshop.com\/index.php\/wp-json\/wp\/v2\/product_brand?post=21565"},{"taxonomy":"product_cat","embeddable":true,"href":"https:\/\/www.erialshop.com\/index.php\/wp-json\/wp\/v2\/product_cat?post=21565"},{"taxonomy":"product_tag","embeddable":true,"href":"https:\/\/www.erialshop.com\/index.php\/wp-json\/wp\/v2\/product_tag?post=21565"}],"curies":[{"name":"wp","href":"https:\/\/api.w.org\/{rel}","templated":true}]}}