{"id":21459,"date":"2023-07-14T22:44:13","date_gmt":"2023-07-14T15:44:13","guid":{"rendered":"https:\/\/erialshop.com\/?post_type=product&#038;p=21459"},"modified":"2024-08-02T14:30:11","modified_gmt":"2024-08-02T07:30:11","slug":"emerald-2ly","status":"publish","type":"product","link":"https:\/\/www.erialshop.com\/index.php\/product\/emerald-2ly\/","title":{"rendered":"Emerald 2ly"},"content":{"rendered":"<p><strong>V\u00f2ng tay \u0111\u00e1 emerald xanh l\u1ee5c h\u1ea1t b\u00e1nh xe size 2ly \u0111\u01b0\u1ee3c \u0111an \u0111\u00f4i \u0111\u1ea7y \u0111\u1eb7n ph\u1ed1i c\u00f9ng bi v\u00e0 kho\u00e1 m\u1ea1 v\u00e0ng.<\/strong><\/p>\n<p>M\u1eabu d\u00e2y n\u1eef t\u00ednh, m\u00e0u xanh d\u1ecbu d\u00e0ng. Shop c\u00f3 s\u1eb5n chi\u1ebfc tr\u00ean h\u00ecnh d\u00e0i 15cm ( v\u1eeba c\u1ed5 tay 14cm) nh\u00e9.<\/p>\n<p>Size \u0111\u00e1 h\u00ecnh b\u00e1nh xe: 1.2ly* 2ly. C\u00e1c b\u1ea1n c\u00f3 th\u1ec3 li\u00ean h\u1ec7 tr\u01b0\u1edbc v\u1edbi shop \u0111\u1ec3 \u0111\u01b0\u1ee3c t\u01b0 v\u1ea5n k\u0129 l\u01b0\u1ee1ng tr\u01b0\u1edbc khi \u0111\u1eb7t mua.<\/p>\n<p><strong>P.s: \u0110\u1ec3 \u0111\u01b0\u1ee3c shop ph\u1ea3n h\u1ed3i nhanh nh\u1ea5t, c\u00e1c b\u1ea1n vui l\u00f2ng b\u1ea5m v\u00e0o n\u00fat \u201cnh\u1eafn tin qua instagram\u201d \u1edf d\u01b0\u1edbi ch\u1eef \u201cmua ngay\u201d nh\u00e9.<\/strong><\/p>\n","protected":false},"excerpt":{"rendered":"<p>V\u00f2ng tay \u0111\u00e1 emerald xanh l\u1ee5c h\u1ea1t b\u00e1nh xe size 2ly \u0111\u01b0\u1ee3c \u0111an \u0111\u00f4i \u0111\u1ea7y \u0111\u1eb7n ph\u1ed1i c\u00f9ng bi v\u00e0 kho\u00e1 m\u1ea1 v\u00e0ng. M\u1eabu d\u00e2y n\u1eef t\u00ednh, m\u00e0u xanh d\u1ecbu d\u00e0ng. Shop c\u00f3 s\u1eb5n chi\u1ebfc tr\u00ean h\u00ecnh d\u00e0i 15cm ( v\u1eeba c\u1ed5 tay 14cm) nh\u00e9. Size \u0111\u00e1 h\u00ecnh b\u00e1nh xe: 1.2ly* 2ly. C\u00e1c b\u1ea1n c\u00f3 th\u1ec3 li\u00ean h\u1ec7 tr\u01b0\u1edbc v\u1edbi shop \u0111\u1ec3 \u0111\u01b0\u1ee3c t\u01b0 v\u1ea5n k\u0129 l\u01b0\u1ee1ng tr\u01b0\u1edbc khi \u0111\u1eb7t mua. P.s: \u0110\u1ec3 \u0111\u01b0\u1ee3c shop ph\u1ea3n h\u1ed3i nhanh nh\u1ea5t, c\u00e1c b\u1ea1n vui l\u00f2ng b\u1ea5m v\u00e0o n\u00fat \u201cnh\u1eafn tin qua instagram\u201d \u1edf d\u01b0\u1edbi ch\u1eef \u201cmua ngay\u201d nh\u00e9.<\/p>\n","protected":false},"featured_media":21461,"comment_status":"open","ping_status":"closed","template":"","meta":[],"product_brand":[],"product_cat":[284],"product_tag":[406,407,338,408],"class_list":{"0":"post-21459","1":"product","2":"type-product","3":"status-publish","4":"has-post-thumbnail","6":"product_cat-vong-tay","7":"product_tag-emerald","8":"product_tag-ngoclucbao","9":"product_tag-vongtay","10":"product_tag-xanhla","11":"pa_color-green","12":"pa_fate-moc","13":"pa_fate-hoa","14":"pa_loai-da-emerald","15":"pa_size-2-ly","16":"pa_style-dieu-da","18":"first","19":"instock","20":"shipping-taxable","21":"purchasable","22":"product-type-simple"},"_links":{"self":[{"href":"https:\/\/www.erialshop.com\/index.php\/wp-json\/wp\/v2\/product\/21459","targetHints":{"allow":["GET"]}}],"collection":[{"href":"https:\/\/www.erialshop.com\/index.php\/wp-json\/wp\/v2\/product"}],"about":[{"href":"https:\/\/www.erialshop.com\/index.php\/wp-json\/wp\/v2\/types\/product"}],"replies":[{"embeddable":true,"href":"https:\/\/www.erialshop.com\/index.php\/wp-json\/wp\/v2\/comments?post=21459"}],"version-history":[{"count":0,"href":"https:\/\/www.erialshop.com\/index.php\/wp-json\/wp\/v2\/product\/21459\/revisions"}],"wp:featuredmedia":[{"embeddable":true,"href":"https:\/\/www.erialshop.com\/index.php\/wp-json\/wp\/v2\/media\/21461"}],"wp:attachment":[{"href":"https:\/\/www.erialshop.com\/index.php\/wp-json\/wp\/v2\/media?parent=21459"}],"wp:term":[{"taxonomy":"product_brand","embeddable":true,"href":"https:\/\/www.erialshop.com\/index.php\/wp-json\/wp\/v2\/product_brand?post=21459"},{"taxonomy":"product_cat","embeddable":true,"href":"https:\/\/www.erialshop.com\/index.php\/wp-json\/wp\/v2\/product_cat?post=21459"},{"taxonomy":"product_tag","embeddable":true,"href":"https:\/\/www.erialshop.com\/index.php\/wp-json\/wp\/v2\/product_tag?post=21459"}],"curies":[{"name":"wp","href":"https:\/\/api.w.org\/{rel}","templated":true}]}}