{"id":21378,"date":"2023-03-09T23:09:57","date_gmt":"2023-03-09T16:09:57","guid":{"rendered":"https:\/\/erialshop.com\/?post_type=product&#038;p=21378"},"modified":"2024-08-06T18:23:58","modified_gmt":"2024-08-06T11:23:58","slug":"herkimer-dan-doi-2-4ly","status":"publish","type":"product","link":"https:\/\/www.erialshop.com\/index.php\/product\/herkimer-dan-doi-2-4ly\/","title":{"rendered":"Herkimer 2ly"},"content":{"rendered":"<p><strong>V\u00f2ng tay \u0111\u00e1 herkimer tr\u1eafng \u0111\u01b0\u1ee3c \u0111an \u0111\u00f4i \u0111\u1ea7y \u0111\u1eb7n ph\u1ed1i c\u00f9ng bi v\u00e0 kho\u00e1 m\u1ea1 v\u00e0ng.<\/strong><\/p>\n<p>M\u1eabu d\u00e2y n\u1eef t\u00ednh, d\u1ecbu d\u00e0ng v\u1edbi h\u1ea1t \u0111\u00e1 size 2x4ly. Shop c\u00f3 s\u1eb5n chi\u1ebfc tr\u00ean h\u00ecnh d\u00e0i 15.5cm( v\u1eeba c\u1ed5 tay 14cm).<\/p>\n<p>C\u00e1c b\u1ea1n c\u00f3 th\u1ec3 li\u00ean h\u1ec7 tr\u01b0\u1edbc v\u1edbi shop \u0111\u1ec3 \u0111\u01b0\u1ee3c t\u01b0 v\u1ea5n k\u0129 l\u01b0\u1ee1ng tr\u01b0\u1edbc khi \u0111\u1eb7t mua.<\/p>\n<p><strong>P.s: \u0110\u1ec3 \u0111\u01b0\u1ee3c shop ph\u1ea3n h\u1ed3i nhanh nh\u1ea5t, c\u00e1c b\u1ea1n vui l\u00f2ng b\u1ea5m v\u00e0o n\u00fat \u201cnh\u1eafn tin qua instagram\u201d \u1edf d\u01b0\u1edbi ch\u1eef \u201cmua ngay\u201d nh\u00e9.<\/strong><\/p>\n<p>&nbsp;<\/p>\n","protected":false},"excerpt":{"rendered":"<p>V\u00f2ng tay \u0111\u00e1 herkimer tr\u1eafng \u0111\u01b0\u1ee3c \u0111an \u0111\u00f4i \u0111\u1ea7y \u0111\u1eb7n ph\u1ed1i c\u00f9ng bi v\u00e0 kho\u00e1 m\u1ea1 v\u00e0ng. M\u1eabu d\u00e2y n\u1eef t\u00ednh, d\u1ecbu d\u00e0ng v\u1edbi h\u1ea1t \u0111\u00e1 size 2x4ly. Shop c\u00f3 s\u1eb5n chi\u1ebfc tr\u00ean h\u00ecnh d\u00e0i 15.5cm( v\u1eeba c\u1ed5 tay 14cm). C\u00e1c b\u1ea1n c\u00f3 th\u1ec3 li\u00ean h\u1ec7 tr\u01b0\u1edbc v\u1edbi shop \u0111\u1ec3 \u0111\u01b0\u1ee3c t\u01b0 v\u1ea5n k\u0129 l\u01b0\u1ee1ng tr\u01b0\u1edbc khi \u0111\u1eb7t mua. P.s: \u0110\u1ec3 \u0111\u01b0\u1ee3c shop ph\u1ea3n h\u1ed3i nhanh nh\u1ea5t, c\u00e1c b\u1ea1n vui l\u00f2ng b\u1ea5m v\u00e0o n\u00fat \u201cnh\u1eafn tin qua instagram\u201d \u1edf d\u01b0\u1edbi ch\u1eef \u201cmua ngay\u201d nh\u00e9. &nbsp;<\/p>\n","protected":false},"featured_media":21380,"comment_status":"open","ping_status":"closed","template":"","meta":[],"product_brand":[],"product_cat":[284],"product_tag":[397,398,338],"class_list":{"0":"post-21378","1":"product","2":"type-product","3":"status-publish","4":"has-post-thumbnail","6":"product_cat-vong-tay","7":"product_tag-dandoi","8":"product_tag-herkimer","9":"product_tag-vongtay","10":"pa_color-white","11":"pa_fate-kim","12":"pa_fate-thuy","13":"pa_loai-da-herkimer","14":"pa_size-2-ly","15":"pa_style-dieu-da","17":"first","18":"instock","19":"shipping-taxable","20":"purchasable","21":"product-type-simple"},"_links":{"self":[{"href":"https:\/\/www.erialshop.com\/index.php\/wp-json\/wp\/v2\/product\/21378","targetHints":{"allow":["GET"]}}],"collection":[{"href":"https:\/\/www.erialshop.com\/index.php\/wp-json\/wp\/v2\/product"}],"about":[{"href":"https:\/\/www.erialshop.com\/index.php\/wp-json\/wp\/v2\/types\/product"}],"replies":[{"embeddable":true,"href":"https:\/\/www.erialshop.com\/index.php\/wp-json\/wp\/v2\/comments?post=21378"}],"version-history":[{"count":0,"href":"https:\/\/www.erialshop.com\/index.php\/wp-json\/wp\/v2\/product\/21378\/revisions"}],"wp:featuredmedia":[{"embeddable":true,"href":"https:\/\/www.erialshop.com\/index.php\/wp-json\/wp\/v2\/media\/21380"}],"wp:attachment":[{"href":"https:\/\/www.erialshop.com\/index.php\/wp-json\/wp\/v2\/media?parent=21378"}],"wp:term":[{"taxonomy":"product_brand","embeddable":true,"href":"https:\/\/www.erialshop.com\/index.php\/wp-json\/wp\/v2\/product_brand?post=21378"},{"taxonomy":"product_cat","embeddable":true,"href":"https:\/\/www.erialshop.com\/index.php\/wp-json\/wp\/v2\/product_cat?post=21378"},{"taxonomy":"product_tag","embeddable":true,"href":"https:\/\/www.erialshop.com\/index.php\/wp-json\/wp\/v2\/product_tag?post=21378"}],"curies":[{"name":"wp","href":"https:\/\/api.w.org\/{rel}","templated":true}]}}