{"id":21218,"date":"2023-02-11T00:13:20","date_gmt":"2023-02-10T17:13:20","guid":{"rendered":"https:\/\/erialshop.com\/?post_type=product&#038;p=21218"},"modified":"2023-09-05T13:31:55","modified_gmt":"2023-09-05T06:31:55","slug":"obsidian-6ly","status":"publish","type":"product","link":"https:\/\/www.erialshop.com\/index.php\/product\/obsidian-6ly\/","title":{"rendered":"Obsidian 6ly"},"content":{"rendered":"<p><strong>V\u00f2ng tay v\u1edbi \u0111\u00e1 obisidian m\u00e0u \u0111en tuy\u1ec1n vi\u00ean tr\u00f2n 6ly x\u1ecf thun \u0111\u01a1n gi\u1ea3n.<\/strong><\/p>\n<p>\u0110\u00e1 m\u00e0u \u0111en v\u1ec1 m\u1eb7t ch\u1eefa l\u00e0nh th\u01b0\u1eddng c\u00f3 c\u00f4ng d\u1ee5ng nh\u01b0 m\u1ed9t vi\u00ean \u0111\u00e1 b\u1ea3o v\u1ec7, c\u00e1c b\u1ea1n \u0111eo tay tr\u00e1i, l\u00e0 tay nh\u1eadn n\u0103ng l\u01b0\u1ee3ng.<\/p>\n<p>Shop c\u00f3 s\u1eb5n chi\u1ebfc y h\u00ecnh v\u1eeba cho c\u1ed5 tay 14-14.5cm ho\u1eb7c shop l\u00e0m ri\u00eang theo tay nh\u00e9. C\u00e1c b\u1ea1n c\u00f3 th\u1ec3 li\u00ean h\u1ec7 tr\u01b0\u1edbc v\u1edbi shop \u0111\u1ec3 \u0111\u01b0\u1ee3c t\u01b0 v\u1ea5n k\u0129 l\u01b0\u1ee1ng tr\u01b0\u1edbc khi \u0111\u1eb7t mua.<\/p>\n<p><strong>P.s: \u0110\u1ec3 \u0111\u01b0\u1ee3c shop ph\u1ea3n h\u1ed3i nhanh nh\u1ea5t<\/strong><strong>, c\u00e1c b\u1ea1n vui l\u00f2ng b\u1ea5m v\u00e0o n\u00fat \u201cnh\u1eafn tin qua instagram\u201d \u1edf d\u01b0\u1edbi ch\u1eef \u201cmua ngay\u201d nh\u00e9.\u00a0<\/strong><\/p>\n","protected":false},"excerpt":{"rendered":"<p>V\u00f2ng tay v\u1edbi \u0111\u00e1 obisidian m\u00e0u \u0111en tuy\u1ec1n vi\u00ean tr\u00f2n 6ly x\u1ecf thun \u0111\u01a1n gi\u1ea3n. \u0110\u00e1 m\u00e0u \u0111en v\u1ec1 m\u1eb7t ch\u1eefa l\u00e0nh th\u01b0\u1eddng c\u00f3 c\u00f4ng d\u1ee5ng nh\u01b0 m\u1ed9t vi\u00ean \u0111\u00e1 b\u1ea3o v\u1ec7, c\u00e1c b\u1ea1n \u0111eo tay tr\u00e1i, l\u00e0 tay nh\u1eadn n\u0103ng l\u01b0\u1ee3ng. Shop c\u00f3 s\u1eb5n chi\u1ebfc y h\u00ecnh v\u1eeba cho c\u1ed5 tay 14-14.5cm ho\u1eb7c shop l\u00e0m ri\u00eang theo tay nh\u00e9. C\u00e1c b\u1ea1n c\u00f3 th\u1ec3 li\u00ean h\u1ec7 tr\u01b0\u1edbc v\u1edbi shop \u0111\u1ec3 \u0111\u01b0\u1ee3c t\u01b0 v\u1ea5n k\u0129 l\u01b0\u1ee1ng tr\u01b0\u1edbc khi \u0111\u1eb7t mua. P.s: \u0110\u1ec3 \u0111\u01b0\u1ee3c shop ph\u1ea3n h\u1ed3i nhanh nh\u1ea5t, c\u00e1c b\u1ea1n vui l\u00f2ng b\u1ea5m v\u00e0o n\u00fat \u201cnh\u1eafn tin qua instagram\u201d \u1edf d\u01b0\u1edbi ch\u1eef \u201cmua ngay\u201d nh\u00e9.\u00a0<\/p>\n","protected":false},"featured_media":21219,"comment_status":"open","ping_status":"closed","template":"","meta":[],"product_brand":[],"product_cat":[284],"product_tag":[369,368,338],"class_list":{"0":"post-21218","1":"product","2":"type-product","3":"status-publish","4":"has-post-thumbnail","6":"product_cat-vong-tay","7":"product_tag-den","8":"product_tag-obsidian","9":"product_tag-vongtay","10":"pa_color-black","11":"pa_fate-moc","12":"pa_fate-thuy","13":"pa_loai-da-obsidian","14":"pa_size-6-ly","15":"pa_size-hat-tron","16":"pa_style-tron","18":"first","19":"instock","20":"sale","21":"shipping-taxable","22":"purchasable","23":"product-type-simple"},"_links":{"self":[{"href":"https:\/\/www.erialshop.com\/index.php\/wp-json\/wp\/v2\/product\/21218","targetHints":{"allow":["GET"]}}],"collection":[{"href":"https:\/\/www.erialshop.com\/index.php\/wp-json\/wp\/v2\/product"}],"about":[{"href":"https:\/\/www.erialshop.com\/index.php\/wp-json\/wp\/v2\/types\/product"}],"replies":[{"embeddable":true,"href":"https:\/\/www.erialshop.com\/index.php\/wp-json\/wp\/v2\/comments?post=21218"}],"version-history":[{"count":0,"href":"https:\/\/www.erialshop.com\/index.php\/wp-json\/wp\/v2\/product\/21218\/revisions"}],"wp:featuredmedia":[{"embeddable":true,"href":"https:\/\/www.erialshop.com\/index.php\/wp-json\/wp\/v2\/media\/21219"}],"wp:attachment":[{"href":"https:\/\/www.erialshop.com\/index.php\/wp-json\/wp\/v2\/media?parent=21218"}],"wp:term":[{"taxonomy":"product_brand","embeddable":true,"href":"https:\/\/www.erialshop.com\/index.php\/wp-json\/wp\/v2\/product_brand?post=21218"},{"taxonomy":"product_cat","embeddable":true,"href":"https:\/\/www.erialshop.com\/index.php\/wp-json\/wp\/v2\/product_cat?post=21218"},{"taxonomy":"product_tag","embeddable":true,"href":"https:\/\/www.erialshop.com\/index.php\/wp-json\/wp\/v2\/product_tag?post=21218"}],"curies":[{"name":"wp","href":"https:\/\/api.w.org\/{rel}","templated":true}]}}